{"id":2269,"date":"2024-01-17T11:39:28","date_gmt":"2024-01-17T11:39:28","guid":{"rendered":"https:\/\/wpayo.com\/fr\/?post_type=product&#038;p=2269"},"modified":"2024-01-17T11:39:29","modified_gmt":"2024-01-17T11:39:29","slug":"payu-payment-gateway-events-manager-pro","status":"publish","type":"product","link":"https:\/\/wpayo.com\/fr\/paiement-gateway\/payu-payment-gateway-events-manager-pro\/","title":{"rendered":"Payu Payment Gateway &#8211; Events Manager Pro"},"content":{"rendered":"<p>La passerelle de paiement PayU pour Events Manager Pro est un choix populaire pour les organisateurs d&rsquo;\u00e9v\u00e9nements qui souhaitent offrir une exp\u00e9rience de paiement fluide et s\u00e9curis\u00e9e \u00e0 leurs participants. Avec PayU, les organisateurs d&rsquo;\u00e9v\u00e9nements peuvent facilement int\u00e9grer une passerelle de paiement dans leur plateforme Events Manager Pro, permettant aux participants de r\u00e9aliser des paiements en ligne pour les billets, les inscriptions et d&rsquo;autres achats li\u00e9s \u00e0 l&rsquo;\u00e9v\u00e9nement. PayU propose une large gamme d&rsquo;options de paiement, y compris les cartes de cr\u00e9dit, les cartes de d\u00e9bit et la banque en ligne, r\u00e9pondant aux besoins diversifi\u00e9s des participants.<\/p>\n<p>Le processus d&rsquo;int\u00e9gration est simple, avec des instructions \u00e9tape par \u00e9tape fournies par PayU, et leurs mesures de s\u00e9curit\u00e9 robustes garantissent que les informations sensibles de paiement sont prot\u00e9g\u00e9es. Dans l&rsquo;ensemble, la passerelle de paiement PayU pour Events Manager Pro simplifie le processus de paiement, am\u00e9liore l&rsquo;exp\u00e9rience des participants et offre aux organisateurs d&rsquo;\u00e9v\u00e9nements une solution de paiement fiable et efficace.<\/p>\n<p>\u00c9levez la gestion de vos \u00e9v\u00e9nements avec la passerelle de paiement PayU pour Events Manager Pro. Cette extension essentielle int\u00e8gre de mani\u00e8re transparente PayU, une passerelle de paiement fiable et polyvalente, dans votre processus d&rsquo;inscription et de paiement d&rsquo;\u00e9v\u00e9nements, facilitant l&rsquo;inscription des utilisateurs et les paiements s\u00e9curis\u00e9s.<\/p>\n<p><strong>Pourquoi choisir la <a href=\"https:\/\/wpayo.com\/fr\/wpayo-vs-autres-passerelles-de-paiement\/\">passerelle de paiement<\/a> PayU pour Events Manager Pro : <\/strong><\/p>\n<ul>\n<li><strong>Inscription aux \u00e9v\u00e9nements sans effort :<\/strong> Simplifiez le processus d&rsquo;inscription et de paiement pour les \u00e9v\u00e9nements, garantissant une exp\u00e9rience fluide et conviviale pour vos utilisateurs.<\/li>\n<li><strong>S\u00e9curit\u00e9 avanc\u00e9e :<\/strong> Faites confiance aux fonctionnalit\u00e9s de s\u00e9curit\u00e9 de pointe de PayU pour prot\u00e9ger toutes les transactions, assurant la confidentialit\u00e9 des donn\u00e9es sensibles des utilisateurs.<\/li>\n<li><strong>Versatilit\u00e9 des paiements :<\/strong> Acceptez une vari\u00e9t\u00e9 de m\u00e9thodes de paiement, des cartes de d\u00e9bit\/cr\u00e9dit aux portefeuilles num\u00e9riques, pour r\u00e9pondre \u00e0 une base d&rsquo;utilisateurs diversifi\u00e9e.<\/li>\n<li><strong>Gestion d&rsquo;\u00e9v\u00e9nements mondiale :<\/strong> \u00c9largissez votre port\u00e9e \u00e0 l&rsquo;\u00e9chelle internationale en acceptant des paiements dans plusieurs devises, facilitant la vie des utilisateurs du monde entier.<\/li>\n<li><strong>Analytiques compl\u00e8tes :<\/strong> Restez organis\u00e9 et prenez des d\u00e9cisions \u00e9clair\u00e9es gr\u00e2ce \u00e0 des fonctionnalit\u00e9s de reporting d\u00e9taill\u00e9es qui vous aident \u00e0 suivre les inscriptions et les revenus de vos \u00e9v\u00e9nements.<\/li>\n<\/ul>\n<p><strong>Rencontrez PayU :<\/strong> PayU est un fournisseur respect\u00e9 de passerelles de paiement, connu pour sa fiabilit\u00e9 et son adaptabilit\u00e9. Leur plateforme est con\u00e7ue pour offrir une exp\u00e9rience de paiement s\u00e9curis\u00e9e et fluide aux organisateurs d&rsquo;\u00e9v\u00e9nements et aux utilisateurs.<\/p>\n<p><strong>Comment commencer :<\/strong> Pour commencer \u00e0 utiliser la passerelle de paiement PayU pour Events Manager Pro, suivez ces \u00e9tapes :<\/p>\n<ol>\n<li><strong><a href=\"https:\/\/www.payu.com\/\" target=\"_new\" rel=\"noopener\">Inscrivez-vous pour un compte PayU<\/a><\/strong> : Commencez par cr\u00e9er un compte PayU pour acc\u00e9der \u00e0 leurs puissants services de passerelle de paiement.<\/li>\n<li><strong>Configuration<\/strong> : Configurez et mettez en place l&rsquo;extension pour int\u00e9grer PayU dans votre syst\u00e8me Events Manager Pro de mani\u00e8re transparente.<\/li>\n<\/ol>\n<p>Ne manquez pas l&rsquo;opportunit\u00e9 d&rsquo;am\u00e9liorer la gestion de vos \u00e9v\u00e9nements. Propulsez le processus de paiement, inspirez la confiance des utilisateurs et augmentez le succ\u00e8s de votre plateforme d&rsquo;\u00e9v\u00e9nements. Lancez-vous d\u00e8s maintenant et d\u00e9couvrez les avantages d&rsquo;une gestion d&rsquo;\u00e9v\u00e9nements en ligne sans tracas.<\/p>\n<p>Pr\u00eat \u00e0 \u00e9lever la gestion de vos \u00e9v\u00e9nements ? T\u00e9l\u00e9chargez la passerelle de paiement PayU pour Events Manager Pro et commencez \u00e0 accepter les paiements en toute confiance.<\/p>\n<div class=\"cl-preview-section\">\n<h4 id=\"disclaimer\">Avis de non-responsabilit\u00e9<\/h4>\n<\/div>\n<div class=\"cl-preview-section\">\n<p>Toutes les transactions sont trait\u00e9es en toute s\u00e9curit\u00e9 sur la plateforme PayU, garantissant les plus hauts niveaux de s\u00e9curit\u00e9 et de conformit\u00e9.<\/p>\n<\/div>\n","protected":false},"excerpt":{"rendered":"<p>Integrate\u00a0 Payu Gateway for Events Manager Pro<\/p>\n","protected":false},"featured_media":2270,"comment_status":"open","ping_status":"closed","template":"","meta":{"_acf_changed":false},"product_cat":[116],"product_tag":[211,157],"class_list":{"0":"post-2269","1":"product","2":"type-product","3":"status-publish","4":"has-post-thumbnail","6":"product_cat-events-manager-pro","7":"product_tag-payu-india","8":"product_tag-payu","10":"first","11":"instock","12":"shipping-taxable","13":"purchasable","14":"product-type-simple"},"acf":[],"_links":{"self":[{"href":"https:\/\/wpayo.com\/fr\/wp-json\/wp\/v2\/product\/2269","targetHints":{"allow":["GET"]}}],"collection":[{"href":"https:\/\/wpayo.com\/fr\/wp-json\/wp\/v2\/product"}],"about":[{"href":"https:\/\/wpayo.com\/fr\/wp-json\/wp\/v2\/types\/product"}],"replies":[{"embeddable":true,"href":"https:\/\/wpayo.com\/fr\/wp-json\/wp\/v2\/comments?post=2269"}],"wp:featuredmedia":[{"embeddable":true,"href":"https:\/\/wpayo.com\/fr\/wp-json\/wp\/v2\/media\/2270"}],"wp:attachment":[{"href":"https:\/\/wpayo.com\/fr\/wp-json\/wp\/v2\/media?parent=2269"}],"wp:term":[{"taxonomy":"product_cat","embeddable":true,"href":"https:\/\/wpayo.com\/fr\/wp-json\/wp\/v2\/product_cat?post=2269"},{"taxonomy":"product_tag","embeddable":true,"href":"https:\/\/wpayo.com\/fr\/wp-json\/wp\/v2\/product_tag?post=2269"}],"curies":[{"name":"wp","href":"https:\/\/api.w.org\/{rel}","templated":true}]}}