{"id":2271,"date":"2024-01-17T11:39:27","date_gmt":"2024-01-17T11:39:27","guid":{"rendered":"https:\/\/wpayo.com\/fr\/?post_type=product&#038;p=2271"},"modified":"2024-01-17T11:39:28","modified_gmt":"2024-01-17T11:39:28","slug":"payu-payment-gateway-givewp","status":"publish","type":"product","link":"https:\/\/wpayo.com\/fr\/paiement-gateway\/payu-payment-gateway-givewp\/","title":{"rendered":"Payu Payment Gateway &#8211; GiveWP"},"content":{"rendered":"<p>Boostez vos dons en ligne et vos efforts de collecte de fonds avec la <strong>Passerelle de paiement PayU pour GiveWP<\/strong>. Cette extension essentielle int\u00e8gre de mani\u00e8re transparente PayU, une passerelle de paiement fiable et polyvalente, dans vos formulaires de dons GiveWP, offrant une exp\u00e9rience de don s\u00e9curis\u00e9e et conviviale pour vos supporters.<\/p>\n<p><strong>Pourquoi choisir la passerelle de paiement PayU pour GiveWP :<\/strong><\/p>\n<ul>\n<li><strong>Dons sans effort :<\/strong> Simplifiez le processus de don, garantissant une exp\u00e9rience sans tracas pour vos supporters lorsqu&rsquo;ils contribuent \u00e0 votre cause.<\/li>\n<li><strong>S\u00e9curit\u00e9 avanc\u00e9e :<\/strong> Fiez-vous aux fonctionnalit\u00e9s de s\u00e9curit\u00e9 de pointe de PayU pour prot\u00e9ger toutes les transactions de dons, assurant la confidentialit\u00e9 des donn\u00e9es sensibles des donateurs.<\/li>\n<li><strong>Polyvalence des paiements :<\/strong> Acceptez une vari\u00e9t\u00e9 de m\u00e9thodes de paiement, des cartes de d\u00e9bit\/cr\u00e9dit aux portefeuilles num\u00e9riques, r\u00e9pondant \u00e0 une base diversifi\u00e9e de donateurs.<\/li>\n<li><strong>Dons mondiaux :<\/strong> \u00c9largissez votre base de donateurs \u00e0 l&rsquo;\u00e9chelle internationale en acceptant des paiements dans plusieurs devises, facilitant la contribution des supporters du monde entier.<\/li>\n<li><strong>Informations compl\u00e8tes :<\/strong> Restez organis\u00e9 et prenez des d\u00e9cisions \u00e9clair\u00e9es avec des fonctionnalit\u00e9s de rapport d\u00e9taill\u00e9es qui vous aident \u00e0 suivre les dons et \u00e0 optimiser vos efforts de collecte de fonds.<\/li>\n<\/ul>\n<p><strong>Rencontrez PayU :<\/strong> PayU est un fournisseur respect\u00e9 de passerelles de paiement connu pour sa fiabilit\u00e9 et son adaptabilit\u00e9. Leur plateforme est con\u00e7ue pour offrir une exp\u00e9rience de paiement s\u00e9curis\u00e9e et sans faille aux entreprises, aux organisations \u00e0 but non lucratif et aux supporters.<\/p>\n<p><strong>Pour commencer :<\/strong><\/p>\n<ol>\n<li><strong><a href=\"https:\/\/www.payu.com\/\" target=\"_new\" rel=\"noopener\">Inscrivez-vous pour un compte PayU<\/a><\/strong> : Commencez par cr\u00e9er un compte PayU pour acc\u00e9der \u00e0 leurs puissants services de passerelle de paiement.<\/li>\n<li><strong>Configuration<\/strong> : Configurez l&rsquo;extension pour int\u00e9grer de mani\u00e8re transparente PayU dans vos formulaires de don GiveWP.<\/li>\n<\/ol>\n<p>Ne manquez pas l&rsquo;opportunit\u00e9 d&rsquo;am\u00e9liorer vos efforts de collecte de fonds. Faites passer vos dons en ligne au niveau sup\u00e9rieur avec la Passerelle de paiement PayU pour GiveWP. Simplifiez le processus de don, inspirez la confiance des donateurs et augmentez le succ\u00e8s de vos campagnes de collecte de fonds. Lancez-vous d\u00e8s maintenant et profitez des avantages de dons en ligne sans tracas.<\/p>\n<p>Pr\u00eat \u00e0 augmenter vos efforts de collecte de fonds ? T\u00e9l\u00e9chargez la Passerelle de paiement PayU pour GiveWP et commencez \u00e0 accepter des dons en toute confiance.<\/p>\n<div class=\"cl-preview-section\">\n<h4 id=\"disclaimer\">Avis de non-responsabilit\u00e9<\/h4>\n<\/div>\n<div class=\"cl-preview-section\">Toutes les transactions sont trait\u00e9es en toute s\u00e9curit\u00e9 sur la plateforme PayU, garantissant les plus hauts niveaux de s\u00e9curit\u00e9 et de conformit\u00e9.<\/div>\n","protected":false},"excerpt":{"rendered":"<p>Integrate\u00a0 Payu Gateway for GiveWP<\/p>\n","protected":false},"featured_media":2272,"comment_status":"open","ping_status":"closed","template":"","meta":{"_acf_changed":false},"product_cat":[87],"product_tag":[211,157],"class_list":{"0":"post-2271","1":"product","2":"type-product","3":"status-publish","4":"has-post-thumbnail","6":"product_cat-wpgive","7":"product_tag-payu-india","8":"product_tag-payu","10":"first","11":"instock","12":"shipping-taxable","13":"purchasable","14":"product-type-simple"},"acf":[],"_links":{"self":[{"href":"https:\/\/wpayo.com\/fr\/wp-json\/wp\/v2\/product\/2271","targetHints":{"allow":["GET"]}}],"collection":[{"href":"https:\/\/wpayo.com\/fr\/wp-json\/wp\/v2\/product"}],"about":[{"href":"https:\/\/wpayo.com\/fr\/wp-json\/wp\/v2\/types\/product"}],"replies":[{"embeddable":true,"href":"https:\/\/wpayo.com\/fr\/wp-json\/wp\/v2\/comments?post=2271"}],"wp:featuredmedia":[{"embeddable":true,"href":"https:\/\/wpayo.com\/fr\/wp-json\/wp\/v2\/media\/2272"}],"wp:attachment":[{"href":"https:\/\/wpayo.com\/fr\/wp-json\/wp\/v2\/media?parent=2271"}],"wp:term":[{"taxonomy":"product_cat","embeddable":true,"href":"https:\/\/wpayo.com\/fr\/wp-json\/wp\/v2\/product_cat?post=2271"},{"taxonomy":"product_tag","embeddable":true,"href":"https:\/\/wpayo.com\/fr\/wp-json\/wp\/v2\/product_tag?post=2271"}],"curies":[{"name":"wp","href":"https:\/\/api.w.org\/{rel}","templated":true}]}}