{"id":2275,"date":"2024-01-17T11:39:25","date_gmt":"2024-01-17T11:39:25","guid":{"rendered":"https:\/\/wpayo.com\/fr\/?post_type=product&#038;p=2275"},"modified":"2024-01-17T11:39:26","modified_gmt":"2024-01-17T11:39:26","slug":"bluepay-payment-gateway-gravityforms","status":"publish","type":"product","link":"https:\/\/wpayo.com\/fr\/paiement-gateway\/bluepay-payment-gateway-gravityforms\/","title":{"rendered":"BluePay Payment Gateway &#8211; GravityForms"},"content":{"rendered":"<p>Optimisez vos formulaires Gravity avec la <strong>Passerelle de paiement BluePay<\/strong>. Cette extension essentielle int\u00e8gre de mani\u00e8re transparente BluePay, une passerelle de paiement fiable et s\u00e9curis\u00e9e, dans vos formulaires, permettant aux utilisateurs de r\u00e9aliser des paiements s\u00e9curis\u00e9s tout en soumettant des informations, des demandes ou des requ\u00eates.<\/p>\n<p><strong>Pourquoi choisir la passerelle de paiement BluePay pour GravityForms :<\/strong><\/p>\n<ul>\n<li><strong>Transactions sans couture :<\/strong> Simplifiez le processus de paiement au sein de vos formulaires, garantissant une exp\u00e9rience sans tracas pour vos utilisateurs.<\/li>\n<li><strong>S\u00e9curit\u00e9 robuste :<\/strong> Fiez-vous aux fonctionnalit\u00e9s de s\u00e9curit\u00e9 de pointe de BluePay pour prot\u00e9ger toutes les transactions, assurant la confidentialit\u00e9 des donn\u00e9es sensibles des utilisateurs.<\/li>\n<li><strong>Polyvalence des paiements :<\/strong> Acceptez une vari\u00e9t\u00e9 de m\u00e9thodes de paiement, des cartes de d\u00e9bit\/cr\u00e9dit aux portefeuilles num\u00e9riques, pour r\u00e9pondre \u00e0 une base d&rsquo;utilisateurs diversifi\u00e9e.<\/li>\n<li><strong>Paiements mondiaux :<\/strong> \u00c9largissez votre port\u00e9e \u00e0 l&rsquo;\u00e9chelle internationale en acceptant des paiements dans plusieurs devises, facilitant les transactions pour les utilisateurs du monde entier.<\/li>\n<li><strong>Analytiques compl\u00e8tes :<\/strong> Restez organis\u00e9 et prenez des d\u00e9cisions \u00e9clair\u00e9es avec des fonctionnalit\u00e9s de rapport d\u00e9taill\u00e9es qui vous aident \u00e0 suivre vos revenus.<\/li>\n<\/ul>\n<p><strong>Rencontrez BluePay :<\/strong> BluePay est un fournisseur respect\u00e9 de passerelles de paiement c\u00e9l\u00e8bre pour sa fiabilit\u00e9 et son engagement envers la s\u00e9curit\u00e9. Leur plateforme est con\u00e7ue pour offrir une exp\u00e9rience de paiement s\u00e9curis\u00e9e et sans faille aux entreprises et aux utilisateurs.<\/p>\n<p><strong>Pour commencer :<\/strong><\/p>\n<ol>\n<li><strong><a href=\"https:\/\/www.bluepay.com\/\" target=\"_new\" rel=\"noopener\">Inscrivez-vous pour un compte BluePay<\/a><\/strong> : Commencez par cr\u00e9er un compte BluePay pour acc\u00e9der \u00e0 leurs puissants services de passerelle de paiement.<\/li>\n<li><strong>Configuration<\/strong> : Configurez l&rsquo;extension pour int\u00e9grer de mani\u00e8re transparente BluePay dans votre syst\u00e8me GravityForms.<\/li>\n<\/ol>\n<p>Ne manquez pas l&rsquo;occasion d&rsquo;am\u00e9liorer vos formulaires. Propulsez votre processus de paiement avec la Passerelle de paiement BluePay pour GravityForms. Simplifiez les paiements, inspirez la confiance des utilisateurs et augmentez le succ\u00e8s de vos formulaires. Lancez-vous maintenant et profitez des avantages des paiements en ligne sans tracas.<\/p>\n<p>Pr\u00eat \u00e0 \u00e9lever vos formulaires ? T\u00e9l\u00e9chargez la Passerelle de paiement BluePay pour GravityForms et commencez \u00e0 accepter des paiements en toute confiance.<\/p>\n<div class=\"cl-preview-section\">\n<h4 id=\"disclaimer\">Avis de non-responsabilit\u00e9<\/h4>\n<\/div>\n<div class=\"cl-preview-section\">Toutes les transactions sont trait\u00e9es en toute s\u00e9curit\u00e9 sur la plateforme BluePay, garantissant les plus hauts niveaux de s\u00e9curit\u00e9 et de conformit\u00e9.<\/div>\n","protected":false},"excerpt":{"rendered":"<p>Integrate\u00a0 BluePay Gateway for GravityForms<\/p>\n","protected":false},"featured_media":2276,"comment_status":"open","ping_status":"closed","template":"","meta":{"_acf_changed":false},"product_cat":[50],"product_tag":[172],"class_list":{"0":"post-2275","1":"product","2":"type-product","3":"status-publish","4":"has-post-thumbnail","6":"product_cat-gravity-forms","7":"product_tag-bluepay","9":"first","10":"instock","11":"shipping-taxable","12":"purchasable","13":"product-type-simple"},"acf":[],"_links":{"self":[{"href":"https:\/\/wpayo.com\/fr\/wp-json\/wp\/v2\/product\/2275","targetHints":{"allow":["GET"]}}],"collection":[{"href":"https:\/\/wpayo.com\/fr\/wp-json\/wp\/v2\/product"}],"about":[{"href":"https:\/\/wpayo.com\/fr\/wp-json\/wp\/v2\/types\/product"}],"replies":[{"embeddable":true,"href":"https:\/\/wpayo.com\/fr\/wp-json\/wp\/v2\/comments?post=2275"}],"wp:featuredmedia":[{"embeddable":true,"href":"https:\/\/wpayo.com\/fr\/wp-json\/wp\/v2\/media\/2276"}],"wp:attachment":[{"href":"https:\/\/wpayo.com\/fr\/wp-json\/wp\/v2\/media?parent=2275"}],"wp:term":[{"taxonomy":"product_cat","embeddable":true,"href":"https:\/\/wpayo.com\/fr\/wp-json\/wp\/v2\/product_cat?post=2275"},{"taxonomy":"product_tag","embeddable":true,"href":"https:\/\/wpayo.com\/fr\/wp-json\/wp\/v2\/product_tag?post=2275"}],"curies":[{"name":"wp","href":"https:\/\/api.w.org\/{rel}","templated":true}]}}