{"id":2280,"date":"2024-01-17T11:39:23","date_gmt":"2024-01-17T11:39:23","guid":{"rendered":"https:\/\/wpayo.com\/fr\/?post_type=product&#038;p=2280"},"modified":"2024-01-17T11:39:24","modified_gmt":"2024-01-17T11:39:24","slug":"bluepay-payment-gateway-wpforms","status":"publish","type":"product","link":"https:\/\/wpayo.com\/fr\/paiement-gateway\/bluepay-payment-gateway-wpforms\/","title":{"rendered":"BluePay Payment Gateway &#8211; WPForms"},"content":{"rendered":"<p>Optimizez vos WPForms avec la passerelle de paiement BluePay. Cette extension essentielle int\u00e8gre de mani\u00e8re transparente BluePay, une passerelle de paiement fiable et s\u00e9curis\u00e9e, dans vos formulaires, permettant aux utilisateurs d&rsquo;effectuer des paiements s\u00e9curis\u00e9s tout en soumettant des informations, des demandes ou des requ\u00eates.<\/p>\n<p>La connexion BluePay-WPForms :<\/p>\n<p>La passerelle de paiement BluePay s&rsquo;int\u00e8gre de mani\u00e8re transparente avec le plugin WPForms pour WordPress, cr\u00e9ant une synergie puissante qui am\u00e9liore la fonctionnalit\u00e9 et les capacit\u00e9s de traitement des paiements de vos formulaires. Avec cette int\u00e9gration, vous pouvez facilement collecter des paiements, des dons et des commandes via vos formulaires tout en maintenant la s\u00e9curit\u00e9 exceptionnelle et l&rsquo;exp\u00e9rience conviviale pour laquelle BluePay est connu. Que vous collectiez des paiements pour des produits, des services ou des dons, la passerelle de paiement BluePay pour WPForms garantit un processus de transaction fluide, fiable et s\u00e9curis\u00e9 qui b\u00e9n\u00e9ficie aussi bien aux entreprises qu&rsquo;aux clients. \u00c9levez vos capacit\u00e9s de paiement et simplifiez vos formulaires avec cette puissante combinaison.<\/p>\n<p>Pourquoi choisir la passerelle de paiement BluePay pour WPForms :<\/p>\n<p>Transactions sans faille : Simplifiez le processus de paiement dans vos formulaires, garantissant une exp\u00e9rience sans tracas pour vos utilisateurs.<br \/>\nS\u00e9curit\u00e9 avanc\u00e9e : Faites confiance aux fonctionnalit\u00e9s de s\u00e9curit\u00e9 de pointe de BluePay pour prot\u00e9ger toutes les transactions, assurant la confidentialit\u00e9 des donn\u00e9es sensibles des utilisateurs.<br \/>\nPolyvalence des paiements : Acceptez une vari\u00e9t\u00e9 de m\u00e9thodes de paiement, des cartes de d\u00e9bit\/cr\u00e9dit aux portefeuilles num\u00e9riques, pour r\u00e9pondre \u00e0 une base d&rsquo;utilisateurs diversifi\u00e9e.<br \/>\nPaiements mondiaux : \u00c9largissez votre port\u00e9e \u00e0 l&rsquo;international en acceptant des paiements dans plusieurs devises, facilitant la vie des utilisateurs du monde entier.<br \/>\nAnalyses compl\u00e8tes : Restez organis\u00e9 et prenez des d\u00e9cisions \u00e9clair\u00e9es avec des fonctionnalit\u00e9s de rapport d\u00e9taill\u00e9es pour suivre vos revenus.<\/p>\n<p>Rencontrez BluePay :<br \/>\nBluePay est un fournisseur respect\u00e9 de passerelle de paiement c\u00e9l\u00e9br\u00e9 pour sa fiabilit\u00e9 et son engagement envers la s\u00e9curit\u00e9. Leur plateforme est con\u00e7ue pour fournir une exp\u00e9rience de paiement s\u00e9curis\u00e9e et sans faille pour les entreprises et les utilisateurs.<\/p>\n<p>Pour commencer :<\/p>\n<p>Inscrivez-vous pour un compte BluePay : Commencez par cr\u00e9er un compte BluePay pour acc\u00e9der \u00e0 leurs puissants services de passerelle de paiement.<br \/>\nConfiguration : Configurez et mettez en place l&rsquo;extension pour int\u00e9grer de mani\u00e8re transparente BluePay dans votre syst\u00e8me WPForms.<\/p>\n<p>Ne manquez pas l&rsquo;opportunit\u00e9 d&rsquo;am\u00e9liorer vos formulaires. Propulsez votre processus de paiement avec la passerelle de paiement BluePay pour WPForms. Simplifiez les paiements, inspirez confiance aux utilisateurs et augmentez le succ\u00e8s de vos formulaires. Lancez-vous d\u00e8s maintenant et d\u00e9couvrez les avantages des paiements en ligne sans tracas.<\/p>\n","protected":false},"excerpt":{"rendered":"<p>Integrate\u00a0 BluePay Gateway for WPForms<\/p>\n","protected":false},"featured_media":2282,"comment_status":"open","ping_status":"closed","template":"","meta":{"_acf_changed":false},"product_cat":[49],"product_tag":[172],"class_list":{"0":"post-2280","1":"product","2":"type-product","3":"status-publish","4":"has-post-thumbnail","6":"product_cat-wpforms","7":"product_tag-bluepay","9":"first","10":"instock","11":"shipping-taxable","12":"purchasable","13":"product-type-simple"},"acf":[],"_links":{"self":[{"href":"https:\/\/wpayo.com\/fr\/wp-json\/wp\/v2\/product\/2280","targetHints":{"allow":["GET"]}}],"collection":[{"href":"https:\/\/wpayo.com\/fr\/wp-json\/wp\/v2\/product"}],"about":[{"href":"https:\/\/wpayo.com\/fr\/wp-json\/wp\/v2\/types\/product"}],"replies":[{"embeddable":true,"href":"https:\/\/wpayo.com\/fr\/wp-json\/wp\/v2\/comments?post=2280"}],"wp:featuredmedia":[{"embeddable":true,"href":"https:\/\/wpayo.com\/fr\/wp-json\/wp\/v2\/media\/2282"}],"wp:attachment":[{"href":"https:\/\/wpayo.com\/fr\/wp-json\/wp\/v2\/media?parent=2280"}],"wp:term":[{"taxonomy":"product_cat","embeddable":true,"href":"https:\/\/wpayo.com\/fr\/wp-json\/wp\/v2\/product_cat?post=2280"},{"taxonomy":"product_tag","embeddable":true,"href":"https:\/\/wpayo.com\/fr\/wp-json\/wp\/v2\/product_tag?post=2280"}],"curies":[{"name":"wp","href":"https:\/\/api.w.org\/{rel}","templated":true}]}}