{"id":2283,"date":"2024-01-17T11:39:22","date_gmt":"2024-01-17T11:39:22","guid":{"rendered":"https:\/\/wpayo.com\/fr\/?post_type=product&#038;p=2283"},"modified":"2024-01-17T11:39:23","modified_gmt":"2024-01-17T11:39:23","slug":"bluepay-payment-gateway-ninjaforms","status":"publish","type":"product","link":"https:\/\/wpayo.com\/fr\/paiement-gateway\/bluepay-payment-gateway-ninjaforms\/","title":{"rendered":"BluePay Payment Gateway &#8211; NinjaForms"},"content":{"rendered":"<p>Rehaussez vos NinjaForms avec la passerelle de paiement BluePay. Cette extension essentielle int\u00e8gre de mani\u00e8re transparente BluePay, une passerelle de paiement fiable et s\u00e9curis\u00e9e, dans vos formulaires, permettant aux utilisateurs de r\u00e9aliser des paiements s\u00e9curis\u00e9s tout en soumettant des informations, des demandes ou des requ\u00eates.<\/p>\n<p><strong>Pourquoi choisir la passerelle de paiement BluePay pour NinjaForms :<\/strong><\/p>\n<ul>\n<li><strong>Transactions sans faille :<\/strong> Simplifiez le processus de paiement dans vos formulaires, assurant une exp\u00e9rience sans tracas pour vos utilisateurs.<\/li>\n<li><strong>S\u00e9curit\u00e9 avanc\u00e9e :<\/strong> Faites confiance aux fonctionnalit\u00e9s de s\u00e9curit\u00e9 de pointe de BluePay pour prot\u00e9ger toutes les transactions, garantissant la confidentialit\u00e9 des donn\u00e9es sensibles des utilisateurs.<\/li>\n<li><strong>Versatilit\u00e9 des paiements :<\/strong> Acceptez une vari\u00e9t\u00e9 de m\u00e9thodes de paiement, des cartes de d\u00e9bit\/cr\u00e9dit aux portefeuilles num\u00e9riques, pour r\u00e9pondre \u00e0 une base d&rsquo;utilisateurs diversifi\u00e9e.<\/li>\n<li><strong>Paiements mondiaux :<\/strong> \u00c9largissez votre port\u00e9e \u00e0 l&rsquo;\u00e9chelle internationale en acceptant des paiements dans plusieurs devises, facilitant la vie des utilisateurs du monde entier.<\/li>\n<li><strong>Informations compl\u00e8tes :<\/strong> Restez organis\u00e9 et prenez des d\u00e9cisions \u00e9clair\u00e9es avec des fonctionnalit\u00e9s de reporting d\u00e9taill\u00e9es qui vous aident \u00e0 suivre vos revenus.<\/li>\n<\/ul>\n<p><strong>Rencontrez BluePay :<\/strong> BluePay est un fournisseur respect\u00e9 de passerelles de paiement connu pour sa fiabilit\u00e9 et son engagement envers la s\u00e9curit\u00e9. Leur plateforme est con\u00e7ue pour offrir une exp\u00e9rience de paiement s\u00e9curis\u00e9e et fluide aux entreprises et aux utilisateurs.<\/p>\n<p><strong>La connexion BluePay-NinjaForms :<\/strong> La passerelle de paiement BluePay s&rsquo;int\u00e8gre parfaitement \u00e0 NinjaForms, ajoutant une nouvelle dimension \u00e0 vos capacit\u00e9s de cr\u00e9ation de formulaires. D\u00e9sormais, vous pouvez collecter facilement des paiements, des dons ou des commandes directement via vos formulaires, assurant une exp\u00e9rience de paiement s\u00e9curis\u00e9e et conviviale. Cette synergie entre BluePay et NinjaForms permet aux entreprises et aux organisations de rationaliser le traitement des paiements, le rendant efficace tant pour vous que pour vos utilisateurs.<\/p>\n<p><strong>Comment commencer :<\/strong> Pour commencer \u00e0 utiliser la passerelle de paiement BluePay pour NinjaForms, suivez ces \u00e9tapes :<\/p>\n<ol>\n<li><strong><a href=\"https:\/\/www.bluepay.com\/\" target=\"_new\" rel=\"noopener\">Inscrivez-vous pour un compte BluePay<\/a><\/strong> : Commencez par cr\u00e9er un compte BluePay pour acc\u00e9der \u00e0 leurs puissants services de passerelle de paiement.<\/li>\n<li><strong>Configuration<\/strong> : Configurez et mettez en place l&rsquo;extension pour int\u00e9grer BluePay dans votre NinjaForms de mani\u00e8re transparente.<\/li>\n<\/ol>\n<p>Ne manquez pas l&rsquo;opportunit\u00e9 d&rsquo;am\u00e9liorer vos formulaires et le traitement des paiements. Propulsez vos capacit\u00e9s de paiement au niveau sup\u00e9rieur avec la passerelle de paiement BluePay pour NinjaForms. Rationalisez les paiements, inspirez la confiance des utilisateurs et augmentez le succ\u00e8s de vos formulaires. Lancez-vous d\u00e8s maintenant et d\u00e9couvrez les avantages d&rsquo;une gestion en ligne des paiements sans tracas.<\/p>\n<p>Pr\u00eat \u00e0 rehausser vos formulaires ? T\u00e9l\u00e9chargez la passerelle de paiement BluePay pour NinjaForms et commencez \u00e0 accepter les paiements en toute confiance.<\/p>\n<div class=\"cl-preview-section\">\n<h4 id=\"disclaimer\">Avis de non-responsabilit\u00e9<\/h4>\n<\/div>\n<div class=\"cl-preview-section\">\n<p>Toutes les transactions sont trait\u00e9es de mani\u00e8re s\u00e9curis\u00e9e sur la plateforme BluePay, garantissant les plus hauts niveaux de s\u00e9curit\u00e9 et de conformit\u00e9.<\/p>\n<\/div>\n","protected":false},"excerpt":{"rendered":"<p>Integrate\u00a0 BluePay Gateway for NinjaForms<\/p>\n","protected":false},"featured_media":2284,"comment_status":"open","ping_status":"closed","template":"","meta":{"_acf_changed":false},"product_cat":[52],"product_tag":[172],"class_list":{"0":"post-2283","1":"product","2":"type-product","3":"status-publish","4":"has-post-thumbnail","6":"product_cat-ninja-forms","7":"product_tag-bluepay","9":"first","10":"instock","11":"shipping-taxable","12":"purchasable","13":"product-type-simple"},"acf":[],"_links":{"self":[{"href":"https:\/\/wpayo.com\/fr\/wp-json\/wp\/v2\/product\/2283","targetHints":{"allow":["GET"]}}],"collection":[{"href":"https:\/\/wpayo.com\/fr\/wp-json\/wp\/v2\/product"}],"about":[{"href":"https:\/\/wpayo.com\/fr\/wp-json\/wp\/v2\/types\/product"}],"replies":[{"embeddable":true,"href":"https:\/\/wpayo.com\/fr\/wp-json\/wp\/v2\/comments?post=2283"}],"wp:featuredmedia":[{"embeddable":true,"href":"https:\/\/wpayo.com\/fr\/wp-json\/wp\/v2\/media\/2284"}],"wp:attachment":[{"href":"https:\/\/wpayo.com\/fr\/wp-json\/wp\/v2\/media?parent=2283"}],"wp:term":[{"taxonomy":"product_cat","embeddable":true,"href":"https:\/\/wpayo.com\/fr\/wp-json\/wp\/v2\/product_cat?post=2283"},{"taxonomy":"product_tag","embeddable":true,"href":"https:\/\/wpayo.com\/fr\/wp-json\/wp\/v2\/product_tag?post=2283"}],"curies":[{"name":"wp","href":"https:\/\/api.w.org\/{rel}","templated":true}]}}