{"id":2285,"date":"2024-01-17T11:39:21","date_gmt":"2024-01-17T11:39:21","guid":{"rendered":"https:\/\/wpayo.com\/fr\/?post_type=product&#038;p=2285"},"modified":"2024-01-17T11:39:21","modified_gmt":"2024-01-17T11:39:21","slug":"bluepay-payment-gateway-easy-digital-downloads","status":"publish","type":"product","link":"https:\/\/wpayo.com\/fr\/paiement-gateway\/bluepay-payment-gateway-easy-digital-downloads\/","title":{"rendered":"BluePay Payment Gateway &#8211; Easy Digital Downloads"},"content":{"rendered":"<p>Optimisez votre boutique Easy Digital Downloads (EDD) avec la Passerelle de paiement BluePay. Cette extension essentielle int\u00e8gre de mani\u00e8re transparente BluePay, une passerelle de paiement fiable et s\u00e9curis\u00e9e, dans votre syst\u00e8me de vente de produits num\u00e9riques, permettant aux clients de r\u00e9aliser des achats en toute s\u00e9curit\u00e9 et sans effort.<\/p>\n<p><strong>Pourquoi choisir la Passerelle de paiement BluePay pour Easy Digital Downloads :<\/strong><\/p>\n<ul>\n<li><strong>Transactions num\u00e9riques sans effort :<\/strong> Simplifiez le processus de paiement pour vos produits num\u00e9riques, garantissant une exp\u00e9rience sans tracas pour vos clients.<\/li>\n<li><strong>S\u00e9curit\u00e9 avanc\u00e9e :<\/strong> Fiez-vous aux fonctionnalit\u00e9s de s\u00e9curit\u00e9 de pointe de BluePay pour prot\u00e9ger toutes les transactions, assurant la confidentialit\u00e9 des donn\u00e9es sensibles des clients.<\/li>\n<li><strong>Polyvalence des paiements :<\/strong> Acceptez une vari\u00e9t\u00e9 de m\u00e9thodes de paiement, des cartes de d\u00e9bit\/cr\u00e9dit aux portefeuilles num\u00e9riques, pour r\u00e9pondre \u00e0 une base de clients diversifi\u00e9e.<\/li>\n<li><strong>Ventes num\u00e9riques mondiales :<\/strong> \u00c9largissez votre port\u00e9e \u00e0 l&rsquo;\u00e9chelle internationale en acceptant des paiements dans plusieurs devises, facilitant les transactions pour les clients du monde entier.<\/li>\n<li><strong>Analytiques compl\u00e8tes :<\/strong> Restez organis\u00e9 et prenez des d\u00e9cisions \u00e9clair\u00e9es avec des fonctionnalit\u00e9s de rapport d\u00e9taill\u00e9es qui vous aident \u00e0 suivre vos ventes num\u00e9riques.<\/li>\n<\/ul>\n<p><strong>Rencontrez BluePay :<\/strong><\/p>\n<p>BluePay est un fournisseur respect\u00e9 de passerelles de paiement c\u00e9l\u00e9br\u00e9 pour sa fiabilit\u00e9 et son engagement envers la s\u00e9curit\u00e9. Leur plateforme est con\u00e7ue pour offrir une exp\u00e9rience de paiement s\u00e9curis\u00e9e et sans faille aux entreprises et aux clients.<\/p>\n<p><strong>La connexion BluePay-EDD :<\/strong><\/p>\n<p>La Passerelle de paiement BluePay s&rsquo;int\u00e8gre de mani\u00e8re transparente \u00e0 Easy Digital Downloads, cr\u00e9ant une synergie qui am\u00e9liore les capacit\u00e9s de votre boutique en ligne. Avec cette int\u00e9gration, vous pouvez vendre facilement des produits num\u00e9riques, des logiciels aux livres \u00e9lectroniques, tout en offrant une exp\u00e9rience d&rsquo;achat s\u00e9curis\u00e9e et conviviale. Que vous soyez un d\u00e9veloppeur ind\u00e9pendant ou un important fournisseur de logiciels, la Passerelle de paiement BluePay pour EDD vous permet d&rsquo;optimiser efficacement vos ventes num\u00e9riques.<\/p>\n<p><strong>Pour commencer :<\/strong><\/p>\n<ol>\n<li><strong><a href=\"https:\/\/www.bluepay.com\/\" target=\"_new\" rel=\"noopener\">Inscrivez-vous pour un compte BluePay<\/a><\/strong> : Commencez par cr\u00e9er un compte BluePay pour acc\u00e9der \u00e0 leurs puissants services de passerelle de paiement.<\/li>\n<li><strong>Configuration<\/strong> : Configurez l&rsquo;extension pour int\u00e9grer de mani\u00e8re transparente BluePay dans votre boutique Easy Digital Downloads.<\/li>\n<\/ol>\n<p>Ne manquez pas l&rsquo;occasion d&rsquo;am\u00e9liorer vos ventes num\u00e9riques. Propulsez le processus de paiement, inspirez la confiance des clients et augmentez le succ\u00e8s de vos ventes num\u00e9riques. Lancez-vous d\u00e8s maintenant et profitez des avantages d&rsquo;une distribution de produits num\u00e9riques en ligne sans tracas.<\/p>\n<p>Pr\u00eat \u00e0 optimiser vos ventes num\u00e9riques ? T\u00e9l\u00e9chargez la Passerelle de paiement BluePay pour Easy Digital Downloads et commencez \u00e0 accepter des paiements en toute confiance.<\/p>\n<div class=\"cl-preview-section\">\n<h4 id=\"disclaimer\">Avis de non-responsabilit\u00e9<\/h4>\n<\/div>\n<div class=\"cl-preview-section\">Toutes les transactions sont trait\u00e9es en toute s\u00e9curit\u00e9 sur la plateforme BluePay, garantissant les plus hauts niveaux de s\u00e9curit\u00e9 et de conformit\u00e9.<\/div>\n","protected":false},"excerpt":{"rendered":"<p>Integrate\u00a0 BluePay Gateway for Easy Digital Downloads<\/p>\n","protected":false},"featured_media":2286,"comment_status":"open","ping_status":"closed","template":"","meta":{"_acf_changed":false},"product_cat":[48],"product_tag":[172],"class_list":{"0":"post-2285","1":"product","2":"type-product","3":"status-publish","4":"has-post-thumbnail","6":"product_cat-easy-digital-downloads","7":"product_tag-bluepay","9":"first","10":"instock","11":"shipping-taxable","12":"purchasable","13":"product-type-simple"},"acf":[],"_links":{"self":[{"href":"https:\/\/wpayo.com\/fr\/wp-json\/wp\/v2\/product\/2285","targetHints":{"allow":["GET"]}}],"collection":[{"href":"https:\/\/wpayo.com\/fr\/wp-json\/wp\/v2\/product"}],"about":[{"href":"https:\/\/wpayo.com\/fr\/wp-json\/wp\/v2\/types\/product"}],"replies":[{"embeddable":true,"href":"https:\/\/wpayo.com\/fr\/wp-json\/wp\/v2\/comments?post=2285"}],"wp:featuredmedia":[{"embeddable":true,"href":"https:\/\/wpayo.com\/fr\/wp-json\/wp\/v2\/media\/2286"}],"wp:attachment":[{"href":"https:\/\/wpayo.com\/fr\/wp-json\/wp\/v2\/media?parent=2285"}],"wp:term":[{"taxonomy":"product_cat","embeddable":true,"href":"https:\/\/wpayo.com\/fr\/wp-json\/wp\/v2\/product_cat?post=2285"},{"taxonomy":"product_tag","embeddable":true,"href":"https:\/\/wpayo.com\/fr\/wp-json\/wp\/v2\/product_tag?post=2285"}],"curies":[{"name":"wp","href":"https:\/\/api.w.org\/{rel}","templated":true}]}}