{"id":2290,"date":"2024-01-17T11:39:18","date_gmt":"2024-01-17T11:39:18","guid":{"rendered":"https:\/\/wpayo.com\/fr\/?post_type=product&#038;p=2290"},"modified":"2024-01-17T11:39:19","modified_gmt":"2024-01-17T11:39:19","slug":"bluepay-payment-gateway-events-manager-pro","status":"publish","type":"product","link":"https:\/\/wpayo.com\/fr\/paiement-gateway\/bluepay-payment-gateway-events-manager-pro\/","title":{"rendered":"BluePay Payment Gateway &#8211; Events Manager Pro"},"content":{"rendered":"<p>Rehaussez la gestion de vos \u00e9v\u00e9nements avec la passerelle de paiement BluePay pour Events Manager Pro. Ce plugin essentiel int\u00e8gre de mani\u00e8re transparente BluePay, une passerelle de paiement fiable et s\u00e9curis\u00e9e, dans votre syst\u00e8me d&rsquo;inscription et de billetterie pour \u00e9v\u00e9nements. Il offre une exp\u00e9rience de paiement fluide et s\u00e9curis\u00e9e pour les participants et les organisateurs d&rsquo;\u00e9v\u00e9nements.<\/p>\n<p><strong>Pourquoi choisir la passerelle de paiement BluePay pour Events Manager Pro :<\/strong><\/p>\n<ul>\n<li><strong>Paiements d&rsquo;\u00e9v\u00e9nements sans effort :<\/strong> Simplifiez le processus d&rsquo;inscription et de billetterie, garantissant une exp\u00e9rience sans tracas pour les participants.<\/li>\n<li><strong>S\u00e9curit\u00e9 avanc\u00e9e :<\/strong> Fiez-vous aux fonctionnalit\u00e9s de s\u00e9curit\u00e9 de pointe de BluePay pour prot\u00e9ger chaque transaction, en pr\u00e9servant la confidentialit\u00e9 des donn\u00e9es sensibles des clients.<\/li>\n<li><strong>Flexibilit\u00e9 de paiement :<\/strong> Acceptez divers modes de paiement, des cartes de d\u00e9bit\/cr\u00e9dit aux portefeuilles num\u00e9riques, pour r\u00e9pondre \u00e0 un public diversifi\u00e9.<\/li>\n<li><strong>Gestion d&rsquo;\u00e9v\u00e9nements mondiale :<\/strong> \u00c9largissez la port\u00e9e de votre \u00e9v\u00e9nement \u00e0 l&rsquo;\u00e9chelle internationale en acceptant des paiements dans plusieurs devises, facilitant la participation des personnes du monde entier.<\/li>\n<li><strong>Rapports complets :<\/strong> Restez organis\u00e9 et prenez des d\u00e9cisions \u00e9clair\u00e9es avec des outils de rapports d\u00e9taill\u00e9s, vous permettant de suivre et d&rsquo;optimiser les finances de votre \u00e9v\u00e9nement.<\/li>\n<\/ul>\n<p><strong>L&rsquo;int\u00e9gration BluePay-Events Manager Pro :<\/strong> La passerelle de paiement BluePay s&rsquo;int\u00e8gre parfaitement \u00e0 Events Manager Pro, am\u00e9liorant les capacit\u00e9s de votre syst\u00e8me de gestion d&rsquo;\u00e9v\u00e9nements. Cette int\u00e9gration permet aux organisateurs d&rsquo;\u00e9v\u00e9nements de traiter efficacement les paiements pour les inscriptions et la vente de billets, cr\u00e9ant une exp\u00e9rience s\u00e9curis\u00e9e et conviviale tant pour les participants que pour les planificateurs. Que vous organisiez de petits rassemblements ou de grandes conf\u00e9rences, la passerelle de paiement BluePay pour Events Manager Pro contribue \u00e0 rationaliser le traitement des paiements.<\/p>\n<p><strong>Comment commencer :<\/strong><\/p>\n<ol>\n<li><strong><a href=\"https:\/\/www.bluepay.com\/\" target=\"_new\" rel=\"noopener\">Inscrivez-vous pour un compte BluePay<\/a><\/strong> : Commencez par cr\u00e9er un compte BluePay pour acc\u00e9der \u00e0 leurs puissants services de passerelle de paiement.<\/li>\n<li><strong>Configuration<\/strong> : Configurez le plugin pour int\u00e9grer BluePay de mani\u00e8re transparente dans votre syst\u00e8me Events Manager Pro.<\/li>\n<\/ol>\n<p>Ne manquez pas l&rsquo;opportunit\u00e9 d&rsquo;optimiser la gestion de vos \u00e9v\u00e9nements et le processus de billetterie. Rehaussez la planification de vos \u00e9v\u00e9nements avec la passerelle de paiement BluePay pour Events Manager Pro. Simplifiez les paiements d&rsquo;\u00e9v\u00e9nements, inspirez confiance parmi les participants et augmentez le succ\u00e8s de vos \u00e9v\u00e9nements. Lancez-vous d\u00e8s maintenant et d\u00e9couvrez les avantages d&rsquo;une gestion d&rsquo;\u00e9v\u00e9nements sans tracas.<\/p>\n<p>Pr\u00eat \u00e0 rehausser la gestion de vos \u00e9v\u00e9nements ? T\u00e9l\u00e9chargez la passerelle de paiement BluePay pour Events Manager Pro et commencez \u00e0 accepter les paiements en toute confiance.<\/p>\n<div class=\"cl-preview-section\">\n<h4 id=\"disclaimer\">Avis de non-responsabilit\u00e9<\/h4>\n<\/div>\n<div class=\"cl-preview-section\">Toutes les transactions sont trait\u00e9es en toute s\u00e9curit\u00e9 sur la plateforme BluePay, garantissant les plus hauts niveaux de s\u00e9curit\u00e9 et de conformit\u00e9.<\/div>\n","protected":false},"excerpt":{"rendered":"<p>Integrate\u00a0 BluePay Gateway for Events Manager Pro<\/p>\n","protected":false},"featured_media":2291,"comment_status":"open","ping_status":"closed","template":"","meta":{"_acf_changed":false},"product_cat":[116],"product_tag":[172],"class_list":{"0":"post-2290","1":"product","2":"type-product","3":"status-publish","4":"has-post-thumbnail","6":"product_cat-events-manager-pro","7":"product_tag-bluepay","9":"first","10":"instock","11":"shipping-taxable","12":"purchasable","13":"product-type-simple"},"acf":[],"_links":{"self":[{"href":"https:\/\/wpayo.com\/fr\/wp-json\/wp\/v2\/product\/2290","targetHints":{"allow":["GET"]}}],"collection":[{"href":"https:\/\/wpayo.com\/fr\/wp-json\/wp\/v2\/product"}],"about":[{"href":"https:\/\/wpayo.com\/fr\/wp-json\/wp\/v2\/types\/product"}],"replies":[{"embeddable":true,"href":"https:\/\/wpayo.com\/fr\/wp-json\/wp\/v2\/comments?post=2290"}],"wp:featuredmedia":[{"embeddable":true,"href":"https:\/\/wpayo.com\/fr\/wp-json\/wp\/v2\/media\/2291"}],"wp:attachment":[{"href":"https:\/\/wpayo.com\/fr\/wp-json\/wp\/v2\/media?parent=2290"}],"wp:term":[{"taxonomy":"product_cat","embeddable":true,"href":"https:\/\/wpayo.com\/fr\/wp-json\/wp\/v2\/product_cat?post=2290"},{"taxonomy":"product_tag","embeddable":true,"href":"https:\/\/wpayo.com\/fr\/wp-json\/wp\/v2\/product_tag?post=2290"}],"curies":[{"name":"wp","href":"https:\/\/api.w.org\/{rel}","templated":true}]}}