{"id":2300,"date":"2024-01-17T11:39:12","date_gmt":"2024-01-17T11:39:12","guid":{"rendered":"https:\/\/wpayo.com\/fr\/?post_type=product&#038;p=2300"},"modified":"2024-01-17T11:39:13","modified_gmt":"2024-01-17T11:39:13","slug":"bambora-payment-gateway-givewp","status":"publish","type":"product","link":"https:\/\/wpayo.com\/fr\/paiement-gateway\/bambora-payment-gateway-givewp\/","title":{"rendered":"Bambora Payment Gateway &#8211; GiveWP"},"content":{"rendered":"<p>\u00c9levez votre exp\u00e9rience GiveWP avec la passerelle de paiement Bambora. Int\u00e9grez de mani\u00e8re transparente Bambora, une passerelle de paiement fiable et s\u00e9curis\u00e9e, dans vos formulaires de dons, assurant un processus de don fluide et s\u00e9curis\u00e9 pour vos supporters.<\/p>\n<p><strong>Pourquoi choisir la passerelle de paiement Bambora pour GiveWP :<\/strong><\/p>\n<ul>\n<li><strong>Dons sans effort :<\/strong> Simplifiez le processus de don, garantissant une exp\u00e9rience sans tracas pour vos supporters.<\/li>\n<li><strong>S\u00e9curit\u00e9 avanc\u00e9e :<\/strong> Reposez-vous sur les fonctionnalit\u00e9s de s\u00e9curit\u00e9 de pointe de Bambora pour prot\u00e9ger chaque transaction, pr\u00e9servant la confidentialit\u00e9 des donn\u00e9es des donateurs.<\/li>\n<li><strong>Versatilit\u00e9 des paiements :<\/strong> Acceptez une large gamme de m\u00e9thodes de paiement, r\u00e9pondant \u00e0 une base de donateurs diversifi\u00e9e.<\/li>\n<li><strong>Don mondial :<\/strong> \u00c9largissez votre port\u00e9e \u00e0 l&rsquo;international en acceptant des dons dans plusieurs devises, facilitant ainsi les contributions pour les supporters du monde entier.<\/li>\n<li><strong>Rapports complets :<\/strong> Restez organis\u00e9 et prenez des d\u00e9cisions \u00e9clair\u00e9es gr\u00e2ce \u00e0 des fonctionnalit\u00e9s d\u00e9taill\u00e9es de reporting pour surveiller et optimiser vos efforts de collecte de fonds.<\/li>\n<\/ul>\n<p><strong>Qu&rsquo;est-ce que Bambora :<\/strong> Bambora est une passerelle de paiement polyvalente, privil\u00e9giant des transactions s\u00e9curis\u00e9es et conviviales pour les entreprises. Elle prend en charge diverses m\u00e9thodes de paiement et s&rsquo;engage envers la s\u00e9curit\u00e9 des donn\u00e9es.<\/p>\n<p><strong>L&rsquo;int\u00e9gration Bambora-GiveWP :<\/strong> La passerelle de paiement Bambora s&rsquo;int\u00e8gre parfaitement \u00e0 GiveWP, renfor\u00e7ant vos capacit\u00e9s de collecte de fonds. Cette int\u00e9gration permet aux organisations \u00e0 but non lucratif et aux collecteurs de fonds de traiter efficacement les dons, garantissant une exp\u00e9rience de don s\u00fbre et conviviale. Que vous collectiez des dons ponctuels ou mettiez en place des contributions r\u00e9currentes, la passerelle de paiement Bambora pour GiveWP rationalise le traitement des dons.<\/p>\n<p><strong>Comment commencer :<\/strong> Pour commencer \u00e0 utiliser la passerelle de paiement Bambora pour GiveWP, suivez ces \u00e9tapes :<\/p>\n<ol>\n<li><strong><a href=\"https:\/\/www.bambora.com\/\" target=\"_new\" rel=\"noopener\">Inscrivez-vous pour un compte Bambora<\/a><\/strong> : Commencez par cr\u00e9er un compte Bambora pour acc\u00e9der \u00e0 leurs puissants services de passerelle de paiement.<\/li>\n<li><strong>Configuration<\/strong> : Configurez l&rsquo;extension pour int\u00e9grer de mani\u00e8re transparente Bambora dans votre GiveWP.<\/li>\n<\/ol>\n<p>Ne manquez pas l&rsquo;opportunit\u00e9 d&rsquo;optimiser vos efforts de collecte de fonds. \u00c9levez vos dons au niveau sup\u00e9rieur avec la passerelle de paiement Bambora pour GiveWP. Rationalisez le processus de don, inspirez la confiance des donateurs et augmentez le succ\u00e8s de vos campagnes de collecte de fonds. Commencez d\u00e8s maintenant et profitez des avantages d&rsquo;un don en ligne sans tracas.<\/p>\n<p>Pr\u00eat \u00e0 \u00e9lever votre exp\u00e9rience de collecte de fonds ? T\u00e9l\u00e9chargez la passerelle de paiement Bambora pour GiveWP et commencez \u00e0 accepter des dons en toute confiance.<\/p>\n<div class=\"cl-preview-section\">\n<h4 id=\"disclaimer\">Avertissement<\/h4>\n<\/div>\n<div class=\"cl-preview-section\">\n<p>Toutes les transactions sont trait\u00e9es de mani\u00e8re s\u00e9curis\u00e9e sur la plateforme Bambora, garantissant les plus hauts niveaux de s\u00e9curit\u00e9 et de conformit\u00e9.<\/p>\n<\/div>\n","protected":false},"excerpt":{"rendered":"<p>Integrate Bambora Gateway for GiveWP<\/p>\n","protected":false},"featured_media":2301,"comment_status":"open","ping_status":"closed","template":"","meta":{"_acf_changed":false},"product_cat":[87],"product_tag":[174],"class_list":{"0":"post-2300","1":"product","2":"type-product","3":"status-publish","4":"has-post-thumbnail","6":"product_cat-wpgive","7":"product_tag-bambora","9":"first","10":"instock","11":"shipping-taxable","12":"purchasable","13":"product-type-simple"},"acf":[],"_links":{"self":[{"href":"https:\/\/wpayo.com\/fr\/wp-json\/wp\/v2\/product\/2300","targetHints":{"allow":["GET"]}}],"collection":[{"href":"https:\/\/wpayo.com\/fr\/wp-json\/wp\/v2\/product"}],"about":[{"href":"https:\/\/wpayo.com\/fr\/wp-json\/wp\/v2\/types\/product"}],"replies":[{"embeddable":true,"href":"https:\/\/wpayo.com\/fr\/wp-json\/wp\/v2\/comments?post=2300"}],"wp:featuredmedia":[{"embeddable":true,"href":"https:\/\/wpayo.com\/fr\/wp-json\/wp\/v2\/media\/2301"}],"wp:attachment":[{"href":"https:\/\/wpayo.com\/fr\/wp-json\/wp\/v2\/media?parent=2300"}],"wp:term":[{"taxonomy":"product_cat","embeddable":true,"href":"https:\/\/wpayo.com\/fr\/wp-json\/wp\/v2\/product_cat?post=2300"},{"taxonomy":"product_tag","embeddable":true,"href":"https:\/\/wpayo.com\/fr\/wp-json\/wp\/v2\/product_tag?post=2300"}],"curies":[{"name":"wp","href":"https:\/\/api.w.org\/{rel}","templated":true}]}}