{"id":2311,"date":"2024-01-17T11:39:07","date_gmt":"2024-01-17T11:39:07","guid":{"rendered":"https:\/\/wpayo.com\/fr\/?post_type=product&#038;p=2311"},"modified":"2024-01-17T11:39:08","modified_gmt":"2024-01-17T11:39:08","slug":"2checkout-payment-gateway-woocommerce","status":"publish","type":"product","link":"https:\/\/wpayo.com\/fr\/paiement-gateway\/2checkout-payment-gateway-woocommerce\/","title":{"rendered":"2Checkout Payment Gateway &#8211; WooCommerce"},"content":{"rendered":"<p>Vous recherchez une passerelle de paiement fiable pour am\u00e9liorer votre boutique en ligne WooCommerce ? Ne cherchez pas plus loin que la passerelle de paiement 2Checkout pour WooCommerce. Ce plugin int\u00e8gre de mani\u00e8re transparente 2Checkout, une passerelle de paiement fiable et s\u00e9curis\u00e9e, dans votre boutique WooCommerce, offrant \u00e0 vos clients une exp\u00e9rience de paiement fluide et s\u00e9curis\u00e9e.<\/p>\n<p><strong>Pourquoi opter pour la passerelle de paiement 2Checkout pour WooCommerce :<\/strong><\/p>\n<ul>\n<li><strong>Achats sans effort :<\/strong> Simplifiez le processus de paiement pour vos clients, garantissant une exp\u00e9rience d&rsquo;achat sans tracas.<\/li>\n<li><strong>S\u00e9curit\u00e9 avanc\u00e9e :<\/strong> Reposez-vous sur les fonctionnalit\u00e9s de s\u00e9curit\u00e9 de pointe de 2Checkout pour prot\u00e9ger chaque transaction, pr\u00e9servant la confidentialit\u00e9 des donn\u00e9es des clients.<\/li>\n<li><strong>Versatilit\u00e9 des paiements :<\/strong> Acceptez une large gamme de m\u00e9thodes de paiement, r\u00e9pondant \u00e0 une base de clients diversifi\u00e9e.<\/li>\n<li><strong>Ventes mondiales :<\/strong> \u00c9largissez votre port\u00e9e \u00e0 l&rsquo;\u00e9chelle mondiale en acceptant les paiements dans plusieurs devises, facilitant les transactions internationales.<\/li>\n<li><strong>Analytiques compl\u00e8tes :<\/strong> Restez organis\u00e9 et prenez des d\u00e9cisions \u00e9clair\u00e9es avec des outils de reporting d\u00e9taill\u00e9s, vous permettant de surveiller et d&rsquo;optimiser le succ\u00e8s de votre boutique en ligne.<\/li>\n<\/ul>\n<p><strong>Qu&rsquo;est-ce que 2Checkout :<\/strong> 2Checkout est une passerelle de paiement polyvalente qui privil\u00e9gie des transactions s\u00e9curis\u00e9es et conviviales pour les entreprises. Elle prend en charge diverses m\u00e9thodes de paiement et s&rsquo;engage envers la s\u00e9curit\u00e9 des donn\u00e9es.<\/p>\n<p><strong>L&rsquo;int\u00e9gration 2Checkout-WooCommerce :<\/strong> La passerelle de paiement 2Checkout s&rsquo;int\u00e8gre parfaitement \u00e0 WooCommerce, am\u00e9liorant les capacit\u00e9s de votre boutique en ligne. Cette int\u00e9gration permet aux entreprises de traiter efficacement les paiements tout en garantissant une exp\u00e9rience s\u00e9curis\u00e9e et conviviale pour les clients. Que vous vendiez des produits physiques, des biens num\u00e9riques ou des services, la passerelle de paiement 2Checkout pour WooCommerce rationalise le processus de paiement.<\/p>\n<p><strong>Comment commencer :<\/strong> Pour commencer \u00e0 utiliser la passerelle de paiement 2Checkout pour WooCommerce, suivez ces \u00e9tapes :<\/p>\n<ol>\n<li><strong><a href=\"https:\/\/www.2checkout.com\/\" target=\"_new\" rel=\"noopener\">Inscrivez-vous pour un compte 2Checkout<\/a><\/strong> : Commencez par cr\u00e9er un compte 2Checkout pour acc\u00e9der \u00e0 leurs puissants services de passerelle de paiement.<\/li>\n<li><strong>Configuration<\/strong> : Configurez l&rsquo;extension pour int\u00e9grer de mani\u00e8re transparente 2Checkout dans votre boutique WooCommerce.<\/li>\n<\/ol>\n<p>Ne manquez pas l&rsquo;opportunit\u00e9 d&rsquo;optimiser le traitement des paiements de votre boutique en ligne. \u00c9levez votre commerce \u00e9lectronique au niveau sup\u00e9rieur avec la passerelle de paiement 2Checkout pour WooCommerce. Rationalisez les paiements, inspirez la confiance des clients et augmentez le succ\u00e8s de votre boutique en ligne. Commencez d\u00e8s maintenant et profitez des avantages d&rsquo;une vente en ligne sans tracas.<\/p>\n","protected":false},"excerpt":{"rendered":"<p>Integrate 2Checkout Gateway for WooCommerce<\/p>\n","protected":false},"featured_media":2312,"comment_status":"open","ping_status":"closed","template":"","meta":{"_acf_changed":false},"product_cat":[47],"product_tag":[143],"class_list":{"0":"post-2311","1":"product","2":"type-product","3":"status-publish","4":"has-post-thumbnail","6":"product_cat-woocommerce","7":"product_tag-2checkout","9":"first","10":"instock","11":"shipping-taxable","12":"purchasable","13":"product-type-simple"},"acf":[],"_links":{"self":[{"href":"https:\/\/wpayo.com\/fr\/wp-json\/wp\/v2\/product\/2311","targetHints":{"allow":["GET"]}}],"collection":[{"href":"https:\/\/wpayo.com\/fr\/wp-json\/wp\/v2\/product"}],"about":[{"href":"https:\/\/wpayo.com\/fr\/wp-json\/wp\/v2\/types\/product"}],"replies":[{"embeddable":true,"href":"https:\/\/wpayo.com\/fr\/wp-json\/wp\/v2\/comments?post=2311"}],"wp:featuredmedia":[{"embeddable":true,"href":"https:\/\/wpayo.com\/fr\/wp-json\/wp\/v2\/media\/2312"}],"wp:attachment":[{"href":"https:\/\/wpayo.com\/fr\/wp-json\/wp\/v2\/media?parent=2311"}],"wp:term":[{"taxonomy":"product_cat","embeddable":true,"href":"https:\/\/wpayo.com\/fr\/wp-json\/wp\/v2\/product_cat?post=2311"},{"taxonomy":"product_tag","embeddable":true,"href":"https:\/\/wpayo.com\/fr\/wp-json\/wp\/v2\/product_tag?post=2311"}],"curies":[{"name":"wp","href":"https:\/\/api.w.org\/{rel}","templated":true}]}}