{"id":2320,"date":"2024-01-17T11:39:03","date_gmt":"2024-01-17T11:39:03","guid":{"rendered":"https:\/\/wpayo.com\/fr\/?post_type=product&#038;p=2320"},"modified":"2024-01-17T11:39:04","modified_gmt":"2024-01-17T11:39:04","slug":"2checkout-payment-gateway-givewp","status":"publish","type":"product","link":"https:\/\/wpayo.com\/fr\/paiement-gateway\/2checkout-payment-gateway-givewp\/","title":{"rendered":"2Checkout Payment Gateway &#8211; GiveWP"},"content":{"rendered":"<p>\u00cates-vous \u00e0 la recherche d&rsquo;une passerelle de paiement fiable pour am\u00e9liorer votre plateforme de dons GiveWP ? Ne cherchez pas plus loin que la passerelle de paiement 2Checkout pour GiveWP. Ce plugin int\u00e8gre de mani\u00e8re transparente 2Checkout, une passerelle de paiement fiable et s\u00e9curis\u00e9e, dans vos formulaires de dons, offrant une exp\u00e9rience de don fluide et s\u00e9curis\u00e9e pour vos utilisateurs.<\/p>\n<p><strong>Pourquoi choisir la passerelle de paiement 2Checkout pour GiveWP :<\/strong><\/p>\n<ul>\n<li><strong>Dons sans effort :<\/strong> Simplifiez le processus de don, garantissant une exp\u00e9rience sans tracas pour vos donateurs.<\/li>\n<li><strong>S\u00e9curit\u00e9 avanc\u00e9e :<\/strong> Reposez-vous sur les fonctionnalit\u00e9s de s\u00e9curit\u00e9 de pointe de 2Checkout pour prot\u00e9ger chaque don, pr\u00e9servant la confidentialit\u00e9 des donn\u00e9es des donateurs.<\/li>\n<li><strong>Versatilit\u00e9 des dons :<\/strong> Acceptez une large gamme de m\u00e9thodes de don, r\u00e9pondant \u00e0 une base de donateurs diversifi\u00e9e.<\/li>\n<li><strong>Dons mondiaux :<\/strong> \u00c9largissez votre port\u00e9e \u00e0 l&rsquo;international en acceptant des dons dans plusieurs devises, facilitant les contributions du monde entier.<\/li>\n<li><strong>Rapports complets :<\/strong> Restez organis\u00e9 et prenez des d\u00e9cisions \u00e9clair\u00e9es avec des fonctionnalit\u00e9s de reporting d\u00e9taill\u00e9es pour surveiller et optimiser vos dons.<\/li>\n<\/ul>\n<p><strong>Qu&rsquo;est-ce que 2Checkout :<\/strong> 2Checkout est une passerelle de paiement polyvalente qui privil\u00e9gie des transactions s\u00e9curis\u00e9es et conviviales pour les entreprises. Elle prend en charge diverses m\u00e9thodes de paiement et s&rsquo;engage envers la s\u00e9curit\u00e9 des donn\u00e9es.<\/p>\n<p><strong>L&rsquo;int\u00e9gration 2Checkout-GiveWP :<\/strong> La passerelle de paiement 2Checkout s&rsquo;int\u00e8gre parfaitement \u00e0 GiveWP, am\u00e9liorant vos capacit\u00e9s de don. Cette int\u00e9gration permet aux organisations \u00e0 but non lucratif de traiter efficacement les dons, garantissant une exp\u00e9rience de don s\u00e9curis\u00e9e et conviviale. Que vous collectiez des dons ponctuels ou r\u00e9currents, la passerelle de paiement 2Checkout pour GiveWP rationalise le processus de don.<\/p>\n<p><strong>Comment commencer :<\/strong> Pour commencer \u00e0 utiliser la passerelle de paiement 2Checkout pour GiveWP, suivez ces \u00e9tapes :<\/p>\n<ol>\n<li><strong><a href=\"https:\/\/www.2checkout.com\/\" target=\"_new\" rel=\"noopener\">Inscrivez-vous pour un compte 2Checkout<\/a><\/strong> : Commencez par cr\u00e9er un compte 2Checkout pour acc\u00e9der \u00e0 leurs puissants services de passerelle de paiement.<\/li>\n<li><strong>Configuration<\/strong> : Configurez l&rsquo;extension pour int\u00e9grer de mani\u00e8re transparente 2Checkout dans vos formulaires de don GiveWP.<\/li>\n<\/ol>\n<p>Ne manquez pas l&rsquo;opportunit\u00e9 d&rsquo;optimiser votre plateforme de dons. \u00c9levez votre collecte de fonds au niveau sup\u00e9rieur avec la passerelle de paiement 2Checkout pour GiveWP. Rationalisez les dons, inspirez la confiance des donateurs et augmentez le succ\u00e8s de vos initiatives caritatives. Commencez d\u00e8s maintenant et profitez des avantages d&rsquo;une collecte de fonds en ligne sans tracas.<\/p>\n<p>Pr\u00eat \u00e0 \u00e9lever votre exp\u00e9rience de don ? T\u00e9l\u00e9chargez la passerelle de paiement 2Checkout pour GiveWP et commencez \u00e0 accepter des dons en toute confiance.<\/p>\n","protected":false},"excerpt":{"rendered":"<p>Integrate 2Checkout Gateway for GiveWP<\/p>\n","protected":false},"featured_media":2321,"comment_status":"open","ping_status":"closed","template":"","meta":{"_acf_changed":false},"product_cat":[87],"product_tag":[143],"class_list":{"0":"post-2320","1":"product","2":"type-product","3":"status-publish","4":"has-post-thumbnail","6":"product_cat-wpgive","7":"product_tag-2checkout","9":"first","10":"instock","11":"shipping-taxable","12":"purchasable","13":"product-type-simple"},"acf":[],"_links":{"self":[{"href":"https:\/\/wpayo.com\/fr\/wp-json\/wp\/v2\/product\/2320","targetHints":{"allow":["GET"]}}],"collection":[{"href":"https:\/\/wpayo.com\/fr\/wp-json\/wp\/v2\/product"}],"about":[{"href":"https:\/\/wpayo.com\/fr\/wp-json\/wp\/v2\/types\/product"}],"replies":[{"embeddable":true,"href":"https:\/\/wpayo.com\/fr\/wp-json\/wp\/v2\/comments?post=2320"}],"wp:featuredmedia":[{"embeddable":true,"href":"https:\/\/wpayo.com\/fr\/wp-json\/wp\/v2\/media\/2321"}],"wp:attachment":[{"href":"https:\/\/wpayo.com\/fr\/wp-json\/wp\/v2\/media?parent=2320"}],"wp:term":[{"taxonomy":"product_cat","embeddable":true,"href":"https:\/\/wpayo.com\/fr\/wp-json\/wp\/v2\/product_cat?post=2320"},{"taxonomy":"product_tag","embeddable":true,"href":"https:\/\/wpayo.com\/fr\/wp-json\/wp\/v2\/product_tag?post=2320"}],"curies":[{"name":"wp","href":"https:\/\/api.w.org\/{rel}","templated":true}]}}