{"id":2322,"date":"2024-01-17T11:39:02","date_gmt":"2024-01-17T11:39:02","guid":{"rendered":"https:\/\/wpayo.com\/fr\/?post_type=product&#038;p=2322"},"modified":"2024-01-17T11:39:02","modified_gmt":"2024-01-17T11:39:02","slug":"square-payment-gateway-givewp","status":"publish","type":"product","link":"https:\/\/wpayo.com\/fr\/paiement-gateway\/square-payment-gateway-givewp\/","title":{"rendered":"Square Payment Gateway &#8211; GiveWP"},"content":{"rendered":"<p><strong>Passerelle de paiement Square pour GiveWP<\/strong> &#8211; Vous recherchez une passerelle de paiement fiable pour am\u00e9liorer votre plateforme de dons GiveWP ? Ne cherchez pas plus loin que la passerelle de paiement Square pour GiveWP. Ce plugin int\u00e8gre de mani\u00e8re transparente Square, une passerelle de paiement fiable et conviviale, dans vos formulaires de dons, offrant une exp\u00e9rience de don fluide et s\u00e9curis\u00e9e pour vos supporters.<\/p>\n<p><strong>Pourquoi choisir la <a href=\"https:\/\/wpayo.com\/fr\/decoder-les-ecarts-passerelle-de-paiement-et-processeur-de-paiement\/\">passerelle de paiement<\/a> Square pour GiveWP :<\/strong><\/p>\n<ul>\n<li><strong>Dons sans effort :<\/strong> Simplifiez le processus de don, garantissant une exp\u00e9rience sans tracas pour vos supporters.<\/li>\n<li><strong>S\u00e9curit\u00e9 avanc\u00e9e :<\/strong> Fiez-vous aux fonctionnalit\u00e9s de s\u00e9curit\u00e9 de pointe de Square pour prot\u00e9ger chaque don, pr\u00e9servant la confidentialit\u00e9 des donn\u00e9es des donateurs.<\/li>\n<li><strong>Polyvalence des dons :<\/strong> Acceptez une large gamme de m\u00e9thodes de don, r\u00e9pondant \u00e0 une base de donateurs diversifi\u00e9e.<\/li>\n<li><strong>Rapports complets :<\/strong> Restez organis\u00e9 et prenez des d\u00e9cisions \u00e9clair\u00e9es avec des outils de rapport d\u00e9taill\u00e9s pour surveiller et optimiser vos dons.<\/li>\n<\/ul>\n<p><strong>Qu&rsquo;est-ce que Square :<\/strong> Square est une entreprise de technologie financi\u00e8re qui propose des solutions de traitement des paiements, du mat\u00e9riel et des logiciels de point de vente, ainsi que divers services financiers. Elle est connue pour son interface conviviale et sa structure tarifaire transparente.<\/p>\n<p><strong>L&rsquo;int\u00e9gration Square-GiveWP :<\/strong> La passerelle de paiement Square s&rsquo;int\u00e8gre de mani\u00e8re transparente avec GiveWP, am\u00e9liorant vos capacit\u00e9s de collecte de dons. Cette int\u00e9gration permet aux organisations \u00e0 but non lucratif et aux organisations caritatives de traiter efficacement les dons, garantissant une exp\u00e9rience de don s\u00e9curis\u00e9e et conviviale. Que vous collectiez des dons ponctuels ou r\u00e9currents, la passerelle de paiement Square pour GiveWP rationalise le processus de don.<\/p>\n<p><strong>Comment commencer :<\/strong> Pour commencer \u00e0 utiliser la passerelle de paiement Square pour GiveWP, suivez ces \u00e9tapes :<\/p>\n<ol>\n<li><strong><a href=\"https:\/\/squareup.com\/\" target=\"_new\" rel=\"noopener\">Inscrivez-vous pour un compte Square<\/a><\/strong> : Commencez par cr\u00e9er un compte Square pour acc\u00e9der \u00e0 leurs puissants services de passerelle de paiement.<\/li>\n<li><strong>Configuration<\/strong> : Configurez et ajoutez de mani\u00e8re transparente Square dans vos formulaires de dons GiveWP.<\/li>\n<\/ol>\n<p>Ne manquez pas l&rsquo;opportunit\u00e9 d&rsquo;optimiser votre plateforme de dons. \u00c9levez vos efforts de collecte de fonds au niveau sup\u00e9rieur avec la passerelle de paiement Square pour GiveWP. Rationalisez les dons, inspirez la confiance des donateurs et augmentez le succ\u00e8s de vos initiatives caritatives. Commencez d\u00e8s maintenant et d\u00e9couvrez les avantages d&rsquo;une collecte de fonds en ligne sans tracas.<\/p>\n<p>Pr\u00eat \u00e0 am\u00e9liorer votre exp\u00e9rience de don ? T\u00e9l\u00e9chargez la passerelle de paiement Square pour GiveWP et commencez \u00e0 accepter des dons en toute confiance.<\/p>\n","protected":false},"excerpt":{"rendered":"<p>Integrate Square Gateway for GiveWP<\/p>\n","protected":false},"featured_media":2323,"comment_status":"open","ping_status":"closed","template":"","meta":{"_acf_changed":false},"product_cat":[87],"product_tag":[141],"class_list":{"0":"post-2322","1":"product","2":"type-product","3":"status-publish","4":"has-post-thumbnail","6":"product_cat-wpgive","7":"product_tag-square","9":"first","10":"instock","11":"shipping-taxable","12":"purchasable","13":"product-type-simple"},"acf":[],"_links":{"self":[{"href":"https:\/\/wpayo.com\/fr\/wp-json\/wp\/v2\/product\/2322","targetHints":{"allow":["GET"]}}],"collection":[{"href":"https:\/\/wpayo.com\/fr\/wp-json\/wp\/v2\/product"}],"about":[{"href":"https:\/\/wpayo.com\/fr\/wp-json\/wp\/v2\/types\/product"}],"replies":[{"embeddable":true,"href":"https:\/\/wpayo.com\/fr\/wp-json\/wp\/v2\/comments?post=2322"}],"wp:featuredmedia":[{"embeddable":true,"href":"https:\/\/wpayo.com\/fr\/wp-json\/wp\/v2\/media\/2323"}],"wp:attachment":[{"href":"https:\/\/wpayo.com\/fr\/wp-json\/wp\/v2\/media?parent=2322"}],"wp:term":[{"taxonomy":"product_cat","embeddable":true,"href":"https:\/\/wpayo.com\/fr\/wp-json\/wp\/v2\/product_cat?post=2322"},{"taxonomy":"product_tag","embeddable":true,"href":"https:\/\/wpayo.com\/fr\/wp-json\/wp\/v2\/product_tag?post=2322"}],"curies":[{"name":"wp","href":"https:\/\/api.w.org\/{rel}","templated":true}]}}