{"id":2339,"date":"2024-01-17T11:38:54","date_gmt":"2024-01-17T11:38:54","guid":{"rendered":"https:\/\/wpayo.com\/fr\/?post_type=product&#038;p=2339"},"modified":"2024-01-17T11:38:56","modified_gmt":"2024-01-17T11:38:56","slug":"iats-payment-gateway-contact-form-7","status":"publish","type":"product","link":"https:\/\/wpayo.com\/fr\/paiement-gateway\/iats-payment-gateway-contact-form-7\/","title":{"rendered":"iATS Payment Gateway &#8211; Contact Form 7"},"content":{"rendered":"<p>D\u00e9couvrez la passerelle de paiement iATS pour Contact Form 7, un puissant plugin qui simplifie et am\u00e9liore votre exp\u00e9rience de collecte de paiements. Cette extension int\u00e8gre de mani\u00e8re transparente iATS, une passerelle de paiement de confiance, directement dans vos formulaires Contact Form 7, vous permettant de rationaliser le processus de paiement de mani\u00e8re s\u00e9curis\u00e9e et efficace.<\/p>\n<p>La passerelle de paiement iATS pour Contact Form 7 est un plugin puissant et facile \u00e0 utiliser qui permet aux utilisateurs d&rsquo;accepter en toute s\u00e9curit\u00e9 des paiements via leurs formulaires de contact WordPress. Avec ce plugin, vous pourrez rapidement ajouter des champs de paiement \u00e0 vos formulaires et recevoir les paiements des clients en temps r\u00e9el. Ce plugin prend \u00e9galement en charge plusieurs devises, vous permettant d&rsquo;accepter facilement des paiements de clients du monde entier. De plus, vous pouvez personnaliser vos formulaires avec des champs suppl\u00e9mentaires tels que les informations de facturation, les s\u00e9lections de pays, et plus encore. Cette passerelle de paiement s&rsquo;int\u00e8gre parfaitement avec Contact Form 7, en faisant un excellent choix pour toute personne souhaitant accepter des paiements sur son site WordPress.<\/p>\n<h3>Que fait-il ?<\/h3>\n<p>La passerelle de paiement iATS pour Contact Form 7 est plus qu&rsquo;un simple processeur de paiement &#8211; elle peut vous aider \u00e0 rationaliser votre flux de travail et \u00e0 gagner du temps. Elle est con\u00e7ue pour rendre la collecte de paiements rapide et s\u00e9curis\u00e9e, permettant aux clients de payer par carte de cr\u00e9dit, carte de d\u00e9bit ou ch\u00e8que \u00e9lectronique. De plus, le plugin inclut des outils de d\u00e9pistage des fraudes qui aident \u00e0 se prot\u00e9ger contre les activit\u00e9s frauduleuses. Vous pouvez \u00e9galement personnaliser les formulaires que vous cr\u00e9ez avec des champs suppl\u00e9mentaires tels que les informations de facturation, les s\u00e9lections de pays, et plus encore. De plus, vous pouvez g\u00e9rer vos transactions depuis WordPress, facilitant le suivi des paiements.<\/p>\n<h3>Pourquoi l&rsquo;utiliser ?<\/h3>\n<p>Utiliser la passerelle de paiement iATS pour Contact Form 7 est un excellent moyen d&rsquo;accepter rapidement et en toute s\u00e9curit\u00e9 des paiements sur votre site WordPress. Ce plugin facilite l&rsquo;ajout d&rsquo;options de paiement \u00e0 vos formulaires et offre des fonctionnalit\u00e9s de s\u00e9curit\u00e9 suppl\u00e9mentaires telles que des outils de d\u00e9pistage des fraudes. De plus, il prend en charge plusieurs devises, vous permettant d&rsquo;accepter des paiements de clients du monde entier. Avec ce plugin, vous pourrez recevoir rapidement et en toute s\u00e9curit\u00e9 des paiements avec Contact Form 7.<\/p>\n<p><strong>Ce qui distingue la passerelle de paiement iATS pour Contact Form 7 :<\/strong><\/p>\n<ul>\n<li><strong>Traitement fluide des paiements :<\/strong> Simplifiez la collecte de paiements via vos formulaires, offrant une exp\u00e9rience fluide et sans tracas pour vos utilisateurs.<\/li>\n<li><strong>S\u00e9curit\u00e9 avanc\u00e9e :<\/strong> Faites confiance aux fonctionnalit\u00e9s de s\u00e9curit\u00e9 robustes d&rsquo;iATS, assurant que chaque transaction est s\u00e9curis\u00e9e et que les donn\u00e9es des utilisateurs restent confidentielles.<\/li>\n<li><strong>Polyvalence de paiement :<\/strong> Acceptez une large gamme de m\u00e9thodes de paiement, r\u00e9pondant \u00e0 une base d&rsquo;utilisateurs diversifi\u00e9e.<\/li>\n<li><strong>Rapports complets :<\/strong> Restez organis\u00e9 et prenez des d\u00e9cisions \u00e9clair\u00e9es avec des outils de rapport d\u00e9taill\u00e9s pour surveiller et optimiser vos transactions de paiement.<\/li>\n<\/ul>\n<p><strong>Pr\u00e9sentation d&rsquo;iATS :<\/strong> iATS est un fournisseur de passerelle de paiement renomm\u00e9, reconnu pour ses solutions de traitement de paiement fiables et s\u00e9curis\u00e9es. Avec un engagement envers des exp\u00e9riences de paiement conviviales, iATS aide les entreprises et les organisations \u00e0 collecter des paiements de mani\u00e8re transparente.<\/p>\n<p><strong>L&rsquo;int\u00e9gration iATS-Contact Form 7 :<\/strong> La passerelle de paiement iATS s&rsquo;int\u00e8gre parfaitement avec Contact Form 7, am\u00e9liorant votre capacit\u00e9 \u00e0 collecter des paiements via des formulaires. Cette int\u00e9gration permet aux entreprises et aux organisations \u00e0 but non lucratif de traiter efficacement les paiements directement dans leurs formulaires, garantissant une exp\u00e9rience de paiement s\u00e9curis\u00e9e et conviviale. Que vous collectiez des dons, des frais d&rsquo;\u00e9v\u00e9nement ou des paiements pour vos services, la passerelle de paiement iATS pour Contact Form 7 simplifie le processus de paiement.<\/p>\n<p><strong>Comment commencer :<\/strong> Pour commencer \u00e0 utiliser la passerelle de paiement iATS pour Contact Form 7, suivez ces \u00e9tapes simples :<\/p>\n<ol>\n<li><strong><a href=\"https:\/\/www.iatspayments.com\/\" target=\"_new\" rel=\"noopener\">Cr\u00e9ez un compte iATS<\/a><\/strong> : Commencez par configurer un compte iATS pour acc\u00e9der \u00e0 leurs puissants services de passerelle de paiement.<\/li>\n<li><strong>Configuration :<\/strong> Configurez et ajoutez de mani\u00e8re transparente iATS dans vos formulaires Contact Form 7.<\/li>\n<\/ol>\n<p>Ne manquez pas l&rsquo;opportunit\u00e9 d&rsquo;optimiser votre processus de collecte de paiements. Poussez vos capacit\u00e9s de cr\u00e9ation de formulaires au niveau sup\u00e9rieur avec la passerelle de paiement iATS pour Contact Form 7. Simplifiez les paiements, inspirez la confiance des utilisateurs et am<\/p>\n","protected":false},"excerpt":{"rendered":"<p>Integrate iATS Gateway for Contact Form 7<\/p>\n","protected":false},"featured_media":2340,"comment_status":"open","ping_status":"closed","template":"","meta":{"_acf_changed":false},"product_cat":[53],"product_tag":[238],"class_list":{"0":"post-2339","1":"product","2":"type-product","3":"status-publish","4":"has-post-thumbnail","6":"product_cat-contact-form-7","7":"product_tag-iats","9":"first","10":"instock","11":"shipping-taxable","12":"purchasable","13":"product-type-simple"},"acf":[],"_links":{"self":[{"href":"https:\/\/wpayo.com\/fr\/wp-json\/wp\/v2\/product\/2339","targetHints":{"allow":["GET"]}}],"collection":[{"href":"https:\/\/wpayo.com\/fr\/wp-json\/wp\/v2\/product"}],"about":[{"href":"https:\/\/wpayo.com\/fr\/wp-json\/wp\/v2\/types\/product"}],"replies":[{"embeddable":true,"href":"https:\/\/wpayo.com\/fr\/wp-json\/wp\/v2\/comments?post=2339"}],"wp:featuredmedia":[{"embeddable":true,"href":"https:\/\/wpayo.com\/fr\/wp-json\/wp\/v2\/media\/2340"}],"wp:attachment":[{"href":"https:\/\/wpayo.com\/fr\/wp-json\/wp\/v2\/media?parent=2339"}],"wp:term":[{"taxonomy":"product_cat","embeddable":true,"href":"https:\/\/wpayo.com\/fr\/wp-json\/wp\/v2\/product_cat?post=2339"},{"taxonomy":"product_tag","embeddable":true,"href":"https:\/\/wpayo.com\/fr\/wp-json\/wp\/v2\/product_tag?post=2339"}],"curies":[{"name":"wp","href":"https:\/\/api.w.org\/{rel}","templated":true}]}}