{"id":2343,"date":"2024-01-17T11:38:52","date_gmt":"2024-01-17T11:38:52","guid":{"rendered":"https:\/\/wpayo.com\/fr\/?post_type=product&#038;p=2343"},"modified":"2024-01-17T11:38:53","modified_gmt":"2024-01-17T11:38:53","slug":"iats-payment-gateway-for-givewp","status":"publish","type":"product","link":"https:\/\/wpayo.com\/fr\/paiement-gateway\/iats-payment-gateway-for-givewp\/","title":{"rendered":"iATS Payment Gateway for GiveWP"},"content":{"rendered":"<p>\u00c9levez les efforts de collecte de fonds de votre organisation \u00e0 de nouveaux sommets avec la passerelle de paiement iATS pour GiveWP. Ce puissant plugin combine les capacit\u00e9s exceptionnelles de GiveWP, un plugin de dons de premier plan, avec l&rsquo;int\u00e9gration transparente d&rsquo;iATS, une passerelle de paiement de confiance. Ensemble, ils offrent une solution riche en fonctionnalit\u00e9s et conviviale pour les organisations \u00e0 but non lucratif cherchant \u00e0 rationaliser leur processus de collecte de dons.<\/p>\n<p><strong>Ce qui distingue la passerelle de paiement iATS pour GiveWP :<\/strong><\/p>\n<ul>\n<li><strong>Collecte de dons fluide :<\/strong> Simplifiez le processus de don \u00e0 travers vos formulaires GiveWP, offrant une exp\u00e9rience fluide et sans tracas pour vos donateurs.<\/li>\n<li><strong>S\u00e9curit\u00e9 avanc\u00e9e :<\/strong> Faites confiance aux fonctionnalit\u00e9s de s\u00e9curit\u00e9 robustes d&rsquo;iATS, assurant la s\u00e9curit\u00e9 de chaque don et la confidentialit\u00e9 des donn\u00e9es des donateurs.<\/li>\n<li><strong>Polyvalence de paiement :<\/strong> Acceptez une large gamme de m\u00e9thodes de paiement, r\u00e9pondant \u00e0 une base de donateurs diversifi\u00e9e.<\/li>\n<li><strong>Rapports complets :<\/strong> Restez organis\u00e9 et prenez des d\u00e9cisions \u00e9clair\u00e9es avec des outils de rapport d\u00e9taill\u00e9s pour surveiller et optimiser vos transactions de dons.<\/li>\n<\/ul>\n<p><strong>Pr\u00e9sentation d&rsquo;iATS :<\/strong> iATS est un fournisseur renomm\u00e9 de passerelles de paiement, reconnu pour ses solutions de traitement de paiement fiables et s\u00e9curis\u00e9es. Avec un engagement envers des exp\u00e9riences de don conviviales, iATS aide les organisations \u00e0 but non lucratif \u00e0 collecter des dons de mani\u00e8re transparente.<\/p>\n<p><strong>L&rsquo;int\u00e9gration iATS-GiveWP :<\/strong> La passerelle de paiement iATS s&rsquo;int\u00e8gre parfaitement avec GiveWP, am\u00e9liorant votre capacit\u00e9 \u00e0 collecter des dons directement via vos formulaires. Cette int\u00e9gration permet aux organisations \u00e0 but non lucratif de traiter efficacement les dons dans leurs formulaires, garantissant une exp\u00e9rience de don s\u00e9curis\u00e9e et conviviale. Que vous collectiez des dons ponctuels ou r\u00e9currents, la passerelle de paiement iATS pour GiveWP simplifie le processus de don.<\/p>\n<p><strong>Comment commencer :<\/strong> Pour commencer \u00e0 utiliser la passerelle de paiement iATS pour GiveWP, suivez ces \u00e9tapes simples :<\/p>\n<ol>\n<li><strong><a href=\"https:\/\/www.iatspayments.com\/\" target=\"_new\" rel=\"noopener\">Cr\u00e9ez un compte iATS<\/a><\/strong> : Commencez par configurer un compte iATS pour acc\u00e9der \u00e0 leurs puissants services de passerelle de paiement.<\/li>\n<li><strong>Configuration :<\/strong> Configurez et ajoutez de mani\u00e8re transparente iATS dans vos formulaires GiveWP.<\/li>\n<\/ol>\n<p>Ne manquez pas l&rsquo;opportunit\u00e9 d&rsquo;optimiser votre processus de collecte de dons. Poussez vos efforts de collecte de fonds au niveau sup\u00e9rieur avec la passerelle de paiement iATS pour GiveWP. Simplifiez les dons, inspirez la confiance des donateurs et am\u00e9liorez le succ\u00e8s de vos campagnes. Lancez-vous maintenant et profitez des avantages d&rsquo;une collecte de fonds en ligne sans tracas.<\/p>\n<p>\u00cates-vous pr\u00eat \u00e0 \u00e9lever votre exp\u00e9rience de collecte de dons ? T\u00e9l\u00e9chargez la passerelle de paiement iATS pour GiveWP et commencez \u00e0 accepter des dons en toute confiance.<\/p>\n","protected":false},"excerpt":{"rendered":"<p>Integrate iATS Gateway for GiveWP<\/p>\n","protected":false},"featured_media":2344,"comment_status":"open","ping_status":"closed","template":"","meta":{"_acf_changed":false},"product_cat":[87],"product_tag":[238],"class_list":{"0":"post-2343","1":"product","2":"type-product","3":"status-publish","4":"has-post-thumbnail","6":"product_cat-wpgive","7":"product_tag-iats","9":"first","10":"instock","11":"shipping-taxable","12":"purchasable","13":"product-type-simple"},"acf":[],"_links":{"self":[{"href":"https:\/\/wpayo.com\/fr\/wp-json\/wp\/v2\/product\/2343","targetHints":{"allow":["GET"]}}],"collection":[{"href":"https:\/\/wpayo.com\/fr\/wp-json\/wp\/v2\/product"}],"about":[{"href":"https:\/\/wpayo.com\/fr\/wp-json\/wp\/v2\/types\/product"}],"replies":[{"embeddable":true,"href":"https:\/\/wpayo.com\/fr\/wp-json\/wp\/v2\/comments?post=2343"}],"wp:featuredmedia":[{"embeddable":true,"href":"https:\/\/wpayo.com\/fr\/wp-json\/wp\/v2\/media\/2344"}],"wp:attachment":[{"href":"https:\/\/wpayo.com\/fr\/wp-json\/wp\/v2\/media?parent=2343"}],"wp:term":[{"taxonomy":"product_cat","embeddable":true,"href":"https:\/\/wpayo.com\/fr\/wp-json\/wp\/v2\/product_cat?post=2343"},{"taxonomy":"product_tag","embeddable":true,"href":"https:\/\/wpayo.com\/fr\/wp-json\/wp\/v2\/product_tag?post=2343"}],"curies":[{"name":"wp","href":"https:\/\/api.w.org\/{rel}","templated":true}]}}