{"id":2349,"date":"2024-01-17T11:41:48","date_gmt":"2024-01-17T11:41:48","guid":{"rendered":"https:\/\/wpayo.com\/fr\/?post_type=product&#038;p=2349"},"modified":"2024-01-17T11:41:49","modified_gmt":"2024-01-17T11:41:49","slug":"iats-payment-gateway-ninjaforms","status":"publish","type":"product","link":"https:\/\/wpayo.com\/fr\/paiement-gateway\/iats-payment-gateway-ninjaforms\/","title":{"rendered":"iATS Payment Gateway &#8211; NinjaForms"},"content":{"rendered":"<p>Transformez la mani\u00e8re dont vous collectez les paiements avec la passerelle de paiement iATS pour Ninja Forms. Ce plugin robuste combine les capacit\u00e9s exceptionnelles de Ninja Forms, un plugin de cr\u00e9ation de formulaires de premier plan, avec l&rsquo;int\u00e9gration transparente d&rsquo;iATS, une passerelle de paiement de confiance. Ensemble, ils fournissent une solution riche en fonctionnalit\u00e9s et conviviale pour les entreprises et les organisations souhaitant rationaliser leur processus de collecte de paiements.<\/p>\n<p><strong>Pourquoi choisir la passerelle de paiement iATS pour Ninja Forms :<\/strong><\/p>\n<ul>\n<li><strong>Collecte de paiements sans effort :<\/strong> Ninja Forms simplifie le processus de paiement en fournissant une plateforme conviviale qui vous permet de collecter des paiements facilement.<\/li>\n<li><strong>S\u00e9curit\u00e9 avanc\u00e9e :<\/strong> Fiez-vous aux fonctionnalit\u00e9s de s\u00e9curit\u00e9 de pointe d&rsquo;iATS pour garantir que chaque transaction est s\u00e9curis\u00e9e et que les donn\u00e9es des clients restent confidentielles.<\/li>\n<li><strong>Flexibilit\u00e9 des paiements :<\/strong> Acceptez une large gamme de m\u00e9thodes de paiement pour r\u00e9pondre \u00e0 une client\u00e8le diversifi\u00e9e, des cartes de cr\u00e9dit aux paiements ACH (Automated Clearing House).<\/li>\n<li><strong>Paiements mondiaux :<\/strong> \u00c9largissez votre port\u00e9e \u00e0 l&rsquo;\u00e9chelle mondiale en acceptant des paiements dans plusieurs devises, facilitant les transactions internationales.<\/li>\n<li><strong>Analytiques compl\u00e8tes :<\/strong> Restez organis\u00e9 et prenez des d\u00e9cisions \u00e9clair\u00e9es avec des outils de reporting d\u00e9taill\u00e9s, vous aidant \u00e0 surveiller et \u00e0 optimiser vos transactions de paiement.<\/li>\n<\/ul>\n<p><strong>Rencontrez iATS :<\/strong><\/p>\n<p>iATS est un fournisseur de passerelle de paiement renomm\u00e9, c\u00e9l\u00e9br\u00e9 pour sa fiabilit\u00e9 et ses solutions de traitement de paiement s\u00e9curis\u00e9es. Leur engagement envers une exp\u00e9rience de paiement conviviale s&rsquo;aligne parfaitement avec les objectifs de Ninja Forms, en en faisant un choix id\u00e9al pour les entreprises et les organisations.<\/p>\n<p><strong>L&rsquo;int\u00e9gration iATS-Ninja Forms :<\/strong><\/p>\n<p>La passerelle de paiement iATS s&rsquo;int\u00e8gre sans effort \u00e0 Ninja Forms, am\u00e9liorant votre capacit\u00e9 \u00e0 collecter des paiements directement via vos formulaires. Cette int\u00e9gration permet aux entreprises, aux organismes \u00e0 but non lucratif et aux organisations de traiter efficacement les paiements au sein de leurs formulaires, garantissant une exp\u00e9rience de paiement s\u00e9curis\u00e9e et conviviale.<\/p>\n<p><strong>Comment commencer :<\/strong><\/p>\n<p>Pour commencer \u00e0 utiliser la passerelle de paiement iATS pour Ninja Forms, suivez ces \u00e9tapes :<\/p>\n<ol>\n<li><strong><a href=\"https:\/\/www.iatspayments.com\/\" target=\"_new\" rel=\"noopener\">Cr\u00e9ez un compte iATS<\/a><\/strong> : Commencez par configurer un compte iATS pour acc\u00e9der \u00e0 leurs puissants services de passerelle de paiement.<\/li>\n<li><strong>Configuration :<\/strong> Configurez le plugin pour int\u00e9grer iATS de mani\u00e8re transparente dans vos Ninja Forms.<\/li>\n<\/ol>\n<p>Ne manquez pas l&rsquo;opportunit\u00e9 d&rsquo;optimiser votre processus de collecte de paiements. Propulsez vos capacit\u00e9s de cr\u00e9ation de formulaires vers de nouveaux sommets avec la passerelle de paiement iATS pour Ninja Forms. Simplifiez les paiements, inspirez la confiance des clients et am\u00e9liorez le succ\u00e8s de vos formulaires. Lancez-vous d\u00e8s maintenant et profitez des avantages d&rsquo;une transaction en ligne sans tracas.<\/p>\n<p>Pr\u00eat \u00e0 \u00e9lever votre exp\u00e9rience de collecte de paiements ? T\u00e9l\u00e9chargez la passerelle de paiement iATS pour Ninja Forms et commencez \u00e0 accepter les paiements en toute confiance.<\/p>\n","protected":false},"excerpt":{"rendered":"<p>Integrate iATS Gateway for NinjaForms<\/p>\n","protected":false},"featured_media":2350,"comment_status":"open","ping_status":"closed","template":"","meta":{"_acf_changed":false},"product_cat":[52],"product_tag":[238],"class_list":{"0":"post-2349","1":"product","2":"type-product","3":"status-publish","4":"has-post-thumbnail","6":"product_cat-ninja-forms","7":"product_tag-iats","9":"first","10":"instock","11":"shipping-taxable","12":"purchasable","13":"product-type-simple"},"acf":[],"_links":{"self":[{"href":"https:\/\/wpayo.com\/fr\/wp-json\/wp\/v2\/product\/2349","targetHints":{"allow":["GET"]}}],"collection":[{"href":"https:\/\/wpayo.com\/fr\/wp-json\/wp\/v2\/product"}],"about":[{"href":"https:\/\/wpayo.com\/fr\/wp-json\/wp\/v2\/types\/product"}],"replies":[{"embeddable":true,"href":"https:\/\/wpayo.com\/fr\/wp-json\/wp\/v2\/comments?post=2349"}],"wp:featuredmedia":[{"embeddable":true,"href":"https:\/\/wpayo.com\/fr\/wp-json\/wp\/v2\/media\/2350"}],"wp:attachment":[{"href":"https:\/\/wpayo.com\/fr\/wp-json\/wp\/v2\/media?parent=2349"}],"wp:term":[{"taxonomy":"product_cat","embeddable":true,"href":"https:\/\/wpayo.com\/fr\/wp-json\/wp\/v2\/product_cat?post=2349"},{"taxonomy":"product_tag","embeddable":true,"href":"https:\/\/wpayo.com\/fr\/wp-json\/wp\/v2\/product_tag?post=2349"}],"curies":[{"name":"wp","href":"https:\/\/api.w.org\/{rel}","templated":true}]}}