{"id":2351,"date":"2024-01-17T11:41:49","date_gmt":"2024-01-17T11:41:49","guid":{"rendered":"https:\/\/wpayo.com\/fr\/?post_type=product&#038;p=2351"},"modified":"2024-01-17T11:41:50","modified_gmt":"2024-01-17T11:41:50","slug":"cybersource-payment-gateway-ninjaforms","status":"publish","type":"product","link":"https:\/\/wpayo.com\/fr\/paiement-gateway\/cybersource-payment-gateway-ninjaforms\/","title":{"rendered":"CyberSource Payment Gateway &#8211; NinjaForms"},"content":{"rendered":"<p>\u00c9levez le traitement de vos paiements en ligne \u00e0 un niveau sup\u00e9rieur avec la passerelle de paiement CyberSource pour NinjaForms. Ce puissant plugin int\u00e8gre de mani\u00e8re transparente CyberSource, une passerelle de paiement de confiance, avec les capacit\u00e9s de NinjaForms, un constructeur de formulaires de premier ordre. Ensemble, ils offrent une solution riche en fonctionnalit\u00e9s et conviviale pour les entreprises et les organisations souhaitant rationaliser leur processus de collecte de paiements.<\/p>\n<p><strong>Pourquoi opter pour la passerelle de paiement CyberSource pour NinjaForms :<\/strong><\/p>\n<ul>\n<li><strong>Collecte de paiements sans effort :<\/strong> NinjaForms simplifie le processus de paiement en fournissant une plateforme conviviale qui vous permet de collecter des paiements facilement.<\/li>\n<li><strong>S\u00e9curit\u00e9 avanc\u00e9e :<\/strong> Faites confiance aux fonctionnalit\u00e9s de s\u00e9curit\u00e9 de pointe de CyberSource pour garantir que chaque transaction est s\u00e9curis\u00e9e et que les donn\u00e9es de vos clients restent confidentielles.<\/li>\n<li><strong>Flexibilit\u00e9 de paiement :<\/strong> Acceptez une large gamme de m\u00e9thodes de paiement pour r\u00e9pondre \u00e0 une client\u00e8le diversifi\u00e9e, des cartes de cr\u00e9dit aux ch\u00e8ques \u00e9lectroniques, et plus encore.<\/li>\n<li><strong>Paiements mondiaux :<\/strong> \u00c9largissez votre port\u00e9e \u00e0 l&rsquo;\u00e9chelle mondiale en acceptant des paiements dans plusieurs devises, facilitant les transactions internationales.<\/li>\n<li><strong>Analytiques compl\u00e8tes :<\/strong> Restez organis\u00e9 et prenez des d\u00e9cisions \u00e9clair\u00e9es avec des outils de rapport d\u00e9taill\u00e9s, vous aidant \u00e0 surveiller et \u00e0 optimiser vos transactions de paiement.<\/li>\n<\/ul>\n<p><strong>Rencontrez CyberSource :<\/strong><\/p>\n<p>CyberSource est un fournisseur renomm\u00e9 de passerelles de paiement c\u00e9l\u00e8bre pour sa fiabilit\u00e9 et ses solutions de traitement de paiement s\u00e9curis\u00e9es. Avec un engagement envers une exp\u00e9rience de paiement conviviale, CyberSource s&rsquo;aligne parfaitement avec les objectifs de NinjaForms, en en faisant un choix id\u00e9al pour les entreprises et les organisations.<\/p>\n<p><strong>L&rsquo;int\u00e9gration CyberSource-NinjaForms :<\/strong><\/p>\n<p>La passerelle de paiement CyberSource s&rsquo;int\u00e8gre sans effort \u00e0 NinjaForms, am\u00e9liorant votre capacit\u00e9 \u00e0 collecter des paiements directement via vos formulaires. Cette int\u00e9gration permet aux entreprises, aux organisations \u00e0 but non lucratif et aux organisations de traiter efficacement les paiements au sein de leurs formulaires, garantissant une exp\u00e9rience de paiement s\u00e9curis\u00e9e et conviviale.<\/p>\n<p><strong>Comment commencer :<\/strong><\/p>\n<p>Pour commencer \u00e0 utiliser la passerelle de paiement CyberSource pour NinjaForms, suivez ces \u00e9tapes :<\/p>\n<ol>\n<li><strong><a href=\"https:\/\/www.cybersource.com\/\" target=\"_new\" rel=\"noopener\">Cr\u00e9ez un compte CyberSource<\/a><\/strong> : Commencez par configurer un compte CyberSource pour acc\u00e9der \u00e0 leurs puissants services de passerelle de paiement.<\/li>\n<li><strong>Configuration :<\/strong> Configurez et ajoutez de mani\u00e8re transparente CyberSource dans vos formulaires NinjaForms.<\/li>\n<\/ol>\n<p>Ne manquez pas l&rsquo;opportunit\u00e9 d&rsquo;optimiser votre processus de collecte de paiements. Poussez vos capacit\u00e9s de cr\u00e9ation de formulaires vers le niveau sup\u00e9rieur avec la passerelle de paiement CyberSource pour NinjaForms. Simplifiez les paiements, inspirez la confiance des clients et boostez le succ\u00e8s de vos formulaires. Lancez-vous maintenant et profitez des avantages de transactions en ligne sans tracas.<\/p>\n<p>Pr\u00eat \u00e0 \u00e9lever votre exp\u00e9rience de collecte de paiements ? T\u00e9l\u00e9chargez la passerelle de paiement CyberSource pour NinjaForms et commencez \u00e0 accepter les paiements en toute confiance.<\/p>\n","protected":false},"excerpt":{"rendered":"<p>Integrate CyberSource Gateway for NinjaForms<\/p>\n","protected":false},"featured_media":2353,"comment_status":"open","ping_status":"closed","template":"","meta":{"_acf_changed":false},"product_cat":[52],"product_tag":[165],"class_list":{"0":"post-2351","1":"product","2":"type-product","3":"status-publish","4":"has-post-thumbnail","6":"product_cat-ninja-forms","7":"product_tag-cybersource","9":"first","10":"instock","11":"shipping-taxable","12":"purchasable","13":"product-type-simple"},"acf":[],"_links":{"self":[{"href":"https:\/\/wpayo.com\/fr\/wp-json\/wp\/v2\/product\/2351","targetHints":{"allow":["GET"]}}],"collection":[{"href":"https:\/\/wpayo.com\/fr\/wp-json\/wp\/v2\/product"}],"about":[{"href":"https:\/\/wpayo.com\/fr\/wp-json\/wp\/v2\/types\/product"}],"replies":[{"embeddable":true,"href":"https:\/\/wpayo.com\/fr\/wp-json\/wp\/v2\/comments?post=2351"}],"wp:featuredmedia":[{"embeddable":true,"href":"https:\/\/wpayo.com\/fr\/wp-json\/wp\/v2\/media\/2353"}],"wp:attachment":[{"href":"https:\/\/wpayo.com\/fr\/wp-json\/wp\/v2\/media?parent=2351"}],"wp:term":[{"taxonomy":"product_cat","embeddable":true,"href":"https:\/\/wpayo.com\/fr\/wp-json\/wp\/v2\/product_cat?post=2351"},{"taxonomy":"product_tag","embeddable":true,"href":"https:\/\/wpayo.com\/fr\/wp-json\/wp\/v2\/product_tag?post=2351"}],"curies":[{"name":"wp","href":"https:\/\/api.w.org\/{rel}","templated":true}]}}