{"id":2390,"date":"2024-01-17T11:42:00","date_gmt":"2024-01-17T11:42:00","guid":{"rendered":"https:\/\/wpayo.com\/fr\/?post_type=product&#038;p=2390"},"modified":"2024-01-17T11:42:01","modified_gmt":"2024-01-17T11:42:01","slug":"gocardless-payment-gateway-givewp","status":"publish","type":"product","link":"https:\/\/wpayo.com\/fr\/paiement-gateway\/gocardless-payment-gateway-givewp\/","title":{"rendered":"GoCardless Payment Gateway &#8211; GiveWP"},"content":{"rendered":"<p><strong>Optimisez vos dons avec la passerelle de paiement GoCardless pour GiveWP<\/strong><\/p>\n<p>Vous recherchez une solution fiable, s\u00e9curis\u00e9e et efficace pour g\u00e9rer les dons sur votre site WordPress aliment\u00e9 par GiveWP ? Ne cherchez plus, la passerelle de paiement GoCardless pour GiveWP est l\u00e0 pour \u00e9lever votre collecte de fonds. Cette int\u00e9gration combine de mani\u00e8re transparente les puissantes capacit\u00e9s de collecte de dons de GiveWP avec les fonctionnalit\u00e9s fiables de traitement des paiements de GoCardless, offrant une solution id\u00e9ale pour les organisations \u00e0 but non lucratif et les entreprises souhaitant am\u00e9liorer leur processus de collecte de dons.<\/p>\n<p><strong>Pourquoi choisir la passerelle de paiement GoCardless pour GiveWP :<\/strong><\/p>\n<ol>\n<li><strong>Collecte de dons sans effort :<\/strong> GiveWP simplifie la gestion des dons, et la passerelle de paiement GoCardless rationalise davantage en fournissant une plateforme conviviale pour le traitement des paiements.<\/li>\n<li><strong>S\u00e9curit\u00e9 avanc\u00e9e :<\/strong> Soyez tranquille avec les fonctionnalit\u00e9s de s\u00e9curit\u00e9 de pointe de GoCardless, assurant que chaque transaction de don est s\u00e9curis\u00e9e et que les donn\u00e9es sensibles des donateurs restent confidentielles.<\/li>\n<li><strong>Polyvalence des dons :<\/strong> Acceptez une large gamme de m\u00e9thodes de don, y compris les pr\u00e9l\u00e8vements automatiques, facilitant la contribution des donateurs.<\/li>\n<li><strong>Dons mondiaux :<\/strong> \u00c9largissez votre port\u00e9e en acceptant des dons dans plusieurs devises, facilitant la contribution des supporters internationaux.<\/li>\n<li><strong>Rapports d\u00e9taill\u00e9s :<\/strong> Restez organis\u00e9 et prenez des d\u00e9cisions bas\u00e9es sur les donn\u00e9es gr\u00e2ce \u00e0 des outils de reporting complets, vous permettant de surveiller et d&rsquo;optimiser vos efforts de collecte de dons.<\/li>\n<\/ol>\n<p><strong>Rencontrez GoCardless :<\/strong><\/p>\n<p>GoCardless est un fournisseur de passerelles de paiement de confiance, renomm\u00e9 pour sa fiabilit\u00e9 et ses solutions simples de traitement des paiements. Leur d\u00e9vouement envers des exp\u00e9riences de paiement conviviales s&rsquo;aligne parfaitement avec les objectifs de GiveWP, en en faisant un choix privil\u00e9gi\u00e9 pour les organisations \u00e0 but non lucratif et les collecteurs de fonds.<\/p>\n<p><strong>L&rsquo;int\u00e9gration GoCardless-GiveWP :<\/strong><\/p>\n<p>La passerelle de paiement GoCardless s&rsquo;int\u00e8gre sans effort avec GiveWP, am\u00e9liorant votre capacit\u00e9 \u00e0 collecter des dons directement via votre site web. Cette int\u00e9gration rationalise le traitement des dons pour vos campagnes, assurant une exp\u00e9rience s\u00e9curis\u00e9e et conviviale tant pour vous que pour vos supporters.<\/p>\n<p><strong>Comment commencer :<\/strong><\/p>\n<ol>\n<li><strong><a href=\"https:\/\/www.gocardless.com\/\" target=\"_new\" rel=\"noopener\">Cr\u00e9ez un compte GoCardless<\/a><\/strong> : Commencez par configurer un compte GoCardless pour acc\u00e9der \u00e0 leurs robustes services de passerelle de paiement.<\/li>\n<li><strong>Configuration :<\/strong> Configurez le plugin pour int\u00e9grer GoCardless de mani\u00e8re transparente dans vos formulaires de dons GiveWP, offrant une solution tout-en-un pour vos efforts de collecte de fonds.<\/li>\n<\/ol>\n<p>Ne manquez pas l&rsquo;opportunit\u00e9 d&rsquo;am\u00e9liorer votre processus de collecte de dons. Propulsez vos campagnes GiveWP vers de nouveaux sommets avec la passerelle de paiement GoCardless. Simplifiez les dons, inspirez la confiance des donateurs et augmentez le succ\u00e8s de vos efforts de collecte de fonds. Lancez-vous d\u00e8s maintenant et profitez des avantages d&rsquo;un traitement des dons sans tracas.<\/p>\n<p>Pr\u00eat \u00e0 transformer votre collecte de dons avec GiveWP ? T\u00e9l\u00e9chargez la passerelle de paiement GoCardless pour GiveWP et commencez \u00e0 accepter des dons en toute confiance.<\/p>\n","protected":false},"excerpt":{"rendered":"<p>Integrate GoCardless Gateway for GiveWP<\/p>\n","protected":false},"featured_media":2391,"comment_status":"open","ping_status":"closed","template":"","meta":{"_acf_changed":false},"product_cat":[87],"product_tag":[163],"class_list":{"0":"post-2390","1":"product","2":"type-product","3":"status-publish","4":"has-post-thumbnail","6":"product_cat-wpgive","7":"product_tag-gocardless","9":"first","10":"instock","11":"shipping-taxable","12":"purchasable","13":"product-type-simple"},"acf":[],"_links":{"self":[{"href":"https:\/\/wpayo.com\/fr\/wp-json\/wp\/v2\/product\/2390","targetHints":{"allow":["GET"]}}],"collection":[{"href":"https:\/\/wpayo.com\/fr\/wp-json\/wp\/v2\/product"}],"about":[{"href":"https:\/\/wpayo.com\/fr\/wp-json\/wp\/v2\/types\/product"}],"replies":[{"embeddable":true,"href":"https:\/\/wpayo.com\/fr\/wp-json\/wp\/v2\/comments?post=2390"}],"wp:featuredmedia":[{"embeddable":true,"href":"https:\/\/wpayo.com\/fr\/wp-json\/wp\/v2\/media\/2391"}],"wp:attachment":[{"href":"https:\/\/wpayo.com\/fr\/wp-json\/wp\/v2\/media?parent=2390"}],"wp:term":[{"taxonomy":"product_cat","embeddable":true,"href":"https:\/\/wpayo.com\/fr\/wp-json\/wp\/v2\/product_cat?post=2390"},{"taxonomy":"product_tag","embeddable":true,"href":"https:\/\/wpayo.com\/fr\/wp-json\/wp\/v2\/product_tag?post=2390"}],"curies":[{"name":"wp","href":"https:\/\/api.w.org\/{rel}","templated":true}]}}