{"id":2406,"date":"2024-01-17T11:42:15","date_gmt":"2024-01-17T11:42:15","guid":{"rendered":"https:\/\/wpayo.com\/fr\/?post_type=product&#038;p=2406"},"modified":"2024-01-17T11:42:16","modified_gmt":"2024-01-17T11:42:16","slug":"eprocessingnetwork-payment-gateway-ninjaforms","status":"publish","type":"product","link":"https:\/\/wpayo.com\/fr\/paiement-gateway\/eprocessingnetwork-payment-gateway-ninjaforms\/","title":{"rendered":"eProcessingNetwork Payment Gateway &#8211; NinjaForms"},"content":{"rendered":"<p><strong>Plugin de passerelle de paiement eProcessingNetwork pour Ninja Forms<\/strong> &#8211; Le plugin de passerelle de paiement eProcessingNetwork pour Ninja Forms est un outil puissant con\u00e7u pour int\u00e9grer de mani\u00e8re transparente les services de traitement des paiements d&rsquo;eProcessingNetwork avec votre site WordPress, en particulier avec le plugin Ninja Forms. Ce plugin permet \u00e0 votre site web de g\u00e9rer de mani\u00e8re s\u00e9curis\u00e9e et efficace diverses fonctions li\u00e9es aux paiements, notamment les transactions, les abonnements et les paiements par carte de cr\u00e9dit.<\/p>\n<p>Les fonctionnalit\u00e9s cl\u00e9s et les avantages de ce plugin peuvent inclure :<\/p>\n<ol>\n<li><strong>Gestion des transactions :<\/strong> Le plugin vous permet de g\u00e9rer et de traiter les transactions facilement, facilitant les paiements et les dons sur votre site web.<\/li>\n<li><strong>Paiements par abonnement :<\/strong> Configurez facilement des formulaires de paiement bas\u00e9s sur des abonnements, vous permettant de collecter des paiements r\u00e9currents pour des adh\u00e9sions, des services ou un soutien continu.<\/li>\n<li><strong>Paiements par carte de cr\u00e9dit :<\/strong> Le plugin offre la possibilit\u00e9 d&rsquo;accepter des paiements par carte de cr\u00e9dit de vos clients, garantissant une exp\u00e9rience de paiement fluide et s\u00e9curis\u00e9e.<\/li>\n<li><strong>Traitement des paiements :<\/strong> Le traitement simplifi\u00e9 des paiements vous permet d&rsquo;accepter des paiements de plusieurs sources, y compris les cartes de cr\u00e9dit et les ch\u00e8ques \u00e9lectroniques, augmentant la flexibilit\u00e9 pour vos clients.<\/li>\n<li><strong>S\u00e9curit\u00e9 des paiements :<\/strong> Les mesures de s\u00e9curit\u00e9 robustes d&rsquo;eProcessingNetwork garantissent que les transactions financi\u00e8res sont trait\u00e9es de mani\u00e8re s\u00e9curis\u00e9e et conforme aux exigences de la norme PCI DSS (Payment Card Industry Data Security Standard).<\/li>\n<\/ol>\n<p><strong>Avis :<\/strong> Veuillez noter que tous les paiements effectu\u00e9s \u00e0 l&rsquo;aide du plugin de passerelle de paiement eProcessingNetwork sont trait\u00e9s de mani\u00e8re transparente et s\u00e9curis\u00e9e. Le plugin est con\u00e7u pour faciliter les paiements tout en respectant la conformit\u00e9 \u00e0 la norme PCI DSS. Cela garantit que les informations de paiement sensibles de vos clients sont trait\u00e9es de mani\u00e8re s\u00e9curis\u00e9e et conforme.<\/p>\n<p><strong>Comment utiliser le plugin de passerelle de paiement eProcessingNetwork avec Ninja Forms :<\/strong><\/p>\n<p><strong>1. Cr\u00e9ez un compte eProcessingNetwork :<\/strong><\/p>\n<ul>\n<li>Pour commencer, vous devez avoir un compte eProcessingNetwork. Si vous n&rsquo;en avez pas, visitez le site web d&rsquo;eProcessingNetwork (g\u00e9n\u00e9ralement situ\u00e9 \u00e0 <a href=\"http:\/\/www.eprocessingnetwork.com\" target=\"_new\" rel=\"noopener\">www.eprocessingnetwork.com<\/a>) et inscrivez-vous pour un compte. Suivez leur processus d&rsquo;inscription et assurez-vous d&rsquo;obtenir les informations n\u00e9cessaires, telles que votre identifiant commer\u00e7ant et vos cl\u00e9s API.<\/li>\n<\/ul>\n<p><strong>2. Installez et activez le plugin :<\/strong><\/p>\n<ul>\n<li>Connectez-vous \u00e0 votre tableau de bord WordPress.<\/li>\n<li>Acc\u00e9dez \u00e0 la section \u00ab\u00a0Extensions\u00a0\u00bb et cliquez sur \u00ab\u00a0Ajouter une nouvelle\u00a0\u00bb.<\/li>\n<li>Recherchez \u00ab\u00a0eProcessingNetwork Payment Gateway for Ninja Forms\u00a0\u00bb et cliquez sur \u00ab\u00a0Installer maintenant\u00a0\u00bb.<\/li>\n<li>Apr\u00e8s l&rsquo;installation, cliquez sur \u00ab\u00a0Activer\u00a0\u00bb pour activer le plugin sur votre site WordPress.<\/li>\n<\/ul>\n<p><strong>3. Configurez le plugin :<\/strong><\/p>\n<ul>\n<li>Apr\u00e8s l&rsquo;activation, acc\u00e9dez aux param\u00e8tres de Ninja Forms dans votre panneau d&rsquo;administration WordPress.<\/li>\n<li>Localisez les options d&rsquo;int\u00e9gration de paiement ou les param\u00e8tres du plugin de passerelle de paiement eProcessingNetwork.<\/li>\n<li>Configurez le plugin en saisissant les d\u00e9tails de votre compte eProcessingNetwork, notamment votre identifiant commer\u00e7ant et vos cl\u00e9s API.<\/li>\n<\/ul>\n<p><strong>4. Personnalisez les formulaires de paiement :<\/strong><\/p>\n<ul>\n<li>Cr\u00e9ez des formulaires personnalis\u00e9s \u00e0 l&rsquo;aide de Ninja Forms, int\u00e9grant des champs de paiement et toutes les autres informations pertinentes, telles que les d\u00e9tails de facturation et les montants de paiement.<\/li>\n<\/ul>\n<p><strong>5. Testez les transactions :<\/strong><\/p>\n<ul>\n<li>Il est conseill\u00e9 de r\u00e9aliser des transactions de test pour vous assurer que l&rsquo;int\u00e9gration fonctionne comme pr\u00e9vu. Vous pouvez le faire en soumettant des paiements de test via vos formulaires Ninja pour v\u00e9rifier que le plugin traite les transactions de mani\u00e8re pr\u00e9cise.<\/li>\n<\/ul>\n<p><strong>6. Passez en direct :<\/strong><\/p>\n<ul>\n<li>Une fois que vous avez test\u00e9 avec succ\u00e8s la configuration et que vous \u00eates s\u00fbr que tout fonctionne comme pr\u00e9vu, vous pouvez passer aux transactions en direct. Assurez-vous que votre compte eProcessingNetwork est configur\u00e9 pour accepter les paiements en direct.<\/li>\n<\/ul>\n<p><strong>7. Surveillez et entretenez :<\/strong><\/p>\n<ul>\n<li>Surveillez r\u00e9guli\u00e8rement le traitement de vos paiements pour vous assurer qu&rsquo;il continue de fonctionner correctement. Restez inform\u00e9 des mises \u00e0 jour ou des modifications de la passerelle de paiement eProcessingNetwork et maintenez votre plugin \u00e0 jour.<\/li>\n<\/ul>\n<p>N&rsquo;oubliez pas de consulter la documentation fournie par le d\u00e9veloppeur du plugin de passerelle de paiement eProcessingNetwork pour des d\u00e9tails de configuration sp\u00e9cifiques et des conseils de d\u00e9pannage. De plus, toute URL ou d\u00e9tail sp\u00e9cifique au compte doit \u00eatre obtenu \u00e0 partir du tableau de bord de votre compte eProcessingNetwork lors du processus d&rsquo;inscription.<\/p>\n","protected":false},"excerpt":{"rendered":"<p>Integrate eProcessingNetwork Gateway for NinjaForms<\/p>\n","protected":false},"featured_media":2407,"comment_status":"open","ping_status":"closed","template":"","meta":{"_acf_changed":false},"product_cat":[52],"product_tag":[240],"class_list":{"0":"post-2406","1":"product","2":"type-product","3":"status-publish","4":"has-post-thumbnail","6":"product_cat-ninja-forms","7":"product_tag-eprocessingnetwork","9":"first","10":"instock","11":"shipping-taxable","12":"purchasable","13":"product-type-simple"},"acf":[],"_links":{"self":[{"href":"https:\/\/wpayo.com\/fr\/wp-json\/wp\/v2\/product\/2406","targetHints":{"allow":["GET"]}}],"collection":[{"href":"https:\/\/wpayo.com\/fr\/wp-json\/wp\/v2\/product"}],"about":[{"href":"https:\/\/wpayo.com\/fr\/wp-json\/wp\/v2\/types\/product"}],"replies":[{"embeddable":true,"href":"https:\/\/wpayo.com\/fr\/wp-json\/wp\/v2\/comments?post=2406"}],"wp:featuredmedia":[{"embeddable":true,"href":"https:\/\/wpayo.com\/fr\/wp-json\/wp\/v2\/media\/2407"}],"wp:attachment":[{"href":"https:\/\/wpayo.com\/fr\/wp-json\/wp\/v2\/media?parent=2406"}],"wp:term":[{"taxonomy":"product_cat","embeddable":true,"href":"https:\/\/wpayo.com\/fr\/wp-json\/wp\/v2\/product_cat?post=2406"},{"taxonomy":"product_tag","embeddable":true,"href":"https:\/\/wpayo.com\/fr\/wp-json\/wp\/v2\/product_tag?post=2406"}],"curies":[{"name":"wp","href":"https:\/\/api.w.org\/{rel}","templated":true}]}}