{"id":2410,"date":"2024-01-17T11:42:13","date_gmt":"2024-01-17T11:42:13","guid":{"rendered":"https:\/\/wpayo.com\/fr\/?post_type=product&#038;p=2410"},"modified":"2024-01-17T11:42:14","modified_gmt":"2024-01-17T11:42:14","slug":"eprocessingnetwork-payment-gateway-easy-digital-downloads","status":"publish","type":"product","link":"https:\/\/wpayo.com\/fr\/paiement-gateway\/eprocessingnetwork-payment-gateway-easy-digital-downloads\/","title":{"rendered":"eProcessingNetwork Payment Gateway &#8211; Easy Digital Downloads"},"content":{"rendered":"<p><strong>Plugin de passerelle de paiement eProcessingNetwork pour Easy Digital Downloads<\/strong> &#8211; Le plugin de passerelle de paiement eProcessingNetwork pour Easy Digital Downloads est une solution puissante con\u00e7ue pour int\u00e9grer de mani\u00e8re transparente les services de traitement des paiements d&rsquo;eProcessingNetwork avec votre site WordPress, en particulier avec Easy Digital Downloads. Ce plugin permet \u00e0 votre boutique de produits num\u00e9riques de traiter les paiements de mani\u00e8re s\u00e9curis\u00e9e et efficace, de g\u00e9rer les transactions et d&rsquo;offrir une exp\u00e9rience de paiement fluide \u00e0 vos clients lors de la vente de produits num\u00e9riques.<\/p>\n<p>Les fonctionnalit\u00e9s cl\u00e9s et les avantages de ce plugin peuvent inclure :<\/p>\n<ol>\n<li><strong>Traitement des paiements :<\/strong> Le plugin offre un ensemble complet de fonctionnalit\u00e9s pour le traitement des paiements, permettant \u00e0 vos clients de faire des achats de produits num\u00e9riques en toute simplicit\u00e9.<\/li>\n<li><strong>Gestion des transactions :<\/strong> G\u00e9rez et traitez efficacement les transactions, garantissant que les paiements et les commandes de produits num\u00e9riques sont trait\u00e9s de mani\u00e8re transparente.<\/li>\n<li><strong>Paiements par carte de cr\u00e9dit :<\/strong> Acceptez les paiements par carte de cr\u00e9dit, offrant une m\u00e9thode de paiement pratique et s\u00e9curis\u00e9e pour vos clients.<\/li>\n<li><strong>Abonnements et paiements r\u00e9currents :<\/strong> Configurez facilement des plans de paiement bas\u00e9s sur des abonnements, permettant des paiements r\u00e9currents, parfaits pour les adh\u00e9sions aux produits num\u00e9riques et les services d&rsquo;abonnement.<\/li>\n<li><strong>S\u00e9curit\u00e9 des paiements :<\/strong> Les mesures de s\u00e9curit\u00e9 rigoureuses d&rsquo;eProcessingNetwork garantissent que les transactions financi\u00e8res sont trait\u00e9es de mani\u00e8re s\u00e9curis\u00e9e, conform\u00e9ment \u00e0 la norme de s\u00e9curit\u00e9 des donn\u00e9es de l&rsquo;industrie des cartes de paiement (PCI DSS).<\/li>\n<li><strong>Personnalisation :<\/strong> Adaptez l&rsquo;exp\u00e9rience de paiement pour correspondre \u00e0 votre marque et \u00e0 votre boutique de produits num\u00e9riques, assurant un aspect coh\u00e9rent et professionnel.<\/li>\n<\/ol>\n<p><strong>Avis :<\/strong> Veuillez noter que tous les paiements effectu\u00e9s \u00e0 l&rsquo;aide du plugin de passerelle de paiement eProcessingNetwork pour Easy Digital Downloads sont trait\u00e9s de mani\u00e8re transparente et s\u00e9curis\u00e9e. Le plugin est con\u00e7u pour faciliter les paiements tout en respectant la conformit\u00e9 \u00e0 la norme PCI DSS, garantissant que les informations de paiement sensibles de vos clients sont trait\u00e9es de mani\u00e8re s\u00e9curis\u00e9e et conforme.<\/p>\n<p><strong>Comment utiliser le plugin de passerelle de paiement eProcessingNetwork avec Easy Digital Downloads :<\/strong><\/p>\n<p><strong>1. Cr\u00e9ez un compte eProcessingNetwork :<\/strong><\/p>\n<ul>\n<li>Pour commencer, vous devez avoir un compte eProcessingNetwork. Si vous n&rsquo;en avez pas, visitez le site web d&rsquo;eProcessingNetwork (g\u00e9n\u00e9ralement situ\u00e9 \u00e0 <a href=\"http:\/\/www.eprocessingnetwork.com\" target=\"_new\" rel=\"noopener\">www.eprocessingnetwork.com<\/a>) et inscrivez-vous pour un compte. Suivez leur processus d&rsquo;inscription et assurez-vous d&rsquo;obtenir les informations n\u00e9cessaires, telles que votre identifiant commer\u00e7ant et vos cl\u00e9s API.<\/li>\n<\/ul>\n<p><strong>2. Installez et activez le plugin :<\/strong><\/p>\n<ul>\n<li>Connectez-vous \u00e0 votre tableau de bord WordPress.<\/li>\n<li>Acc\u00e9dez \u00e0 la section \u00ab\u00a0Extensions\u00a0\u00bb et cliquez sur \u00ab\u00a0Ajouter une nouvelle\u00a0\u00bb.<\/li>\n<li>Recherchez \u00ab\u00a0eProcessingNetwork Payment Gateway for Easy Digital Downloads\u00a0\u00bb et cliquez sur \u00ab\u00a0Installer maintenant\u00a0\u00bb.<\/li>\n<li>Apr\u00e8s l&rsquo;installation, cliquez sur \u00ab\u00a0Activer\u00a0\u00bb pour activer le plugin sur votre site WordPress.<\/li>\n<\/ul>\n<p><strong>3. Configurez le plugin :<\/strong><\/p>\n<ul>\n<li>Apr\u00e8s l&rsquo;activation, acc\u00e9dez aux param\u00e8tres de Easy Digital Downloads dans votre panneau d&rsquo;administration WordPress.<\/li>\n<li>Localisez les options d&rsquo;int\u00e9gration de paiement ou les param\u00e8tres du plugin de passerelle de paiement eProcessingNetwork.<\/li>\n<li>Configurez le plugin en saisissant les d\u00e9tails de votre compte eProcessingNetwork, notamment votre identifiant commer\u00e7ant et vos cl\u00e9s API.<\/li>\n<\/ul>\n<p><strong>4. Configurez les options de paiement :<\/strong><\/p>\n<ul>\n<li>Personnalisez vos options de paiement dans Easy Digital Downloads pour proposer des paiements par carte de cr\u00e9dit, des abonnements ou d&rsquo;autres m\u00e9thodes de paiement pertinentes pour vos produits num\u00e9riques.<\/li>\n<\/ul>\n<p><strong>5. Testez les transactions :<\/strong><\/p>\n<ul>\n<li>Il est conseill\u00e9 de r\u00e9aliser des transactions de test pour vous assurer que l&rsquo;int\u00e9gration fonctionne comme pr\u00e9vu. Vous pouvez le faire en effectuant des achats de test sur votre boutique de produits num\u00e9riques pour v\u00e9rifier que le plugin traite les transactions de mani\u00e8re pr\u00e9cise.<\/li>\n<\/ul>\n<p><strong>6. Passez en direct :<\/strong><\/p>\n<ul>\n<li>Une fois que vous avez test\u00e9 avec succ\u00e8s la configuration et que vous \u00eates s\u00fbr que tout fonctionne comme pr\u00e9vu, vous pouvez passer aux transactions en direct. Assurez-vous que votre compte eProcessingNetwork est configur\u00e9 pour accepter les paiements en direct.<\/li>\n<\/ul>\n<p><strong>7. Surveillez et entretenez :<\/strong><\/p>\n<ul>\n<li>Sur<\/li>\n<\/ul>\n","protected":false},"excerpt":{"rendered":"<p>Integrate eProcessingNetwork Gateway for Easy Digital Downloads<\/p>\n","protected":false},"featured_media":2411,"comment_status":"open","ping_status":"closed","template":"","meta":{"_acf_changed":false},"product_cat":[48],"product_tag":[240],"class_list":{"0":"post-2410","1":"product","2":"type-product","3":"status-publish","4":"has-post-thumbnail","6":"product_cat-easy-digital-downloads","7":"product_tag-eprocessingnetwork","9":"first","10":"instock","11":"shipping-taxable","12":"purchasable","13":"product-type-simple"},"acf":[],"_links":{"self":[{"href":"https:\/\/wpayo.com\/fr\/wp-json\/wp\/v2\/product\/2410","targetHints":{"allow":["GET"]}}],"collection":[{"href":"https:\/\/wpayo.com\/fr\/wp-json\/wp\/v2\/product"}],"about":[{"href":"https:\/\/wpayo.com\/fr\/wp-json\/wp\/v2\/types\/product"}],"replies":[{"embeddable":true,"href":"https:\/\/wpayo.com\/fr\/wp-json\/wp\/v2\/comments?post=2410"}],"wp:featuredmedia":[{"embeddable":true,"href":"https:\/\/wpayo.com\/fr\/wp-json\/wp\/v2\/media\/2411"}],"wp:attachment":[{"href":"https:\/\/wpayo.com\/fr\/wp-json\/wp\/v2\/media?parent=2410"}],"wp:term":[{"taxonomy":"product_cat","embeddable":true,"href":"https:\/\/wpayo.com\/fr\/wp-json\/wp\/v2\/product_cat?post=2410"},{"taxonomy":"product_tag","embeddable":true,"href":"https:\/\/wpayo.com\/fr\/wp-json\/wp\/v2\/product_tag?post=2410"}],"curies":[{"name":"wp","href":"https:\/\/api.w.org\/{rel}","templated":true}]}}