{"id":2421,"date":"2024-01-17T11:42:25","date_gmt":"2024-01-17T11:42:25","guid":{"rendered":"https:\/\/wpayo.com\/fr\/?post_type=product&#038;p=2421"},"modified":"2024-01-17T11:42:26","modified_gmt":"2024-01-17T11:42:26","slug":"usaepay-payment-gateway-gravity-forms","status":"publish","type":"product","link":"https:\/\/wpayo.com\/fr\/paiement-gateway\/usaepay-payment-gateway-gravity-forms\/","title":{"rendered":"USAePay Payment Gateway &#8211; Gravity Forms"},"content":{"rendered":"<p><strong>Passerelle de paiement USAePay pour Gravity Forms &#8211; Optimisez Gravity Forms avec la passerelle de paiement USAePay &#8211; Simplifiez les paiements, boostez les conversions et offrez une exp\u00e9rience s\u00e9curis\u00e9e et fluide \u00e0 vos utilisateurs<br \/>\n<\/strong><\/p>\n<p>Le plugin de passerelle de paiement USAePay pour Gravity Forms est une solution puissante con\u00e7ue pour int\u00e9grer de mani\u00e8re transparente les services de traitement des paiements s\u00e9curis\u00e9s et efficaces de USAePay avec votre site web WordPress, sp\u00e9cifiquement adapt\u00e9 \u00e0 Gravity Forms. Ce plugin donne \u00e0 votre site web la possibilit\u00e9 de traiter de mani\u00e8re s\u00e9curis\u00e9e les paiements, les donations et diverses transactions, offrant une exp\u00e9rience de paiement fluide pour vos utilisateurs.<\/p>\n<p><strong>Fonctionnalit\u00e9s cl\u00e9s et avantages :<\/strong><\/p>\n<ol>\n<li><strong>Transactions s\u00e9curis\u00e9es :<\/strong> Avec USAePay, vous pouvez vous assurer que tous les paiements et donations effectu\u00e9s sur votre site web sont trait\u00e9s avec le plus haut niveau de s\u00e9curit\u00e9. Le plugin est conforme \u00e0 la norme de s\u00e9curit\u00e9 des donn\u00e9es de l&rsquo;industrie des cartes de paiement (PCI DSS) pour prot\u00e9ger les donn\u00e9es sensibles et pr\u00e9venir la fraude.<\/li>\n<li><strong>Processus de paiement rationalis\u00e9 :<\/strong> Le plugin offre des fonctionnalit\u00e9s compl\u00e8tes de traitement des paiements, permettant aux utilisateurs de r\u00e9aliser des paiements et des contributions rapidement et facilement. Des transactions ponctuelles aux paiements r\u00e9currents, nous avons tout pr\u00e9vu.<\/li>\n<li><strong>Paiements par carte de cr\u00e9dit :<\/strong> Acceptez les paiements par carte de cr\u00e9dit, offrant une m\u00e9thode de paiement pratique et fiable pour vos utilisateurs. Cela renforce la confiance et la cr\u00e9dibilit\u00e9.<\/li>\n<li><strong>Paiements et donations r\u00e9currents :<\/strong> Configurez facilement des plans de paiement et de donation r\u00e9currents, id\u00e9aux pour un soutien continu, des adh\u00e9sions ou des services d&rsquo;abonnement. Les utilisateurs peuvent configurer des paiements automatiques pour plus de commodit\u00e9.<\/li>\n<li><strong>Personnalisation :<\/strong> Adaptez l&rsquo;exp\u00e9rience de paiement pour correspondre \u00e0 votre marque et \u00e0 l&rsquo;identit\u00e9 de votre site web, assurant un aspect coh\u00e9rent et professionnel.<\/li>\n<li><strong>Int\u00e9gration avec Gravity Forms :<\/strong> Int\u00e9grez de mani\u00e8re transparente avec Gravity Forms, vous permettant d&rsquo;ajouter des champs de paiement \u00e0 vos formulaires personnalis\u00e9s, de collecter des paiements et de rationaliser le processus de paiement pour vos utilisateurs.<\/li>\n<\/ol>\n<p><strong>Avis :<\/strong> Tous les paiements et donations trait\u00e9s via la passerelle de paiement USAePay pour Gravity Forms sont transparents et s\u00e9curis\u00e9s. Le plugin garantit que les informations de paiement sensibles sont trait\u00e9es conform\u00e9ment \u00e0 la norme PCI DSS, offrant une tranquillit\u00e9 d&rsquo;esprit tant pour vous que pour vos utilisateurs.<\/p>\n<p><strong>Comment utiliser le plugin de passerelle de paiement USAePay avec Gravity Forms :<\/strong><\/p>\n<p><strong>1. Cr\u00e9ez un compte USAePay :<\/strong><\/p>\n<ul>\n<li>Si vous n&rsquo;en avez pas d\u00e9j\u00e0 un, visitez le site web de USAePay \u00e0 l&rsquo;adresse <a href=\"http:\/\/www.usaepay.com\" target=\"_new\" rel=\"noopener\">www.usaepay.com<\/a> et inscrivez-vous pour un compte USAePay. Lors de l&rsquo;inscription, vous recevrez les identifiants essentiels de votre compte, y compris les d\u00e9tails de votre compte commer\u00e7ant et les cl\u00e9s API.<\/li>\n<\/ul>\n<p><strong>2. Installez et activez le plugin :<\/strong><\/p>\n<ul>\n<li>Connectez-vous \u00e0 votre tableau de bord WordPress.<\/li>\n<li>Acc\u00e9dez \u00e0 la section \u00ab\u00a0Extensions\u00a0\u00bb et cliquez sur \u00ab\u00a0Ajouter une nouvelle\u00a0\u00bb.<\/li>\n<li>Recherchez \u00ab\u00a0USAePay Payment Gateway for Gravity Forms\u00a0\u00bb et cliquez sur \u00ab\u00a0Installer maintenant\u00a0\u00bb.<\/li>\n<li>Apr\u00e8s l&rsquo;installation, activez le plugin pour l&rsquo;activer sur votre site WordPress.<\/li>\n<\/ul>\n<p><strong>3. Configurez le plugin :<\/strong><\/p>\n<ul>\n<li>Apr\u00e8s l&rsquo;activation, acc\u00e9dez aux param\u00e8tres de Gravity Forms dans votre panneau d&rsquo;administration WordPress.<\/li>\n<li>Localisez les options d&rsquo;int\u00e9gration de paiement ou les param\u00e8tres du plugin de passerelle de paiement USAePay.<\/li>\n<li>Configurez le plugin en saisissant les d\u00e9tails de votre compte USAePay, y compris les informations de votre compte commer\u00e7ant et les cl\u00e9s API.<\/li>\n<\/ul>\n<p><strong>4. Personnalisez les formulaires de paiement :<\/strong><\/p>\n<ul>\n<li>Cr\u00e9ez des formulaires personnalis\u00e9s avec Gravity Forms, y compris des champs de paiement et toutes les autres informations pertinentes telles que les d\u00e9tails de l&rsquo;utilisateur et les montants de paiement.<\/li>\n<\/ul>\n<p><strong>5. Testez les transactions :<\/strong><\/p>\n<ul>\n<li>Effectuez des transactions de test pour vous assurer que l&rsquo;int\u00e9gration fonctionne comme pr\u00e9vu. Soumettez des paiements de test via vos Gravity Forms pour v\u00e9rifier que le plugin traite les transactions correctement.<\/li>\n<\/ul>\n<p><strong>6. Passez en direct :<\/strong><\/p>\n<ul>\n<li>Passez aux transactions en direct une fois que vous avez test\u00e9 avec succ\u00e8s la configuration et que vous \u00eates s\u00fbr que tout fonctionne comme pr\u00e9vu. Assurez-vous que votre compte USAePay est configur\u00e9 pour accepter les paiements en direct.<\/li>\n<\/ul>\n<p><strong>7. Surveillez et entretenez :<\/strong><\/p>\n<ul>\n<li>Surveillez r\u00e9guli\u00e8rement le traitement de vos paiements pour vous assurer qu&rsquo;il fonctionne correctement. Restez inform\u00e9 des mises \u00e0 jour ou des changements \u00e0 la passerelle de paiement USAePay et gardez votre plugin \u00e0 jour.<\/li>\n<\/ul>\n<p>En utilisant la passerelle de paiement USAePay pour Gravity Forms, vous pouvez offrir une exp\u00e9rience de paiement s\u00e9curis\u00e9e et fluide pour vos utilisateurs, que vous acceptiez des paiements, des donations ou toute autre transaction financi\u00e8re sur votre site web. L&rsquo;int\u00e9gration avec Gravity Forms garantit un processus de paiement convivial et pratique tant pour vous que pour vos utilisateurs.<\/p>\n","protected":false},"excerpt":{"rendered":"<p>Integrate USAePay Gateway for Gravity Forms<\/p>\n","protected":false},"featured_media":2422,"comment_status":"open","ping_status":"closed","template":"","meta":{"_acf_changed":false},"product_cat":[50],"product_tag":[241],"class_list":{"0":"post-2421","1":"product","2":"type-product","3":"status-publish","4":"has-post-thumbnail","6":"product_cat-gravity-forms","7":"product_tag-usaepay","9":"first","10":"instock","11":"shipping-taxable","12":"purchasable","13":"product-type-simple"},"acf":[],"_links":{"self":[{"href":"https:\/\/wpayo.com\/fr\/wp-json\/wp\/v2\/product\/2421","targetHints":{"allow":["GET"]}}],"collection":[{"href":"https:\/\/wpayo.com\/fr\/wp-json\/wp\/v2\/product"}],"about":[{"href":"https:\/\/wpayo.com\/fr\/wp-json\/wp\/v2\/types\/product"}],"replies":[{"embeddable":true,"href":"https:\/\/wpayo.com\/fr\/wp-json\/wp\/v2\/comments?post=2421"}],"wp:featuredmedia":[{"embeddable":true,"href":"https:\/\/wpayo.com\/fr\/wp-json\/wp\/v2\/media\/2422"}],"wp:attachment":[{"href":"https:\/\/wpayo.com\/fr\/wp-json\/wp\/v2\/media?parent=2421"}],"wp:term":[{"taxonomy":"product_cat","embeddable":true,"href":"https:\/\/wpayo.com\/fr\/wp-json\/wp\/v2\/product_cat?post=2421"},{"taxonomy":"product_tag","embeddable":true,"href":"https:\/\/wpayo.com\/fr\/wp-json\/wp\/v2\/product_tag?post=2421"}],"curies":[{"name":"wp","href":"https:\/\/api.w.org\/{rel}","templated":true}]}}