{"id":2450,"date":"2024-01-17T11:42:32","date_gmt":"2024-01-17T11:42:32","guid":{"rendered":"https:\/\/wpayo.com\/fr\/?post_type=product&#038;p=2450"},"modified":"2024-01-17T11:42:33","modified_gmt":"2024-01-17T11:42:33","slug":"payeezy-payment-gateway-givewp","status":"publish","type":"product","link":"https:\/\/wpayo.com\/fr\/paiement-gateway\/payeezy-payment-gateway-givewp\/","title":{"rendered":"Payeezy Payment Gateway GiveWP"},"content":{"rendered":"<p><strong>Payeezy Payment Gateway for GiveWP<\/strong><\/p>\n<p>Des dons sans effort avec la passerelle de paiement Payeezy pour GiveWP<\/p>\n<p>Rehaussez vos efforts de collecte de fonds avec la passerelle de paiement Payeezy pour GiveWP. Cette int\u00e9gration donne du pouvoir \u00e0 vos formulaires de dons GiveWP avec un traitement de paiement s\u00e9curis\u00e9 et efficace, facilitant la contribution de vos supporters \u00e0 votre cause.<\/p>\n<p><strong>Fonctionnalit\u00e9s cl\u00e9s et avantages :<\/strong><\/p>\n<ul>\n<li><strong>Dons s\u00e9curis\u00e9s :<\/strong> Payeezy garantit le plus haut niveau de s\u00e9curit\u00e9 pour prot\u00e9ger les informations sensibles des donateurs et maintenir la confiance dans vos efforts de collecte de fonds.<\/li>\n<li><strong>Don sans effort :<\/strong> Simplifiez le processus de don en int\u00e9grant de mani\u00e8re transparente Payeezy dans vos formulaires GiveWP. Recevez des dons sans aucune friction ni tracas.<\/li>\n<li><strong>Principales cartes de cr\u00e9dit :<\/strong> Acceptez les dons via les principales cartes de cr\u00e9dit, offrant \u00e0 vos donateurs un moyen familier et pratique de contribuer \u00e0 votre cause.<\/li>\n<li><strong>Personnalisation :<\/strong> Personnalisez l&rsquo;exp\u00e9rience de don pour correspondre \u00e0 l&rsquo;image de marque de votre organisation \u00e0 but non lucratif, garantissant un aspect coh\u00e9rent et professionnel.<\/li>\n<\/ul>\n<p><strong>Comment commencer :<\/strong><\/p>\n<ol>\n<li><strong>Explorez Payeezy :<\/strong> Visitez le site officiel de Payeezy \u00e0 l&rsquo;adresse <a href=\"https:\/\/www.payeezy.com\" target=\"_new\" rel=\"noopener\">payeezy.com<\/a> pour en savoir plus sur nos services et fonctionnalit\u00e9s.<\/li>\n<li><strong>V\u00e9rifiez l&rsquo;int\u00e9gration avec GiveWP :<\/strong> Recherchez la documentation, les plugins ou les int\u00e9grations li\u00e9s \u00e0 Payeezy et GiveWP sur notre site web.<\/li>\n<li><strong>Installez le plugin :<\/strong> Si disponible, installez le plugin Payeezy Payment Gateway pour GiveWP via le tableau de bord d&rsquo;administration WordPress.<\/li>\n<li><strong>Configurez les param\u00e8tres :<\/strong> Configurez le plugin en saisissant les d\u00e9tails de votre compte Payeezy, y compris les informations de votre compte commer\u00e7ant et les cl\u00e9s API.<\/li>\n<li><strong>Personnalisez vos formulaires GiveWP :<\/strong> Cr\u00e9ez ou modifiez des formulaires de dons \u00e0 l&rsquo;aide de GiveWP et activez Payeezy comme option de paiement dans les param\u00e8tres de votre formulaire.<\/li>\n<li><strong>Testez et lancez :<\/strong> Effectuez des dons de test pour vous assurer que l&rsquo;int\u00e9gration fonctionne comme pr\u00e9vu. Une fois satisfait, lancez vos formulaires de don GiveWP aliment\u00e9s par Payeezy.<\/li>\n<li><strong>Surveillez et entretenez :<\/strong> Surveillez continuellement le processus de don pour garantir une exp\u00e9rience sans faille pour vos donateurs. Restez inform\u00e9 de tout changement ou mise \u00e0 jour de la passerelle de paiement Payeezy.<\/li>\n<\/ol>\n<p><strong>Int\u00e9grez la passerelle de paiement Payeezy pour GiveWP et offrez \u00e0 vos supporters une exp\u00e9rience de don s\u00e9curis\u00e9e et efficace. Que vous collectiez des fonds pour une organisation \u00e0 but non lucratif, une \u0153uvre de bienfaisance ou toute autre cause, notre solution simplifie le processus et am\u00e9liore la satisfaction des donateurs.<br \/>\n<\/strong><\/p>\n","protected":false},"excerpt":{"rendered":"<p>Integrate Payeezy Gateway for GiveWP<\/p>\n","protected":false},"featured_media":2451,"comment_status":"open","ping_status":"closed","template":"","meta":{"_acf_changed":false},"product_cat":[87],"product_tag":[243],"class_list":{"0":"post-2450","1":"product","2":"type-product","3":"status-publish","4":"has-post-thumbnail","6":"product_cat-wpgive","7":"product_tag-payeezy","9":"first","10":"instock","11":"shipping-taxable","12":"purchasable","13":"product-type-simple"},"acf":[],"_links":{"self":[{"href":"https:\/\/wpayo.com\/fr\/wp-json\/wp\/v2\/product\/2450","targetHints":{"allow":["GET"]}}],"collection":[{"href":"https:\/\/wpayo.com\/fr\/wp-json\/wp\/v2\/product"}],"about":[{"href":"https:\/\/wpayo.com\/fr\/wp-json\/wp\/v2\/types\/product"}],"replies":[{"embeddable":true,"href":"https:\/\/wpayo.com\/fr\/wp-json\/wp\/v2\/comments?post=2450"}],"wp:featuredmedia":[{"embeddable":true,"href":"https:\/\/wpayo.com\/fr\/wp-json\/wp\/v2\/media\/2451"}],"wp:attachment":[{"href":"https:\/\/wpayo.com\/fr\/wp-json\/wp\/v2\/media?parent=2450"}],"wp:term":[{"taxonomy":"product_cat","embeddable":true,"href":"https:\/\/wpayo.com\/fr\/wp-json\/wp\/v2\/product_cat?post=2450"},{"taxonomy":"product_tag","embeddable":true,"href":"https:\/\/wpayo.com\/fr\/wp-json\/wp\/v2\/product_tag?post=2450"}],"curies":[{"name":"wp","href":"https:\/\/api.w.org\/{rel}","templated":true}]}}