{"id":2516,"date":"2024-01-17T11:42:47","date_gmt":"2024-01-17T11:42:47","guid":{"rendered":"https:\/\/wpayo.com\/fr\/?post_type=product&#038;p=2516"},"modified":"2024-01-17T11:42:48","modified_gmt":"2024-01-17T11:42:48","slug":"mercadopago-payment-gateway-givewp","status":"publish","type":"product","link":"https:\/\/wpayo.com\/fr\/paiement-gateway\/mercadopago-payment-gateway-givewp\/","title":{"rendered":"MercadoPago Payment Gateway GiveWP"},"content":{"rendered":"<p><strong>Optimisez la Collecte de Dons avec la Passerelle de Paiement MercadoPago pour GiveWP<\/strong><\/p>\n<p>Si vous recherchez une mani\u00e8re simple, s\u00e9curis\u00e9e et efficace de collecter des dons pour votre site WordPress avec GiveWP, ne cherchez pas plus loin que la passerelle de paiement MercadoPago. Cette int\u00e9gration combine les fonctionnalit\u00e9s de don de GiveWP avec les solides capacit\u00e9s de traitement des paiements de MercadoPago, offrant une solution efficace pour les particuliers et les organisations souhaitant rationaliser leur processus de collecte de dons.<\/p>\n<p><strong>Pourquoi Choisir la Passerelle de Paiement MercadoPago pour GiveWP :<\/strong><\/p>\n<ol>\n<li><strong>Dons sans Probl\u00e8me :<\/strong> GiveWP simplifie le processus de collecte de dons, et la passerelle de paiement MercadoPago compl\u00e8te cela en fournissant une plateforme conviviale pour le traitement des paiements.<\/li>\n<li><strong>Versatilit\u00e9 des Paiements :<\/strong> MercadoPago accepte divers modes de paiement, y compris les cartes de cr\u00e9dit et de d\u00e9bit, les virements bancaires et m\u00eame les paiements en esp\u00e8ces dans les magasins locaux, offrant une commodit\u00e9 aux donateurs.<\/li>\n<li><strong>S\u00e9curit\u00e9 Avanc\u00e9e :<\/strong> Faites confiance aux mesures de s\u00e9curit\u00e9 avanc\u00e9es de MercadoPago pour garantir que chaque don est s\u00e9curis\u00e9 et que les informations sensibles des donateurs sont prot\u00e9g\u00e9es.<\/li>\n<li><strong>Prise en Charge de Plusieurs Devises :<\/strong> Si votre organisation attire des donateurs internationaux, MercadoPago vous permet d&rsquo;accepter des dons dans diff\u00e9rentes devises, facilitant les dons \u00e0 l&rsquo;\u00e9chelle mondiale.<\/li>\n<li><strong>Informations D\u00e9taill\u00e9es :<\/strong> Obtenez des informations pr\u00e9cieuses sur vos campagnes de dons avec les outils complets de rapports et d&rsquo;analyse de MercadoPago, vous permettant de surveiller et d&rsquo;optimiser vos efforts de collecte de fonds.<\/li>\n<\/ol>\n<p><strong>D\u00e9couvrez MercadoPago :<\/strong><\/p>\n<p>MercadoPago est une passerelle de paiement largement fiable en Am\u00e9rique latine. Son engagement \u00e0 fournir des exp\u00e9riences de paiement s\u00e9curis\u00e9es et efficaces s&rsquo;aligne parfaitement sur les objectifs des utilisateurs de GiveWP, en faisant un choix id\u00e9al pour les sites Web WordPress.<\/p>\n<p><strong>L&rsquo;Int\u00e9gration MercadoPago-GiveWP :<\/strong><\/p>\n<p>La passerelle de paiement MercadoPago s&rsquo;int\u00e8gre parfaitement \u00e0 GiveWP, am\u00e9liorant votre capacit\u00e9 \u00e0 collecter des dons directement via vos campagnes de collecte de fonds. Cette int\u00e9gration rationalise le traitement des paiements pour vos dons, assurant une exp\u00e9rience s\u00e9curis\u00e9e et conviviale tant pour vous que pour vos donateurs.<\/p>\n<p><strong>Pour Commencer :<\/strong><\/p>\n<p>Pour commencer \u00e0 utiliser la passerelle de paiement MercadoPago pour GiveWP, suivez ces \u00e9tapes :<\/p>\n<ol>\n<li><strong>Cr\u00e9ez un Compte MercadoPago :<\/strong> <a href=\"https:\/\/www.mercadopago.com\/\" target=\"_new\" rel=\"noopener\">Inscrivez-vous pour obtenir un compte MercadoPago<\/a> et acc\u00e9dez \u00e0 leurs services robustes de passerelle de paiement.<\/li>\n<li><strong>Configuration :<\/strong> Configurez le plugin pour int\u00e9grer sans probl\u00e8me MercadoPago dans vos campagnes de dons GiveWP, offrant une solution compl\u00e8te de traitement des paiements.<\/li>\n<\/ol>\n<p>N&rsquo;h\u00e9sitez pas \u00e0 optimiser votre processus de collecte de dons. Faites passer vos campagnes de collecte de fonds GiveWP au niveau sup\u00e9rieur avec la <a href=\"https:\/\/wpayo.com\/fr\/quest-ce-quune-passerelle-de-paiement-wordpress\/\">passerelle de paiement<\/a> MercadoPago. Simplifiez les dons, inspirez confiance aux donateurs et \u00e9levez le succ\u00e8s de vos efforts de collecte de fonds. Commencez d\u00e8s maintenant et d\u00e9couvrez les avantages d&rsquo;un traitement des dons sans tracas.<\/p>\n","protected":false},"excerpt":{"rendered":"<p>Integrate MercadoPago Gateway for GiveWP<\/p>\n","protected":false},"featured_media":2517,"comment_status":"open","ping_status":"closed","template":"","meta":{"_acf_changed":false},"product_cat":[87],"product_tag":[246],"class_list":{"0":"post-2516","1":"product","2":"type-product","3":"status-publish","4":"has-post-thumbnail","6":"product_cat-wpgive","7":"product_tag-mercadopago","9":"first","10":"instock","11":"shipping-taxable","12":"purchasable","13":"product-type-simple"},"acf":[],"_links":{"self":[{"href":"https:\/\/wpayo.com\/fr\/wp-json\/wp\/v2\/product\/2516","targetHints":{"allow":["GET"]}}],"collection":[{"href":"https:\/\/wpayo.com\/fr\/wp-json\/wp\/v2\/product"}],"about":[{"href":"https:\/\/wpayo.com\/fr\/wp-json\/wp\/v2\/types\/product"}],"replies":[{"embeddable":true,"href":"https:\/\/wpayo.com\/fr\/wp-json\/wp\/v2\/comments?post=2516"}],"wp:featuredmedia":[{"embeddable":true,"href":"https:\/\/wpayo.com\/fr\/wp-json\/wp\/v2\/media\/2517"}],"wp:attachment":[{"href":"https:\/\/wpayo.com\/fr\/wp-json\/wp\/v2\/media?parent=2516"}],"wp:term":[{"taxonomy":"product_cat","embeddable":true,"href":"https:\/\/wpayo.com\/fr\/wp-json\/wp\/v2\/product_cat?post=2516"},{"taxonomy":"product_tag","embeddable":true,"href":"https:\/\/wpayo.com\/fr\/wp-json\/wp\/v2\/product_tag?post=2516"}],"curies":[{"name":"wp","href":"https:\/\/api.w.org\/{rel}","templated":true}]}}