{"id":2524,"date":"2024-01-17T11:42:45","date_gmt":"2024-01-17T11:42:45","guid":{"rendered":"https:\/\/wpayo.com\/fr\/?post_type=product&#038;p=2524"},"modified":"2024-01-17T11:42:45","modified_gmt":"2024-01-17T11:42:45","slug":"redfin-payment-gateway-easy-digital-downloads","status":"publish","type":"product","link":"https:\/\/wpayo.com\/fr\/paiement-gateway\/redfin-payment-gateway-easy-digital-downloads\/","title":{"rendered":"RedFin Payment Gateway Easy Digital Downloads"},"content":{"rendered":"<p><strong>Passerelle de paiement RedFin pour Easy Digital Downloads<\/strong><\/p>\n<p>Vous recherchez une solution de paiement fluide et s\u00e9curis\u00e9e pour votre boutique Easy Digital Downloads (EDD) ? Ne cherchez pas plus loin que la Passerelle de paiement RedFin. Cette int\u00e9gration combine les capacit\u00e9s robustes de vente de produits num\u00e9riques de l&rsquo;EDD avec les fonctionnalit\u00e9s fiables de traitement des paiements de RedFin, offrant une solution sans tracas pour les particuliers et les entreprises souhaitant optimiser leur processus de collecte de paiements.<\/p>\n<p><strong>Pourquoi choisir la Passerelle de paiement RedFin pour Easy Digital Downloads :<\/strong><\/p>\n<ol>\n<li><strong>Collecte de paiements sans effort :<\/strong> L&rsquo;EDD simplifie le processus de vente de produits num\u00e9riques, et la Passerelle de paiement RedFin compl\u00e8te cela en offrant une plateforme conviviale pour le traitement des paiements.<\/li>\n<li><strong>S\u00e9curit\u00e9 avanc\u00e9e :<\/strong> Faites confiance aux fonctionnalit\u00e9s de s\u00e9curit\u00e9 de pointe de RedFin pour garantir que chaque transaction est s\u00e9curis\u00e9e, prot\u00e9geant ainsi les donn\u00e9es sensibles des clients.<\/li>\n<li><strong>Polyvalence des paiements :<\/strong> Acceptez une large gamme de modes de paiement, des cartes de cr\u00e9dit\/d\u00e9bit aux ch\u00e8ques \u00e9lectroniques, pour r\u00e9pondre \u00e0 une client\u00e8le diversifi\u00e9e.<\/li>\n<li><strong>Ventes num\u00e9riques mondiales :<\/strong> \u00c9largissez votre port\u00e9e \u00e0 l&rsquo;\u00e9chelle mondiale en acceptant des paiements dans plusieurs devises, facilitant les transactions internationales.<\/li>\n<li><strong>Analytiques compl\u00e8tes :<\/strong> Restez organis\u00e9 et prenez des d\u00e9cisions \u00e9clair\u00e9es avec des outils de rapport d\u00e9taill\u00e9s, vous permettant de surveiller et d&rsquo;optimiser vos soumissions de paiement.<\/li>\n<\/ol>\n<p><strong>D\u00e9couvrez RedFin :<\/strong><\/p>\n<p>RedFin est un fournisseur de passerelle de paiement de confiance c\u00e9l\u00e9br\u00e9 pour sa fiabilit\u00e9 et son adaptabilit\u00e9. Leur plateforme est con\u00e7ue pour offrir une exp\u00e9rience de paiement s\u00e9curis\u00e9e et sans faille tant pour les entreprises que pour les clients.<\/p>\n<p><strong>Commencer :<\/strong><\/p>\n<p>Pour commencer \u00e0 utiliser la Passerelle de paiement RedFin pour Easy Digital Downloads, suivez ces \u00e9tapes :<\/p>\n<ol>\n<li><strong>Inscrivez-vous pour un compte RedFin :<\/strong> Commencez par cr\u00e9er un compte RedFin <a href=\"https:\/\/www.redfin.com\/\" target=\"_blank\" rel=\"noopener\">ici<\/a> pour acc\u00e9der \u00e0 leurs puissants services de passerelle de paiement.<\/li>\n<li><strong>Configuration :<\/strong> Configurez et int\u00e9grez l&rsquo;extension pour int\u00e9grer RedFin en toute transparence dans votre syst\u00e8me Easy Digital Downloads.<\/li>\n<\/ol>\n<p>Ne manquez pas l&rsquo;opportunit\u00e9 d&rsquo;am\u00e9liorer vos ventes num\u00e9riques. Propulsez la distribution de vos produits en ligne au niveau sup\u00e9rieur avec la Passerelle de paiement RedFin pour Easy Digital Downloads. Simplifiez le processus de paiement, inspirez la confiance des clients et augmentez le succ\u00e8s de vos ventes num\u00e9riques. Commencez d\u00e8s maintenant et d\u00e9couvrez les avantages d&rsquo;une vente en ligne sans tracas.<\/p>\n","protected":false},"excerpt":{"rendered":"<p>Integrate RedFin Gateway for Easy Digital Downloads<\/p>\n","protected":false},"featured_media":2525,"comment_status":"open","ping_status":"closed","template":"","meta":{"_acf_changed":false},"product_cat":[48],"product_tag":[247],"class_list":{"0":"post-2524","1":"product","2":"type-product","3":"status-publish","4":"has-post-thumbnail","6":"product_cat-easy-digital-downloads","7":"product_tag-redfin","9":"first","10":"instock","11":"shipping-taxable","12":"purchasable","13":"product-type-simple"},"acf":[],"_links":{"self":[{"href":"https:\/\/wpayo.com\/fr\/wp-json\/wp\/v2\/product\/2524","targetHints":{"allow":["GET"]}}],"collection":[{"href":"https:\/\/wpayo.com\/fr\/wp-json\/wp\/v2\/product"}],"about":[{"href":"https:\/\/wpayo.com\/fr\/wp-json\/wp\/v2\/types\/product"}],"replies":[{"embeddable":true,"href":"https:\/\/wpayo.com\/fr\/wp-json\/wp\/v2\/comments?post=2524"}],"wp:featuredmedia":[{"embeddable":true,"href":"https:\/\/wpayo.com\/fr\/wp-json\/wp\/v2\/media\/2525"}],"wp:attachment":[{"href":"https:\/\/wpayo.com\/fr\/wp-json\/wp\/v2\/media?parent=2524"}],"wp:term":[{"taxonomy":"product_cat","embeddable":true,"href":"https:\/\/wpayo.com\/fr\/wp-json\/wp\/v2\/product_cat?post=2524"},{"taxonomy":"product_tag","embeddable":true,"href":"https:\/\/wpayo.com\/fr\/wp-json\/wp\/v2\/product_tag?post=2524"}],"curies":[{"name":"wp","href":"https:\/\/api.w.org\/{rel}","templated":true}]}}