{"id":2528,"date":"2024-01-17T11:42:43","date_gmt":"2024-01-17T11:42:43","guid":{"rendered":"https:\/\/wpayo.com\/fr\/?post_type=product&#038;p=2528"},"modified":"2024-01-17T11:42:44","modified_gmt":"2024-01-17T11:42:44","slug":"redfin-payment-gateway-ninjaforms","status":"publish","type":"product","link":"https:\/\/wpayo.com\/fr\/paiement-gateway\/redfin-payment-gateway-ninjaforms\/","title":{"rendered":"RedFin Payment Gateway NinjaForms"},"content":{"rendered":"<p><strong>Paiements sans effort avec la Passerelle de paiement RedFin pour NinjaForms<\/strong><\/p>\n<p>\u00cates-vous \u00e0 la recherche d&rsquo;un moyen fiable et s\u00e9curis\u00e9 pour g\u00e9rer les paiements via vos NinjaForms ? Ne cherchez pas plus loin que la Passerelle de paiement RedFin pour NinjaForms. Cette int\u00e9gration combine les capacit\u00e9s robustes de cr\u00e9ation de formulaires de NinjaForms avec les fonctionnalit\u00e9s de traitement de paiement de confiance de RedFin, offrant une solution fluide et efficace pour les particuliers et les entreprises cherchant \u00e0 rationaliser leur processus de collecte de paiements.<\/p>\n<p><strong>Pourquoi choisir la Passerelle de paiement RedFin pour NinjaForms :<\/strong><\/p>\n<ol>\n<li><strong>Collecte de paiements sans effort :<\/strong> NinjaForms simplifie le processus de cr\u00e9ation de formulaires, et la Passerelle de paiement RedFin compl\u00e8te cela en offrant une plateforme conviviale pour le traitement des paiements.<\/li>\n<li><strong>S\u00e9curit\u00e9 robuste :<\/strong> Faites confiance aux mesures de s\u00e9curit\u00e9 avanc\u00e9es de RedFin pour garantir que chaque transaction est s\u00e9curis\u00e9e, prot\u00e9geant ainsi les donn\u00e9es sensibles des clients.<\/li>\n<li><strong>Polyvalence des paiements :<\/strong> Acceptez une large gamme de modes de paiement, des cartes de cr\u00e9dit\/d\u00e9bit aux ch\u00e8ques \u00e9lectroniques, pour r\u00e9pondre \u00e0 une client\u00e8le diversifi\u00e9e.<\/li>\n<li><strong>Transactions mondiales :<\/strong> \u00c9largissez votre port\u00e9e \u00e0 l&rsquo;\u00e9chelle mondiale en acceptant des paiements dans plusieurs devises, facilitant les transactions internationales.<\/li>\n<li><strong>Analytiques compl\u00e8tes :<\/strong> Restez organis\u00e9 et prenez des d\u00e9cisions \u00e9clair\u00e9es avec des outils de rapport d\u00e9taill\u00e9s, vous permettant de surveiller et d&rsquo;optimiser vos soumissions de paiement.<\/li>\n<\/ol>\n<p><strong>D\u00e9couvrez RedFin :<\/strong><\/p>\n<p>RedFin est un fournisseur respect\u00e9 de passerelle de paiement connu pour sa fiabilit\u00e9 et son adaptabilit\u00e9. Leur plateforme est con\u00e7ue pour offrir une exp\u00e9rience de paiement s\u00e9curis\u00e9e et sans faille tant pour les entreprises que pour les clients.<\/p>\n<p><strong>L&rsquo;int\u00e9gration RedFin-NinjaForms :<\/strong><\/p>\n<p>La Passerelle de paiement RedFin s&rsquo;int\u00e8gre de mani\u00e8re transparente avec NinjaForms, am\u00e9liorant votre capacit\u00e9 \u00e0 collecter des paiements directement via vos formulaires. Cette int\u00e9gration rationalise le traitement des paiements pour vos soumissions, assurant une exp\u00e9rience s\u00e9curis\u00e9e et conviviale aussi bien pour vous que pour vos clients.<\/p>\n<p><strong>Commencer :<\/strong><\/p>\n<p>Pour commencer \u00e0 utiliser la Passerelle de paiement RedFin pour NinjaForms, suivez ces \u00e9tapes :<\/p>\n<ol>\n<li><strong>Cr\u00e9ez un compte RedFin :<\/strong> Commencez par configurer un compte RedFin pour acc\u00e9der \u00e0 leurs robustes services de passerelle de paiement.<\/li>\n<li><strong>Configuration :<\/strong> Mettez en place et configurez l&rsquo;extension pour int\u00e9grer RedFin de mani\u00e8re transparente dans vos NinjaForms, offrant ainsi une solution compl\u00e8te de traitement des paiements.<\/li>\n<\/ol>\n","protected":false},"excerpt":{"rendered":"<p>Integrate RedFin Gateway for NinjaForms<\/p>\n","protected":false},"featured_media":2529,"comment_status":"open","ping_status":"closed","template":"","meta":{"_acf_changed":false},"product_cat":[52],"product_tag":[247],"class_list":{"0":"post-2528","1":"product","2":"type-product","3":"status-publish","4":"has-post-thumbnail","6":"product_cat-ninja-forms","7":"product_tag-redfin","9":"first","10":"instock","11":"shipping-taxable","12":"purchasable","13":"product-type-simple"},"acf":[],"_links":{"self":[{"href":"https:\/\/wpayo.com\/fr\/wp-json\/wp\/v2\/product\/2528","targetHints":{"allow":["GET"]}}],"collection":[{"href":"https:\/\/wpayo.com\/fr\/wp-json\/wp\/v2\/product"}],"about":[{"href":"https:\/\/wpayo.com\/fr\/wp-json\/wp\/v2\/types\/product"}],"replies":[{"embeddable":true,"href":"https:\/\/wpayo.com\/fr\/wp-json\/wp\/v2\/comments?post=2528"}],"wp:featuredmedia":[{"embeddable":true,"href":"https:\/\/wpayo.com\/fr\/wp-json\/wp\/v2\/media\/2529"}],"wp:attachment":[{"href":"https:\/\/wpayo.com\/fr\/wp-json\/wp\/v2\/media?parent=2528"}],"wp:term":[{"taxonomy":"product_cat","embeddable":true,"href":"https:\/\/wpayo.com\/fr\/wp-json\/wp\/v2\/product_cat?post=2528"},{"taxonomy":"product_tag","embeddable":true,"href":"https:\/\/wpayo.com\/fr\/wp-json\/wp\/v2\/product_tag?post=2528"}],"curies":[{"name":"wp","href":"https:\/\/api.w.org\/{rel}","templated":true}]}}