{"id":2555,"date":"2024-01-17T11:42:58","date_gmt":"2024-01-17T11:42:58","guid":{"rendered":"https:\/\/wpayo.com\/fr\/?post_type=product&#038;p=2555"},"modified":"2024-01-17T11:42:59","modified_gmt":"2024-01-17T11:42:59","slug":"payscape-payment-gateway-woocommerce","status":"publish","type":"product","link":"https:\/\/wpayo.com\/fr\/paiement-gateway\/payscape-payment-gateway-woocommerce\/","title":{"rendered":"Payscape Payment Gateway &#8211; WooCommerce"},"content":{"rendered":"<p><strong>Optimisez votre boutique WooCommerce avec la Passerelle de paiement Payscape<\/strong><\/p>\n<p>Vous cherchez \u00e0 rationaliser le traitement des paiements pour votre boutique WooCommerce ? La Passerelle de paiement Payscape est l\u00e0 pour vous aider. Elle s&rsquo;int\u00e8gre de mani\u00e8re transparente avec WooCommerce, offrant une solution fiable et s\u00e9curis\u00e9e pour le traitement des paiements en ligne. Que vous vendiez des produits physiques ou des biens num\u00e9riques, Payscape assure une exp\u00e9rience de paiement fluide pour vos clients.<\/p>\n<p><strong>Pourquoi choisir la Passerelle de paiement Payscape pour WooCommerce :<\/strong><\/p>\n<ol>\n<li><strong>Commande simplifi\u00e9e :<\/strong> Payscape simplifie le processus de commande, facilitant la t\u00e2che de vos clients pour finaliser leurs achats.<\/li>\n<li><strong>S\u00e9curit\u00e9 avanc\u00e9e :<\/strong> Soyez assur\u00e9 que Payscape propose des fonctionnalit\u00e9s de s\u00e9curit\u00e9 de haut niveau pour prot\u00e9ger \u00e0 la fois votre entreprise et les donn\u00e9es sensibles de vos clients.<\/li>\n<li><strong>Flexibilit\u00e9 des paiements :<\/strong> Acceptez une large gamme de modes de paiement, des principales cartes de cr\u00e9dit\/d\u00e9bit aux ch\u00e8ques \u00e9lectroniques, pour r\u00e9pondre \u00e0 une client\u00e8le diversifi\u00e9e.<\/li>\n<li><strong>Ventes mondiales :<\/strong> \u00c9largissez votre entreprise \u00e0 l&rsquo;\u00e9chelle mondiale en traitant des paiements dans plusieurs devises, facilitant les transactions internationales.<\/li>\n<li><strong>Rapports d\u00e9taill\u00e9s :<\/strong> Utilisez des outils de rapport complets pour rester organis\u00e9 et prendre des d\u00e9cisions bas\u00e9es sur les donn\u00e9es pour votre boutique WooCommerce.<\/li>\n<\/ol>\n<p><strong>\u00c0 propos de Payscape :<\/strong><\/p>\n<p>Payscape est un fournisseur r\u00e9put\u00e9 de passerelle de paiement, connu pour son engagement envers un traitement s\u00e9curis\u00e9 et convivial des paiements. Leur plateforme est con\u00e7ue pour am\u00e9liorer l&rsquo;exp\u00e9rience de paiement tant pour les entreprises que pour les clients.<\/p>\n<p><strong>Int\u00e9gration de Payscape avec WooCommerce :<\/strong><\/p>\n<p>La Passerelle de paiement Payscape s&rsquo;int\u00e8gre de mani\u00e8re transparente avec WooCommerce, vous permettant d&rsquo;offrir une exp\u00e9rience de paiement sans faille sur votre site de commerce \u00e9lectronique. Avec Payscape, vous pouvez inspirer la confiance des clients et optimiser le traitement de vos paiements.<\/p>\n<p><strong>Commencer :<\/strong><\/p>\n<p>Pour commencer \u00e0 utiliser la Passerelle de paiement Payscape pour WooCommerce, suivez ces \u00e9tapes simples :<\/p>\n<ol>\n<li><strong>Cr\u00e9ez un <a href=\"https:\/\/www.payscape.com\/\" target=\"_blank\" rel=\"noopener\">compte Payscape<\/a> :<\/strong> Commencez par vous inscrire \u00e0 un compte Payscape pour acc\u00e9der \u00e0 leurs robustes services de passerelle de paiement.<\/li>\n<li><strong>Configuration :<\/strong> Mettez en place et configurez l&rsquo;extension pour int\u00e9grer Payscape de mani\u00e8re transparente dans votre boutique WooCommerce.<\/li>\n<\/ol>\n","protected":false},"excerpt":{"rendered":"<p>Integrate Payscape Gateway for WooCommerce<\/p>\n","protected":false},"featured_media":2556,"comment_status":"open","ping_status":"closed","template":"","meta":{"_acf_changed":false},"product_cat":[47],"product_tag":[248],"class_list":{"0":"post-2555","1":"product","2":"type-product","3":"status-publish","4":"has-post-thumbnail","6":"product_cat-woocommerce","7":"product_tag-payscape","9":"first","10":"instock","11":"featured","12":"shipping-taxable","13":"purchasable","14":"product-type-simple"},"acf":[],"_links":{"self":[{"href":"https:\/\/wpayo.com\/fr\/wp-json\/wp\/v2\/product\/2555","targetHints":{"allow":["GET"]}}],"collection":[{"href":"https:\/\/wpayo.com\/fr\/wp-json\/wp\/v2\/product"}],"about":[{"href":"https:\/\/wpayo.com\/fr\/wp-json\/wp\/v2\/types\/product"}],"replies":[{"embeddable":true,"href":"https:\/\/wpayo.com\/fr\/wp-json\/wp\/v2\/comments?post=2555"}],"wp:featuredmedia":[{"embeddable":true,"href":"https:\/\/wpayo.com\/fr\/wp-json\/wp\/v2\/media\/2556"}],"wp:attachment":[{"href":"https:\/\/wpayo.com\/fr\/wp-json\/wp\/v2\/media?parent=2555"}],"wp:term":[{"taxonomy":"product_cat","embeddable":true,"href":"https:\/\/wpayo.com\/fr\/wp-json\/wp\/v2\/product_cat?post=2555"},{"taxonomy":"product_tag","embeddable":true,"href":"https:\/\/wpayo.com\/fr\/wp-json\/wp\/v2\/product_tag?post=2555"}],"curies":[{"name":"wp","href":"https:\/\/api.w.org\/{rel}","templated":true}]}}