{"id":2561,"date":"2024-01-17T11:42:56","date_gmt":"2024-01-17T11:42:56","guid":{"rendered":"https:\/\/wpayo.com\/fr\/?post_type=product&#038;p=2561"},"modified":"2024-01-17T11:42:57","modified_gmt":"2024-01-17T11:42:57","slug":"payscape-payment-gateway-gravityforms","status":"publish","type":"product","link":"https:\/\/wpayo.com\/fr\/paiement-gateway\/payscape-payment-gateway-gravityforms\/","title":{"rendered":"Payscape Payment Gateway &#8211; GravityForms"},"content":{"rendered":"<p><strong>Rehaussez vos GravityForms avec la Passerelle de paiement Payscape<\/strong><\/p>\n<p>\u00cates-vous \u00e0 la recherche d&rsquo;une solution de paiement fiable et s\u00e9curis\u00e9e pour vos GravityForms ? Ne cherchez pas plus loin que la Passerelle de paiement Payscape. Cette int\u00e9gration combine de mani\u00e8re transparente les puissantes capacit\u00e9s de cr\u00e9ation de formulaires de GravityForms avec les fonctionnalit\u00e9s de traitement des paiements de confiance de Payscape, offrant une exp\u00e9rience am\u00e9lior\u00e9e et sans faille pour les particuliers et les entreprises cherchant \u00e0 optimiser leur processus de collecte de paiements.<\/p>\n<p><strong>Pourquoi choisir la Passerelle de paiement Payscape pour GravityForms :<\/strong><\/p>\n<ul>\n<li><strong>Collecte de paiements sans effort :<\/strong> GravityForms facilite le processus de cr\u00e9ation de formulaires, et la Passerelle de paiement Payscape compl\u00e8te cela en fournissant une plateforme conviviale pour le traitement transparent des paiements.<\/li>\n<li><strong>S\u00e9curit\u00e9 avanc\u00e9e :<\/strong> Faites confiance aux mesures de s\u00e9curit\u00e9 avanc\u00e9es de Payscape pour garantir que chaque transaction est s\u00e9curis\u00e9e, prot\u00e9geant ainsi les donn\u00e9es sensibles des clients.<\/li>\n<li><strong>Polyvalence des paiements :<\/strong> Acceptez divers modes de paiement, des principales cartes de cr\u00e9dit\/d\u00e9bit aux ch\u00e8ques \u00e9lectroniques, pour r\u00e9pondre \u00e0 une client\u00e8le diversifi\u00e9e.<\/li>\n<li><strong>Transactions mondiales :<\/strong> \u00c9largissez votre port\u00e9e \u00e0 l&rsquo;\u00e9chelle mondiale en acceptant des paiements dans plusieurs devises, facilitant les transactions internationales.<\/li>\n<li><strong>Analytiques compl\u00e8tes :<\/strong> Restez organis\u00e9 et prenez des d\u00e9cisions \u00e9clair\u00e9es avec des outils de rapport d\u00e9taill\u00e9s, vous permettant de surveiller et d&rsquo;optimiser vos soumissions de paiement.<\/li>\n<\/ul>\n<p><strong>\u00c0 propos de Payscape :<\/strong><\/p>\n<p>Payscape est un fournisseur respect\u00e9 de passerelle de paiement c\u00e9l\u00e8bre pour sa fiabilit\u00e9 et ses solutions de traitement des paiements simples. Leur engagement envers une exp\u00e9rience de paiement conviviale se coordonne parfaitement avec les objectifs de GravityForms, en faisant un choix id\u00e9al pour les cr\u00e9ateurs de formulaires.<\/p>\n<p><strong>Int\u00e9gration de Payscape avec GravityForms :<\/strong><\/p>\n<p>La Passerelle de paiement Payscape s&rsquo;int\u00e8gre de mani\u00e8re transparente avec GravityForms, am\u00e9liorant votre capacit\u00e9 \u00e0 collecter des paiements directement via vos formulaires. Cette int\u00e9gration rationalise le traitement des paiements pour vos formulaires, assurant une exp\u00e9rience s\u00e9curis\u00e9e et conviviale aussi bien pour vous que pour les utilisateurs de vos formulaires.<\/p>\n<p><strong>Commencer :<\/strong><\/p>\n<p>Pour commencer \u00e0 utiliser la Passerelle de paiement Payscape pour GravityForms, suivez ces \u00e9tapes :<\/p>\n<ol>\n<li><strong>Cr\u00e9ez un compte Payscape :<\/strong> Commencez par cr\u00e9er un compte Payscape pour acc\u00e9der \u00e0 leurs robustes services de passerelle de paiement.<\/li>\n<li><strong>Configuration :<\/strong> Mettez en place et configurez l&rsquo;extension pour int\u00e9grer Payscape de mani\u00e8re transparente dans vos GravityForms.<\/li>\n<\/ol>\n<p>Ne manquez pas l&rsquo;opportunit\u00e9 d&rsquo;optimiser votre processus de collecte de paiements avec GravityForms. Prenez vos formulaires au niveau sup\u00e9rieur avec la Passerelle de paiement Payscape. Simplifiez les paiements, inspirez la confiance des utilisateurs et augmentez le succ\u00e8s de vos soumissions de formulaires. Commencez d\u00e8s maintenant et d\u00e9couvrez les avantages d&rsquo;un traitement des paiements sans tracas.<\/p>\n<p>Pr\u00eat \u00e0 am\u00e9liorer votre exp\u00e9rience de traitement des paiements avec GravityForms ? T\u00e9l\u00e9chargez la Passerelle de paiement Payscape pour GravityForms et commencez \u00e0 accepter les paiements en toute confiance.<\/p>\n","protected":false},"excerpt":{"rendered":"<p>Integrate Payscape Gateway for Gravity Forms<\/p>\n","protected":false},"featured_media":2562,"comment_status":"open","ping_status":"closed","template":"","meta":{"_acf_changed":false},"product_cat":[50],"product_tag":[248],"class_list":{"0":"post-2561","1":"product","2":"type-product","3":"status-publish","4":"has-post-thumbnail","6":"product_cat-gravity-forms","7":"product_tag-payscape","9":"first","10":"instock","11":"featured","12":"shipping-taxable","13":"purchasable","14":"product-type-simple"},"acf":[],"_links":{"self":[{"href":"https:\/\/wpayo.com\/fr\/wp-json\/wp\/v2\/product\/2561","targetHints":{"allow":["GET"]}}],"collection":[{"href":"https:\/\/wpayo.com\/fr\/wp-json\/wp\/v2\/product"}],"about":[{"href":"https:\/\/wpayo.com\/fr\/wp-json\/wp\/v2\/types\/product"}],"replies":[{"embeddable":true,"href":"https:\/\/wpayo.com\/fr\/wp-json\/wp\/v2\/comments?post=2561"}],"wp:featuredmedia":[{"embeddable":true,"href":"https:\/\/wpayo.com\/fr\/wp-json\/wp\/v2\/media\/2562"}],"wp:attachment":[{"href":"https:\/\/wpayo.com\/fr\/wp-json\/wp\/v2\/media?parent=2561"}],"wp:term":[{"taxonomy":"product_cat","embeddable":true,"href":"https:\/\/wpayo.com\/fr\/wp-json\/wp\/v2\/product_cat?post=2561"},{"taxonomy":"product_tag","embeddable":true,"href":"https:\/\/wpayo.com\/fr\/wp-json\/wp\/v2\/product_tag?post=2561"}],"curies":[{"name":"wp","href":"https:\/\/api.w.org\/{rel}","templated":true}]}}