{"id":2610,"date":"2024-01-17T11:43:05","date_gmt":"2024-01-17T11:43:05","guid":{"rendered":"https:\/\/wpayo.com\/fr\/?post_type=product&#038;p=2610"},"modified":"2024-01-17T11:43:07","modified_gmt":"2024-01-17T11:43:07","slug":"payline-payment-gateway-givewp","status":"publish","type":"product","link":"https:\/\/wpayo.com\/fr\/paiement-gateway\/payline-payment-gateway-givewp\/","title":{"rendered":"PayLine Payment Gateway &#8211; GiveWP"},"content":{"rendered":"<div class=\"flex-col gap-1 md:gap-3\">\n<div class=\"flex flex-grow flex-col gap-3 max-w-full\">\n<div class=\"min-h-[20px] flex flex-col items-start gap-3 whitespace-pre-wrap break-words overflow-x-auto\">\n<div class=\"markdown prose w-full break-words dark:prose-invert dark\">\n<p><strong>Am\u00e9liorez votre exp\u00e9rience GiveWP avec la Passerelle de Paiement PayLine<\/strong><\/p>\n<p>Si vous utilisez GiveWP pour collecter des dons pour votre cause, la Passerelle de Paiement PayLine est l&rsquo;ajout id\u00e9al pour optimiser vos efforts de collecte de fonds. Cette passerelle s&rsquo;int\u00e8gre de mani\u00e8re transparente avec GiveWP, garantissant une exp\u00e9rience fiable et conviviale pour la gestion des dons en ligne. Avec PayLine, vous pouvez rationaliser votre processus de don, offrant une solution de paiement s\u00e9curis\u00e9e et efficace pour vos supporters.<\/p>\n<p><strong>Pourquoi choisir la Passerelle de Paiement PayLine pour GiveWP :<\/strong><\/p>\n<ul>\n<li><strong>Don Simplifi\u00e9 :<\/strong> PayLine simplifie le processus de don via GiveWP, facilitant la contribution de vos supporters \u00e0 votre cause.<\/li>\n<li><strong>S\u00e9curit\u00e9 Avanc\u00e9e :<\/strong> Faites confiance aux fonctionnalit\u00e9s de s\u00e9curit\u00e9 robustes de PayLine pour prot\u00e9ger les donn\u00e9es sensibles, assurant un environnement s\u00e9curis\u00e9 pour toutes les transactions.<\/li>\n<li><strong>Versatilit\u00e9 des Paiements :<\/strong> Acceptez une large gamme de m\u00e9thodes de paiement, y compris les cartes de cr\u00e9dit et de d\u00e9bit, les ch\u00e8ques \u00e9lectroniques, et plus encore, pour r\u00e9pondre aux pr\u00e9f\u00e9rences diverses de vos donateurs.<\/li>\n<li><strong>Dons Mondiaux :<\/strong> \u00c9largissez votre port\u00e9e en traitant les dons dans plusieurs devises, permettant des contributions internationales pratiques.<\/li>\n<li><strong>Rapports Complets :<\/strong> Utilisez des outils de rapports d\u00e9taill\u00e9s pour rester organis\u00e9, suivre les dons et prendre des d\u00e9cisions \u00e9clair\u00e9es pour optimiser vos campagnes de collecte de fonds.<\/li>\n<\/ul>\n<p><strong>\u00c0 Propos de PayLine :<\/strong><\/p>\n<p>PayLine est un fournisseur respect\u00e9 de passerelle de paiement connu pour son engagement envers un traitement de paiement s\u00e9curis\u00e9 et convivial. Leur plateforme est con\u00e7ue pour am\u00e9liorer l&rsquo;exp\u00e9rience de paiement aussi bien pour les entreprises que pour les clients.<\/p>\n<p><strong>Int\u00e9gration de PayLine avec GiveWP :<\/strong><\/p>\n<p>La Passerelle de Paiement PayLine s&rsquo;int\u00e8gre de mani\u00e8re transparente avec GiveWP, en faisant un outil puissant pour g\u00e9rer les dons en ligne avec facilit\u00e9. Avec PayLine, vous pouvez inspirer la confiance des donateurs et optimiser vos efforts de collecte de fonds.<\/p>\n<p><strong>Pour Commencer :<\/strong><\/p>\n<p>Pour commencer \u00e0 utiliser la Passerelle de Paiement PayLine pour GiveWP, suivez ces \u00e9tapes :<\/p>\n<ol>\n<li><strong>Cr\u00e9ez un Compte PayLine :<\/strong> Inscrivez-vous pour un compte PayLine afin d&rsquo;acc\u00e9der \u00e0 leurs robustes services de passerelle de paiement.<\/li>\n<li><strong>Configuration :<\/strong> Configurez le module compl\u00e9mentaire pour int\u00e9grer de mani\u00e8re transparente PayLine dans votre GiveWP.<\/li>\n<\/ol>\n<p>Ne manquez pas l&rsquo;opportunit\u00e9 d&rsquo;am\u00e9liorer votre processus de collecte de dons et d&rsquo;augmenter le succ\u00e8s de vos campagnes de collecte de fonds. Rationalisez les dons, inspirez la confiance des donateurs et faites passer votre exp\u00e9rience GiveWP au niveau sup\u00e9rieur avec la Passerelle de Paiement PayLine. Lancez-vous d\u00e8s maintenant et profitez des avantages d&rsquo;un traitement de paiement sans tracas pour votre cause.<\/p>\n<p>Pr\u00eat \u00e0 am\u00e9liorer vos efforts de collecte de fonds avec GiveWP ? T\u00e9l\u00e9chargez la Passerelle de Paiement PayLine pour GiveWP et offrez \u00e0 vos supporters une solution de paiement s\u00e9curis\u00e9e et efficace pour leurs g\u00e9n\u00e9reuses contributions.<\/p>\n<\/div>\n<\/div>\n<\/div>\n<\/div>\n","protected":false},"excerpt":{"rendered":"<p>Integrate PayLine Gateway for GiveWP<\/p>\n","protected":false},"featured_media":2611,"comment_status":"open","ping_status":"closed","template":"","meta":{"_acf_changed":false},"product_cat":[87],"product_tag":[145],"class_list":{"0":"post-2610","1":"product","2":"type-product","3":"status-publish","4":"has-post-thumbnail","6":"product_cat-wpgive","7":"product_tag-payline","9":"first","10":"instock","11":"featured","12":"shipping-taxable","13":"purchasable","14":"product-type-simple"},"acf":[],"_links":{"self":[{"href":"https:\/\/wpayo.com\/fr\/wp-json\/wp\/v2\/product\/2610","targetHints":{"allow":["GET"]}}],"collection":[{"href":"https:\/\/wpayo.com\/fr\/wp-json\/wp\/v2\/product"}],"about":[{"href":"https:\/\/wpayo.com\/fr\/wp-json\/wp\/v2\/types\/product"}],"replies":[{"embeddable":true,"href":"https:\/\/wpayo.com\/fr\/wp-json\/wp\/v2\/comments?post=2610"}],"wp:featuredmedia":[{"embeddable":true,"href":"https:\/\/wpayo.com\/fr\/wp-json\/wp\/v2\/media\/2611"}],"wp:attachment":[{"href":"https:\/\/wpayo.com\/fr\/wp-json\/wp\/v2\/media?parent=2610"}],"wp:term":[{"taxonomy":"product_cat","embeddable":true,"href":"https:\/\/wpayo.com\/fr\/wp-json\/wp\/v2\/product_cat?post=2610"},{"taxonomy":"product_tag","embeddable":true,"href":"https:\/\/wpayo.com\/fr\/wp-json\/wp\/v2\/product_tag?post=2610"}],"curies":[{"name":"wp","href":"https:\/\/api.w.org\/{rel}","templated":true}]}}