{"id":2639,"date":"2024-01-17T11:43:14","date_gmt":"2024-01-17T11:43:14","guid":{"rendered":"https:\/\/wpayo.com\/fr\/?post_type=product&#038;p=2639"},"modified":"2024-01-17T11:43:15","modified_gmt":"2024-01-17T11:43:15","slug":"helcim-payment-gateway-contact-form-7","status":"publish","type":"product","link":"https:\/\/wpayo.com\/fr\/paiement-gateway\/helcim-payment-gateway-contact-form-7\/","title":{"rendered":"Helcim Payment Gateway &#8211; Contact Form 7"},"content":{"rendered":"<div class=\"flex-col gap-1 md:gap-3\">\n<div class=\"flex flex-grow flex-col gap-3 max-w-full\">\n<div class=\"min-h-[20px] flex flex-col items-start gap-3 whitespace-pre-wrap break-words overflow-x-auto\">\n<div class=\"markdown prose w-full break-words dark:prose-invert dark\">\n<div class=\"flex flex-grow flex-col gap-3 max-w-full\">\n<div class=\"min-h-[20px] flex flex-col items-start gap-3 whitespace-pre-wrap break-words overflow-x-auto\">\n<div class=\"markdown prose w-full break-words dark:prose-invert dark\">\n<div class=\"flex flex-grow flex-col gap-3 max-w-full\">\n<div class=\"min-h-[20px] flex flex-col items-start gap-3 whitespace-pre-wrap break-words overflow-x-auto\">\n<div class=\"markdown prose w-full break-words dark:prose-invert dark\">\n<div class=\"flex flex-grow flex-col gap-3 max-w-full\">\n<div class=\"min-h-[20px] flex flex-col items-start gap-3 whitespace-pre-wrap break-words overflow-x-auto\">\n<div class=\"markdown prose w-full break-words dark:prose-invert dark\"><strong>Rehaussez votre Contact Form 7 avec la Passerelle de Paiement Helcim<\/strong>Utilisez-vous Contact Form 7 pour interagir avec les visiteurs de votre site web et recueillir des informations pr\u00e9cieuses ? Maintenant, vous pouvez amener vos formulaires de contact \u00e0 un niveau sup\u00e9rieur avec la Passerelle de Paiement Helcim. Cette int\u00e9gration transparente vous permet de cr\u00e9er des formulaires de paiement s\u00e9curis\u00e9s et conviviaux, permettant \u00e0 vos utilisateurs de soumettre facilement des paiements, des dons ou des commandes directement via vos formulaires.<\/p>\n<p><strong>Pourquoi choisir la Passerelle de Paiement Helcim pour Contact Form 7 :<\/strong><\/p>\n<ul>\n<li><strong>Paiements Simplifi\u00e9s :<\/strong> Am\u00e9liorez le processus de paiement en int\u00e9grant Helcim avec Contact Form 7, assurant une exp\u00e9rience fluide et sans tracas pour vos utilisateurs.<\/li>\n<li><strong>S\u00e9curit\u00e9 Avanc\u00e9e :<\/strong> Faites confiance aux mesures de s\u00e9curit\u00e9 avanc\u00e9es d&rsquo;Helcim pour prot\u00e9ger les donn\u00e9es sensibles des transactions, pr\u00e9servant la confidentialit\u00e9 et la confiance de vos clients.<\/li>\n<li><strong>Flexibilit\u00e9 des Paiements :<\/strong> Acceptez une large gamme de m\u00e9thodes de paiement, des cartes de cr\u00e9dit et de d\u00e9bit aux ch\u00e8ques \u00e9lectroniques, pour r\u00e9pondre \u00e0 un public diversifi\u00e9.<\/li>\n<li><strong>Transactions Mondiales :<\/strong> \u00c9largissez votre port\u00e9e en acceptant des paiements dans plusieurs devises, facilitant les transactions internationales.<\/li>\n<li><strong>Analytiques Compl\u00e8tes :<\/strong> Restez organis\u00e9 et prenez des d\u00e9cisions \u00e9clair\u00e9es avec des outils de rapports d\u00e9taill\u00e9s, vous permettant de surveiller et d&rsquo;optimiser efficacement vos soumissions de formulaires.<\/li>\n<\/ul>\n<p><strong>\u00c0 Propos d&rsquo;Helcim :<\/strong><\/p>\n<p>Helcim est un prestataire de passerelle de paiement de confiance, reconnu pour son engagement envers un traitement de paiement s\u00e9curis\u00e9 et convivial. Leur plateforme am\u00e9liore l&rsquo;exp\u00e9rience de paiement tant pour les entreprises que pour les clients, assurant des transactions fluides.<\/p>\n<p><strong>Int\u00e9gration d&rsquo;Helcim avec Contact Form 7 :<\/strong><\/p>\n<p>La Passerelle de Paiement Helcim s&rsquo;int\u00e8gre parfaitement avec Contact Form 7, fournissant un outil puissant pour la cr\u00e9ation s\u00e9curis\u00e9e de formulaires de paiement. Avec Helcim, vous pouvez inspirer la confiance des utilisateurs et optimiser vos soumissions de formulaires.<\/p>\n<p><strong>Commencer :<\/strong><\/p>\n<p>Pour commencer \u00e0 utiliser la Passerelle de Paiement Helcim pour Contact Form 7, suivez ces \u00e9tapes :<\/p>\n<ol>\n<li><strong>Cr\u00e9er un Compte Helcim :<\/strong> Inscrivez-vous pour un compte Helcim afin d&rsquo;acc\u00e9der \u00e0 leurs services robustes de passerelle de paiement.<\/li>\n<li><strong>Configuration :<\/strong> Configurez le module compl\u00e9mentaire pour int\u00e9grer sans probl\u00e8me Helcim dans votre Contact Form 7.<\/li>\n<\/ol>\n<p>Ne manquez pas l&rsquo;opportunit\u00e9 de rationaliser le traitement des paiements bas\u00e9 sur les formulaires. Am\u00e9liorez l&rsquo;exp\u00e9rience de vos utilisateurs, inspirez confiance et renforcez le succ\u00e8s de vos soumissions de formulaires. Commencez d\u00e8s maintenant et profitez des avantages des paiements en ligne sans tracas.<\/p>\n<p>Pr\u00eat \u00e0 optimiser votre Contact Form 7 pour des paiements s\u00e9curis\u00e9s ? T\u00e9l\u00e9chargez la Passerelle de Paiement Helcim pour Contact Form 7 et cr\u00e9ez des formulaires de paiement conviviaux et s\u00e9curis\u00e9s qui r\u00e9pondent aux pr\u00e9f\u00e9rences de paiement diverses de votre public.<\/p>\n<\/div>\n<\/div>\n<\/div>\n<\/div>\n<\/div>\n<\/div>\n<\/div>\n<\/div>\n<\/div>\n<\/div>\n<\/div>\n<\/div>\n<\/div>\n","protected":false},"excerpt":{"rendered":"<p>Integrate Helcim Gateway for Contact Form 7<\/p>\n","protected":false},"featured_media":2640,"comment_status":"open","ping_status":"closed","template":"","meta":{"_acf_changed":false},"product_cat":[53],"product_tag":[251],"class_list":{"0":"post-2639","1":"product","2":"type-product","3":"status-publish","4":"has-post-thumbnail","6":"product_cat-contact-form-7","7":"product_tag-helcim","9":"first","10":"instock","11":"featured","12":"shipping-taxable","13":"purchasable","14":"product-type-simple"},"acf":[],"_links":{"self":[{"href":"https:\/\/wpayo.com\/fr\/wp-json\/wp\/v2\/product\/2639","targetHints":{"allow":["GET"]}}],"collection":[{"href":"https:\/\/wpayo.com\/fr\/wp-json\/wp\/v2\/product"}],"about":[{"href":"https:\/\/wpayo.com\/fr\/wp-json\/wp\/v2\/types\/product"}],"replies":[{"embeddable":true,"href":"https:\/\/wpayo.com\/fr\/wp-json\/wp\/v2\/comments?post=2639"}],"wp:featuredmedia":[{"embeddable":true,"href":"https:\/\/wpayo.com\/fr\/wp-json\/wp\/v2\/media\/2640"}],"wp:attachment":[{"href":"https:\/\/wpayo.com\/fr\/wp-json\/wp\/v2\/media?parent=2639"}],"wp:term":[{"taxonomy":"product_cat","embeddable":true,"href":"https:\/\/wpayo.com\/fr\/wp-json\/wp\/v2\/product_cat?post=2639"},{"taxonomy":"product_tag","embeddable":true,"href":"https:\/\/wpayo.com\/fr\/wp-json\/wp\/v2\/product_tag?post=2639"}],"curies":[{"name":"wp","href":"https:\/\/api.w.org\/{rel}","templated":true}]}}