{"id":2641,"date":"2024-01-17T11:43:13","date_gmt":"2024-01-17T11:43:13","guid":{"rendered":"https:\/\/wpayo.com\/fr\/?post_type=product&#038;p=2641"},"modified":"2024-01-17T11:43:13","modified_gmt":"2024-01-17T11:43:13","slug":"helcim-payment-gateway-gravity-forms","status":"publish","type":"product","link":"https:\/\/wpayo.com\/fr\/paiement-gateway\/helcim-payment-gateway-gravity-forms\/","title":{"rendered":"Helcim Payment Gateway &#8211; Gravity Forms"},"content":{"rendered":"<div class=\"flex-col gap-1 md:gap-3\">\n<div class=\"flex flex-grow flex-col gap-3 max-w-full\">\n<div class=\"min-h-[20px] flex flex-col items-start gap-3 whitespace-pre-wrap break-words overflow-x-auto\">\n<div class=\"markdown prose w-full break-words dark:prose-invert dark\">\n<div class=\"flex flex-grow flex-col gap-3 max-w-full\">\n<div class=\"min-h-[20px] flex flex-col items-start gap-3 whitespace-pre-wrap break-words overflow-x-auto\">\n<div class=\"markdown prose w-full break-words dark:prose-invert dark\">\n<div class=\"flex flex-grow flex-col gap-3 max-w-full\">\n<div class=\"min-h-[20px] flex flex-col items-start gap-3 whitespace-pre-wrap break-words overflow-x-auto\">\n<div class=\"markdown prose w-full break-words dark:prose-invert dark\">\n<div class=\"flex flex-grow flex-col gap-3 max-w-full\">\n<div class=\"min-h-[20px] flex flex-col items-start gap-3 whitespace-pre-wrap break-words overflow-x-auto\">\n<div class=\"markdown prose w-full break-words dark:prose-invert dark\">\n<div class=\"flex flex-grow flex-col gap-3 max-w-full\">\n<div class=\"min-h-[20px] flex flex-col items-start gap-3 whitespace-pre-wrap break-words overflow-x-auto\">\n<div class=\"markdown prose w-full break-words dark:prose-invert dark\">\n<div class=\"flex flex-grow flex-col gap-3 max-w-full\">\n<div class=\"min-h-[20px] flex flex-col items-start gap-3 whitespace-pre-wrap break-words overflow-x-auto\">\n<div class=\"markdown prose w-full break-words dark:prose-invert dark\">\n<p><strong>Am\u00e9liorez vos formulaires Gravity avec la Passerelle de Paiement Helcim<\/strong><\/p>\n<p>Vous cherchez \u00e0 donner une nouvelle dimension \u00e0 vos formulaires Gravity ? L&rsquo;int\u00e9gration de la Passerelle de Paiement Helcim est l\u00e0 pour vous donner les moyens. Avec cette combinaison transparente, vous pouvez cr\u00e9er des formulaires de paiement s\u00e9curis\u00e9s et conviviaux au sein de Gravity Forms, permettant \u00e0 vos utilisateurs de soumettre facilement des paiements, des dons ou des commandes directement via vos formulaires.<\/p>\n<p><strong>Pourquoi choisir la Passerelle de Paiement Helcim pour Gravity Forms :<\/strong><\/p>\n<ul>\n<li><strong>Paiements Simplifi\u00e9s :<\/strong> Rehaussez vos Gravity Forms avec Helcim, rendant le processus de paiement fluide et sans tracas pour vos utilisateurs.<\/li>\n<li><strong>S\u00e9curit\u00e9 Avanc\u00e9e :<\/strong> Helcim propose des fonctionnalit\u00e9s de s\u00e9curit\u00e9 robustes, assurant la protection des donn\u00e9es sensibles des transactions et pr\u00e9servant la confiance et la confidentialit\u00e9 de vos clients.<\/li>\n<li><strong>Flexibilit\u00e9 des Paiements :<\/strong> Acceptez une large gamme de m\u00e9thodes de paiement, des cartes de cr\u00e9dit et de d\u00e9bit aux ch\u00e8ques \u00e9lectroniques, pour r\u00e9pondre \u00e0 un public diversifi\u00e9.<\/li>\n<li><strong>Transactions Globales :<\/strong> \u00c9largissez votre port\u00e9e en acceptant des paiements dans plusieurs devises, simplifiant les transactions internationales.<\/li>\n<li><strong>Analytiques Compl\u00e8tes :<\/strong> Utilisez des outils de rapports d\u00e9taill\u00e9s pour rester organis\u00e9 et prendre des d\u00e9cisions bas\u00e9es sur les donn\u00e9es pour vos soumissions de formulaires.<\/li>\n<\/ul>\n<p><strong>\u00c0 Propos de Helcim :<\/strong><\/p>\n<p>Helcim est un fournisseur de passerelle de paiement r\u00e9put\u00e9 pour son engagement envers un traitement de paiement s\u00e9curis\u00e9 et convivial. Leur plateforme am\u00e9liore l&rsquo;exp\u00e9rience de paiement aussi bien pour les entreprises que pour les clients, assurant des transactions fluides.<\/p>\n<p><strong>Int\u00e9gration de Helcim avec Gravity Forms :<\/strong><\/p>\n<p>La Passerelle de Paiement Helcim s&rsquo;int\u00e8gre de mani\u00e8re transparente avec Gravity Forms, fournissant un outil puissant pour la cr\u00e9ation s\u00e9curis\u00e9e de formulaires de paiement. Avec Helcim, vous pouvez inspirer la confiance des utilisateurs et optimiser vos soumissions de formulaires.<\/p>\n<p><strong>Pour Commencer :<\/strong><\/p>\n<p>Pour commencer \u00e0 utiliser la Passerelle de Paiement Helcim pour Gravity Forms, suivez ces \u00e9tapes simples :<\/p>\n<ol>\n<li><strong>Cr\u00e9ez un Compte Helcim :<\/strong> Inscrivez-vous pour un compte Helcim afin d&rsquo;acc\u00e9der \u00e0 leurs robustes services de passerelle de paiement.<\/li>\n<li><strong>Configuration :<\/strong> Configurez le module compl\u00e9mentaire pour int\u00e9grer de mani\u00e8re transparente Helcim dans vos Gravity Forms.<\/li>\n<\/ol>\n<p>Ne manquez pas l&rsquo;opportunit\u00e9 d&rsquo;optimiser le traitement des paiements de vos formulaires. Rehaussez l&rsquo;exp\u00e9rience de vos utilisateurs, inspirez confiance et am\u00e9liorez le succ\u00e8s de vos soumissions de formulaires. Lancez-vous d\u00e8s maintenant et profitez des avantages de paiements en ligne sans tracas.<\/p>\n<p>Pr\u00eat \u00e0 optimiser vos Gravity Forms pour des paiements s\u00e9curis\u00e9s ? T\u00e9l\u00e9chargez la Passerelle de Paiement Helcim pour Gravity Forms et cr\u00e9ez des formulaires de paiement conviviaux et s\u00e9curis\u00e9s qui r\u00e9pondent aux pr\u00e9f\u00e9rences de paiement diverses de votre public.<\/p>\n<\/div>\n<\/div>\n<\/div>\n<\/div>\n<\/div>\n<\/div>\n<\/div>\n<\/div>\n<\/div>\n<\/div>\n<\/div>\n<\/div>\n<\/div>\n<\/div>\n<\/div>\n","protected":false},"excerpt":{"rendered":"<p>Integrate Helcim Gateway for Gravity Forms<\/p>\n","protected":false},"featured_media":2642,"comment_status":"open","ping_status":"closed","template":"","meta":{"_acf_changed":false},"product_cat":[50],"product_tag":[251],"class_list":{"0":"post-2641","1":"product","2":"type-product","3":"status-publish","4":"has-post-thumbnail","6":"product_cat-gravity-forms","7":"product_tag-helcim","9":"first","10":"instock","11":"featured","12":"shipping-taxable","13":"purchasable","14":"product-type-simple"},"acf":[],"_links":{"self":[{"href":"https:\/\/wpayo.com\/fr\/wp-json\/wp\/v2\/product\/2641","targetHints":{"allow":["GET"]}}],"collection":[{"href":"https:\/\/wpayo.com\/fr\/wp-json\/wp\/v2\/product"}],"about":[{"href":"https:\/\/wpayo.com\/fr\/wp-json\/wp\/v2\/types\/product"}],"replies":[{"embeddable":true,"href":"https:\/\/wpayo.com\/fr\/wp-json\/wp\/v2\/comments?post=2641"}],"wp:featuredmedia":[{"embeddable":true,"href":"https:\/\/wpayo.com\/fr\/wp-json\/wp\/v2\/media\/2642"}],"wp:attachment":[{"href":"https:\/\/wpayo.com\/fr\/wp-json\/wp\/v2\/media?parent=2641"}],"wp:term":[{"taxonomy":"product_cat","embeddable":true,"href":"https:\/\/wpayo.com\/fr\/wp-json\/wp\/v2\/product_cat?post=2641"},{"taxonomy":"product_tag","embeddable":true,"href":"https:\/\/wpayo.com\/fr\/wp-json\/wp\/v2\/product_tag?post=2641"}],"curies":[{"name":"wp","href":"https:\/\/api.w.org\/{rel}","templated":true}]}}