{"id":2643,"date":"2024-01-17T11:43:12","date_gmt":"2024-01-17T11:43:12","guid":{"rendered":"https:\/\/wpayo.com\/fr\/?post_type=product&#038;p=2643"},"modified":"2024-01-17T11:43:12","modified_gmt":"2024-01-17T11:43:12","slug":"helcim-payment-gateway-givewp","status":"publish","type":"product","link":"https:\/\/wpayo.com\/fr\/paiement-gateway\/helcim-payment-gateway-givewp\/","title":{"rendered":"Helcim Payment Gateway &#8211; GiveWP"},"content":{"rendered":"<div class=\"flex-col gap-1 md:gap-3\">\n<div class=\"flex flex-grow flex-col gap-3 max-w-full\">\n<div class=\"min-h-[20px] flex flex-col items-start gap-3 whitespace-pre-wrap break-words overflow-x-auto\">\n<div class=\"markdown prose w-full break-words dark:prose-invert dark\">\n<div class=\"flex flex-grow flex-col gap-3 max-w-full\">\n<div class=\"min-h-[20px] flex flex-col items-start gap-3 whitespace-pre-wrap break-words overflow-x-auto\">\n<div class=\"markdown prose w-full break-words dark:prose-invert dark\">\n<div class=\"flex flex-grow flex-col gap-3 max-w-full\">\n<div class=\"min-h-[20px] flex flex-col items-start gap-3 whitespace-pre-wrap break-words overflow-x-auto\">\n<div class=\"markdown prose w-full break-words dark:prose-invert dark\">\n<div class=\"flex flex-grow flex-col gap-3 max-w-full\">\n<div class=\"min-h-[20px] flex flex-col items-start gap-3 whitespace-pre-wrap break-words overflow-x-auto\">\n<div class=\"markdown prose w-full break-words dark:prose-invert dark\">\n<div class=\"flex flex-grow flex-col gap-3 max-w-full\">\n<div class=\"min-h-[20px] flex flex-col items-start gap-3 whitespace-pre-wrap break-words overflow-x-auto\">\n<div class=\"markdown prose w-full break-words dark:prose-invert dark\">\n<div class=\"flex flex-grow flex-col gap-3 max-w-full\">\n<div class=\"min-h-[20px] flex flex-col items-start gap-3 whitespace-pre-wrap break-words overflow-x-auto\">\n<div class=\"markdown prose w-full break-words dark:prose-invert dark\">\n<div class=\"flex flex-grow flex-col gap-3 max-w-full\">\n<div class=\"min-h-[20px] flex flex-col items-start gap-3 whitespace-pre-wrap break-words overflow-x-auto\">\n<div class=\"markdown prose w-full break-words dark:prose-invert dark\">\n<div class=\"flex flex-grow flex-col gap-3 max-w-full\">\n<div class=\"min-h-[20px] flex flex-col items-start gap-3 whitespace-pre-wrap break-words overflow-x-auto\">\n<div class=\"markdown prose w-full break-words dark:prose-invert dark\">\n<p><strong>Rehaussez GiveWP avec la Passerelle de Paiement Helcim<\/strong><\/p>\n<p>Vous recherchez un moyen d&rsquo;optimiser votre exp\u00e9rience GiveWP ? Ne cherchez pas plus loin que l&rsquo;int\u00e9gration de la Passerelle de Paiement Helcim. En combinant de mani\u00e8re transparente GiveWP avec Helcim, vous pourrez cr\u00e9er une plateforme de dons s\u00e9curis\u00e9e et conviviale. Cela signifie que vos partisans peuvent facilement faire des contributions \u00e0 votre cause via votre site web.<\/p>\n<p><strong>Pourquoi choisir la Passerelle de Paiement Helcim pour GiveWP :<\/strong><\/p>\n<ul>\n<li><strong>Dons Sans Effort :<\/strong> Rehaussez votre exp\u00e9rience GiveWP en offrant un processus de don fluide et sans tracas pour vos partisans.<\/li>\n<li><strong>S\u00e9curit\u00e9 Avanc\u00e9e :<\/strong> Helcim veille \u00e0 ce que chaque don soit s\u00e9curis\u00e9, offrant une protection de premier ordre pour les donn\u00e9es sensibles de la transaction. La confidentialit\u00e9 et la confiance de vos partisans sont toujours pr\u00e9serv\u00e9es.<\/li>\n<li><strong>Flexibilit\u00e9 des Paiements :<\/strong> Acceptez une vari\u00e9t\u00e9 de m\u00e9thodes de paiement, des cartes de cr\u00e9dit et de d\u00e9bit aux ch\u00e8ques \u00e9lectroniques, pour r\u00e9pondre \u00e0 une gamme diversifi\u00e9e de donateurs.<\/li>\n<li><strong>Contributions Globales :<\/strong> \u00c9largissez votre port\u00e9e en acceptant des dons dans plusieurs devises, simplifiant les contributions internationales.<\/li>\n<li><strong>Analytiques Compl\u00e8tes :<\/strong> Tire profit des outils de rapports approfondis pour rester organis\u00e9 et prendre des d\u00e9cisions bas\u00e9es sur les donn\u00e9es concernant vos dons.<\/li>\n<\/ul>\n<p><strong>\u00c0 Propos de Helcim :<\/strong><\/p>\n<p>Helcim est un fournisseur respect\u00e9 de passerelle de paiement, renomm\u00e9 pour son engagement envers un traitement de paiement s\u00e9curis\u00e9 et convivial. Leur plateforme am\u00e9liore l&rsquo;exp\u00e9rience de paiement aussi bien pour les entreprises que pour les clients, assurant des transactions fluides.<\/p>\n<p><strong>Int\u00e9gration de Helcim avec GiveWP :<\/strong><\/p>\n<p>La Passerelle de Paiement Helcim s&rsquo;int\u00e8gre de mani\u00e8re transparente avec GiveWP, fournissant un outil puissant pour cr\u00e9er une plateforme de dons s\u00e9curis\u00e9e. Avec Helcim, vous pouvez inspirer la confiance des donateurs et optimiser votre processus de don.<\/p>\n<p><strong>Pour Commencer :<\/strong><\/p>\n<p>Pour commencer \u00e0 utiliser la Passerelle de Paiement Helcim pour GiveWP, suivez ces \u00e9tapes simples :<\/p>\n<ol>\n<li><strong>Cr\u00e9ez un Compte Helcim :<\/strong> Inscrivez-vous pour un compte Helcim afin d&rsquo;acc\u00e9der \u00e0 leurs robustes services de passerelle de paiement.<\/li>\n<li><strong>Configuration :<\/strong> Configurez le module compl\u00e9mentaire pour int\u00e9grer de mani\u00e8re transparente Helcim dans votre plateforme GiveWP.<\/li>\n<\/ol>\n<p>Ne manquez pas l&rsquo;opportunit\u00e9 d&rsquo;optimiser votre processus de don, inspirer la confiance des donateurs et am\u00e9liorer le succ\u00e8s de vos efforts de collecte de fonds. Lancez-vous d\u00e8s maintenant et profitez des avantages de dons en ligne sans tracas.<\/p>\n<p>Pr\u00eat \u00e0 optimiser votre exp\u00e9rience GiveWP pour des dons s\u00e9curis\u00e9s ? T\u00e9l\u00e9chargez la Passerelle de Paiement Helcim pour GiveWP et cr\u00e9ez une plateforme de don conviviale et s\u00e9curis\u00e9e qui r\u00e9pond aux pr\u00e9f\u00e9rences de paiement diverses de vos partisans.<\/p>\n<\/div>\n<\/div>\n<\/div>\n<\/div>\n<\/div>\n<\/div>\n<\/div>\n<\/div>\n<\/div>\n<\/div>\n<\/div>\n<\/div>\n<\/div>\n<\/div>\n<\/div>\n<\/div>\n<\/div>\n<\/div>\n<\/div>\n","protected":false},"excerpt":{"rendered":"<p>Integrate Helcim Gateway for GiveWP<\/p>\n","protected":false},"featured_media":2644,"comment_status":"open","ping_status":"closed","template":"","meta":{"_acf_changed":false},"product_cat":[87],"product_tag":[251],"class_list":{"0":"post-2643","1":"product","2":"type-product","3":"status-publish","4":"has-post-thumbnail","6":"product_cat-wpgive","7":"product_tag-helcim","9":"first","10":"instock","11":"featured","12":"shipping-taxable","13":"purchasable","14":"product-type-simple"},"acf":[],"_links":{"self":[{"href":"https:\/\/wpayo.com\/fr\/wp-json\/wp\/v2\/product\/2643","targetHints":{"allow":["GET"]}}],"collection":[{"href":"https:\/\/wpayo.com\/fr\/wp-json\/wp\/v2\/product"}],"about":[{"href":"https:\/\/wpayo.com\/fr\/wp-json\/wp\/v2\/types\/product"}],"replies":[{"embeddable":true,"href":"https:\/\/wpayo.com\/fr\/wp-json\/wp\/v2\/comments?post=2643"}],"wp:featuredmedia":[{"embeddable":true,"href":"https:\/\/wpayo.com\/fr\/wp-json\/wp\/v2\/media\/2644"}],"wp:attachment":[{"href":"https:\/\/wpayo.com\/fr\/wp-json\/wp\/v2\/media?parent=2643"}],"wp:term":[{"taxonomy":"product_cat","embeddable":true,"href":"https:\/\/wpayo.com\/fr\/wp-json\/wp\/v2\/product_cat?post=2643"},{"taxonomy":"product_tag","embeddable":true,"href":"https:\/\/wpayo.com\/fr\/wp-json\/wp\/v2\/product_tag?post=2643"}],"curies":[{"name":"wp","href":"https:\/\/api.w.org\/{rel}","templated":true}]}}