{"id":2645,"date":"2024-01-17T11:43:11","date_gmt":"2024-01-17T11:43:11","guid":{"rendered":"https:\/\/wpayo.com\/fr\/?post_type=product&#038;p=2645"},"modified":"2024-01-17T11:43:12","modified_gmt":"2024-01-17T11:43:12","slug":"helcim-payment-gateway-ninjaforms","status":"publish","type":"product","link":"https:\/\/wpayo.com\/fr\/paiement-gateway\/helcim-payment-gateway-ninjaforms\/","title":{"rendered":"Helcim Payment Gateway  &#8211; NinjaForms"},"content":{"rendered":"<div class=\"flex-col gap-1 md:gap-3\">\n<div class=\"flex flex-grow flex-col gap-3 max-w-full\">\n<div class=\"min-h-[20px] flex flex-col items-start gap-3 whitespace-pre-wrap break-words overflow-x-auto\">\n<div class=\"markdown prose w-full break-words dark:prose-invert dark\">\n<div class=\"flex flex-grow flex-col gap-3 max-w-full\">\n<div class=\"min-h-[20px] flex flex-col items-start gap-3 whitespace-pre-wrap break-words overflow-x-auto\">\n<div class=\"markdown prose w-full break-words dark:prose-invert dark\">\n<div class=\"flex flex-grow flex-col gap-3 max-w-full\">\n<div class=\"min-h-[20px] flex flex-col items-start gap-3 whitespace-pre-wrap break-words overflow-x-auto\">\n<div class=\"markdown prose w-full break-words dark:prose-invert dark\">\n<div class=\"flex flex-grow flex-col gap-3 max-w-full\">\n<div class=\"min-h-[20px] flex flex-col items-start gap-3 whitespace-pre-wrap break-words overflow-x-auto\">\n<div class=\"markdown prose w-full break-words dark:prose-invert dark\">\n<div class=\"flex flex-grow flex-col gap-3 max-w-full\">\n<div class=\"min-h-[20px] flex flex-col items-start gap-3 whitespace-pre-wrap break-words overflow-x-auto\">\n<div class=\"markdown prose w-full break-words dark:prose-invert dark\">\n<div class=\"flex flex-grow flex-col gap-3 max-w-full\">\n<div class=\"min-h-[20px] flex flex-col items-start gap-3 whitespace-pre-wrap break-words overflow-x-auto\">\n<div class=\"markdown prose w-full break-words dark:prose-invert dark\">\n                                                                            <strong>Renforcez vos NinjaForms avec la Passerelle de Paiement Helcim<\/strong><\/p>\n<p>                                                                            Vous recherchez une solution transparente et s\u00e9curis\u00e9e pour traiter les paiements via vos NinjaForms ? Ne cherchez pas plus loin que l&rsquo;int\u00e9gration de la Passerelle de Paiement Helcim. En combinant NinjaForms avec Helcim, vous pourrez cr\u00e9er une solution de paiement conviviale et fiable pour vos formulaires, permettant \u00e0 vos utilisateurs de r\u00e9aliser des paiements en toute simplicit\u00e9.<\/p>\n<p>                                                                            <strong>Pourquoi opter pour la Passerelle de Paiement Helcim pour NinjaForms :<\/strong><\/p>\n<ul>\n<li><strong>Traitement des Paiements Sans Effort :<\/strong> Helcim am\u00e9liore NinjaForms en simplifiant le processus de paiement, assurant une exp\u00e9rience fluide et conviviale pour vos clients.<\/li>\n<li><strong>S\u00e9curit\u00e9 Avanc\u00e9e :<\/strong> Soyez tranquille avec les fonctionnalit\u00e9s de s\u00e9curit\u00e9 de pointe d&rsquo;Helcim, prot\u00e9geant chaque transaction et pr\u00e9servant la confidentialit\u00e9 des donn\u00e9es des clients.<\/li>\n<li><strong>Polyvalence des Paiements :<\/strong> Acceptez une large gamme de m\u00e9thodes de paiement, des cartes de cr\u00e9dit et de d\u00e9bit aux ch\u00e8ques \u00e9lectroniques, pour r\u00e9pondre \u00e0 une client\u00e8le diversifi\u00e9e.<\/li>\n<li><strong>Transactions Mondiales :<\/strong> \u00c9largissez votre port\u00e9e en acceptant des paiements dans plusieurs devises, facilitant les transactions internationales pour vos utilisateurs.<\/li>\n<li><strong>Analytiques D\u00e9taill\u00e9es :<\/strong> Restez organis\u00e9 et prenez des d\u00e9cisions \u00e9clair\u00e9es avec des outils de rapports complets, vous permettant de surveiller et d&rsquo;optimiser vos soumissions de paiement.<\/li>\n<\/ul>\n<p>                                                                            <strong>\u00c0 Propos d&rsquo;Helcim :<\/strong><\/p>\n<p>                                                                            Helcim est un prestataire de passerelle de paiement de confiance, c\u00e9l\u00e8bre pour sa fiabilit\u00e9 et son engagement envers un traitement de paiement s\u00e9curis\u00e9 et convivial. Leur plateforme est con\u00e7ue pour am\u00e9liorer l&rsquo;exp\u00e9rience de paiement tant pour les entreprises que pour les clients.<\/p>\n<p>                                                                            <strong>Int\u00e9gration d&rsquo;Helcim avec NinjaForms :<\/strong><\/p>\n<p>                                                                            La Passerelle de Paiement Helcim s&rsquo;int\u00e8gre sans effort avec NinjaForms, en faisant un ajout pr\u00e9cieux \u00e0 vos formulaires. Elle rationalise le processus de paiement et assure une exp\u00e9rience s\u00e9curis\u00e9e et conviviale aussi bien pour vous que pour vos clients.<\/p>\n<p>                                                                            <strong>Commencer :<\/strong><\/p>\n<p>                                                                            Pour commencer \u00e0 utiliser la Passerelle de Paiement Helcim pour NinjaForms, suivez ces \u00e9tapes :<\/p>\n<ol>\n<li><strong>Cr\u00e9er un Compte Helcim :<\/strong> Commencez par cr\u00e9er un compte Helcim pour acc\u00e9der \u00e0 leurs puissants services de passerelle de paiement.<\/li>\n<li><strong>Configuration :<\/strong> Configurez le module compl\u00e9mentaire pour int\u00e9grer sans probl\u00e8me Helcim dans vos NinjaForms.<\/li>\n<\/ol>\n<p>                                                                            Ne manquez pas l&rsquo;opportunit\u00e9 d&rsquo;optimiser le traitement de vos paiements, d&rsquo;inspirer la confiance de vos clients et de renforcer le succ\u00e8s de vos formulaires. Commencez d\u00e8s maintenant et profitez des avantages des paiements en ligne sans tracas.<\/p>\n<p>                                                                            Pr\u00eat \u00e0 am\u00e9liorer le traitement de vos paiements avec NinjaForms ? T\u00e9l\u00e9chargez la Passerelle de Paiement Helcim pour NinjaForms et commencez \u00e0 accepter des paiements de mani\u00e8re s\u00e9curis\u00e9e et pratique.\n                                                                        <\/p><\/div>\n<\/p><\/div>\n<\/p><\/div>\n<\/p><\/div>\n<\/p><\/div>\n<\/p><\/div>\n<\/p><\/div>\n<\/p><\/div>\n<\/p><\/div>\n<\/p><\/div>\n<\/p><\/div>\n<\/p><\/div>\n<\/p><\/div>\n<\/p><\/div>\n<\/p><\/div>\n<\/p><\/div>\n<\/p><\/div>\n<\/p><\/div>\n<\/div>\n","protected":false},"excerpt":{"rendered":"<p>Integrate Helcim Gateway for NinjaForms<\/p>\n","protected":false},"featured_media":2646,"comment_status":"open","ping_status":"closed","template":"","meta":{"_acf_changed":false},"product_cat":[52],"product_tag":[251],"class_list":{"0":"post-2645","1":"product","2":"type-product","3":"status-publish","4":"has-post-thumbnail","6":"product_cat-ninja-forms","7":"product_tag-helcim","9":"first","10":"instock","11":"featured","12":"shipping-taxable","13":"purchasable","14":"product-type-simple"},"acf":[],"_links":{"self":[{"href":"https:\/\/wpayo.com\/fr\/wp-json\/wp\/v2\/product\/2645","targetHints":{"allow":["GET"]}}],"collection":[{"href":"https:\/\/wpayo.com\/fr\/wp-json\/wp\/v2\/product"}],"about":[{"href":"https:\/\/wpayo.com\/fr\/wp-json\/wp\/v2\/types\/product"}],"replies":[{"embeddable":true,"href":"https:\/\/wpayo.com\/fr\/wp-json\/wp\/v2\/comments?post=2645"}],"wp:featuredmedia":[{"embeddable":true,"href":"https:\/\/wpayo.com\/fr\/wp-json\/wp\/v2\/media\/2646"}],"wp:attachment":[{"href":"https:\/\/wpayo.com\/fr\/wp-json\/wp\/v2\/media?parent=2645"}],"wp:term":[{"taxonomy":"product_cat","embeddable":true,"href":"https:\/\/wpayo.com\/fr\/wp-json\/wp\/v2\/product_cat?post=2645"},{"taxonomy":"product_tag","embeddable":true,"href":"https:\/\/wpayo.com\/fr\/wp-json\/wp\/v2\/product_tag?post=2645"}],"curies":[{"name":"wp","href":"https:\/\/api.w.org\/{rel}","templated":true}]}}