{"id":2647,"date":"2024-01-17T11:43:10","date_gmt":"2024-01-17T11:43:10","guid":{"rendered":"https:\/\/wpayo.com\/fr\/?post_type=product&#038;p=2647"},"modified":"2024-01-17T11:43:11","modified_gmt":"2024-01-17T11:43:11","slug":"helcim-payment-gateway-woocommerce","status":"publish","type":"product","link":"https:\/\/wpayo.com\/fr\/paiement-gateway\/helcim-payment-gateway-woocommerce\/","title":{"rendered":"Helcim Payment Gateway &#8211; WooCommerce"},"content":{"rendered":"<div class=\"flex flex-grow flex-col gap-3 max-w-full\">\n<div class=\"min-h-[20px] flex flex-col items-start gap-3 whitespace-pre-wrap break-words overflow-x-auto\">\n<div class=\"markdown prose w-full break-words dark:prose-invert dark\">\n<p>      <strong>Rehaussez votre boutique WooCommerce avec la Passerelle de Paiement Helcim<\/strong><\/p>\n<p>      Vous \u00eates \u00e0 la recherche d&rsquo;une passerelle de paiement fiable et s\u00e9curis\u00e9e pour am\u00e9liorer le traitement des paiements de votre boutique WooCommerce ? Ne cherchez pas plus loin que la Passerelle de Paiement Helcim. En int\u00e9grant de mani\u00e8re transparente Helcim \u00e0 votre configuration WooCommerce, vous pouvez offrir \u00e0 vos clients une solution de paiement fiable et pratique. Que vous vendiez des produits ou des services, Helcim garantit une exp\u00e9rience de transaction fluide.<\/p>\n<p>      <strong>Pourquoi choisir la Passerelle de Paiement Helcim pour WooCommerce :<\/strong><\/p>\n<ul>\n<li><strong>Commande Simplifi\u00e9e :<\/strong> Helcim simplifie le processus de commande, facilitant la t\u00e2che de vos clients pour finaliser leurs achats et am\u00e9liorant leur exp\u00e9rience d&rsquo;achat globale.<\/li>\n<li><strong>S\u00e9curit\u00e9 Avanc\u00e9e :<\/strong> Les fonctionnalit\u00e9s de s\u00e9curit\u00e9 avanc\u00e9es d&rsquo;Helcim garantissent la s\u00e9curit\u00e9 de chaque transaction et prot\u00e8gent les donn\u00e9es sensibles des clients, vous offrant ainsi qu&rsquo;\u00e0 vos clients la tranquillit\u00e9 d&rsquo;esprit.<\/li>\n<li><strong>Flexibilit\u00e9 des Paiements :<\/strong> Acceptez une large gamme de m\u00e9thodes de paiement, des cartes de cr\u00e9dit et de d\u00e9bit aux ch\u00e8ques \u00e9lectroniques, pour r\u00e9pondre aux pr\u00e9f\u00e9rences diverses de votre client\u00e8le.<\/li>\n<li><strong>Ventes Globales :<\/strong> \u00c9largissez votre activit\u00e9 \u00e0 l&rsquo;\u00e9chelle mondiale en traitant les paiements dans plusieurs devises, permettant des transactions internationales pratiques.<\/li>\n<li><strong>Rapports Complets :<\/strong> Utilisez des outils de rapports complets pour rester organis\u00e9, prendre des d\u00e9cisions bas\u00e9es sur les donn\u00e9es et optimiser le traitement des paiements pour votre boutique WooCommerce.<\/li>\n<\/ul>\n<p>      <strong>\u00c0 Propos de Helcim :<\/strong><\/p>\n<p>      Helcim est un fournisseur respect\u00e9 de passerelle de paiement connu pour sa fiabilit\u00e9 et son engagement envers un traitement de paiement s\u00e9curis\u00e9 et convivial. Leur plateforme est con\u00e7ue pour am\u00e9liorer l&rsquo;exp\u00e9rience de paiement tant pour les entreprises que pour les clients.<\/p>\n<p>      <strong>Int\u00e9gration de Helcim avec WooCommerce :<\/strong><\/p>\n<p>      La Passerelle de Paiement Helcim s&rsquo;int\u00e8gre parfaitement \u00e0 WooCommerce, renfor\u00e7ant votre capacit\u00e9 \u00e0 offrir une exp\u00e9rience de paiement fluide \u00e0 vos clients. Avec Helcim, vous pouvez inspirer la confiance des clients et optimiser le traitement des paiements.<\/p>\n<p>      <strong>Pour Commencer :<\/strong><\/p>\n<p>      Pour commencer \u00e0 utiliser la Passerelle de Paiement Helcim pour WooCommerce, suivez ces \u00e9tapes simples :<\/p>\n<ol>\n<li><strong>Cr\u00e9ez un Compte Helcim :<\/strong> Commencez par configurer un compte Helcim pour acc\u00e9der \u00e0 leurs robustes services de passerelle de paiement.<\/li>\n<li><strong>Configuration :<\/strong> Configurez et int\u00e9grez Helcim de mani\u00e8re transparente dans votre boutique WooCommerce.<\/li>\n<\/ol>\n<p>      Ne manquez pas l&rsquo;opportunit\u00e9 d&rsquo;optimiser le traitement de vos paiements, inspirer la confiance des clients et \u00e9lever le succ\u00e8s de votre boutique WooCommerce. Lancez-vous d\u00e8s maintenant et d\u00e9couvrez les avantages de paiements en ligne sans tracas.<\/p>\n<p>      Pr\u00eat \u00e0 am\u00e9liorer le traitement de vos paiements avec WooCommerce ? T\u00e9l\u00e9chargez la Passerelle de Paiement Helcim pour WooCommerce et commencez \u00e0 accepter des paiements de mani\u00e8re s\u00e9curis\u00e9e et pratique.<\/p><\/div>\n<\/p><\/div>\n<\/div>\n","protected":false},"excerpt":{"rendered":"<p>Integrate Helcim Gateway for WooCommerce<\/p>\n","protected":false},"featured_media":2648,"comment_status":"open","ping_status":"closed","template":"","meta":{"_acf_changed":false},"product_cat":[47],"product_tag":[251],"class_list":{"0":"post-2647","1":"product","2":"type-product","3":"status-publish","4":"has-post-thumbnail","6":"product_cat-woocommerce","7":"product_tag-helcim","9":"first","10":"instock","11":"featured","12":"shipping-taxable","13":"purchasable","14":"product-type-simple"},"acf":[],"_links":{"self":[{"href":"https:\/\/wpayo.com\/fr\/wp-json\/wp\/v2\/product\/2647","targetHints":{"allow":["GET"]}}],"collection":[{"href":"https:\/\/wpayo.com\/fr\/wp-json\/wp\/v2\/product"}],"about":[{"href":"https:\/\/wpayo.com\/fr\/wp-json\/wp\/v2\/types\/product"}],"replies":[{"embeddable":true,"href":"https:\/\/wpayo.com\/fr\/wp-json\/wp\/v2\/comments?post=2647"}],"wp:featuredmedia":[{"embeddable":true,"href":"https:\/\/wpayo.com\/fr\/wp-json\/wp\/v2\/media\/2648"}],"wp:attachment":[{"href":"https:\/\/wpayo.com\/fr\/wp-json\/wp\/v2\/media?parent=2647"}],"wp:term":[{"taxonomy":"product_cat","embeddable":true,"href":"https:\/\/wpayo.com\/fr\/wp-json\/wp\/v2\/product_cat?post=2647"},{"taxonomy":"product_tag","embeddable":true,"href":"https:\/\/wpayo.com\/fr\/wp-json\/wp\/v2\/product_tag?post=2647"}],"curies":[{"name":"wp","href":"https:\/\/api.w.org\/{rel}","templated":true}]}}