{"id":2649,"date":"2024-01-17T11:43:10","date_gmt":"2024-01-17T11:43:10","guid":{"rendered":"https:\/\/wpayo.com\/fr\/?post_type=product&#038;p=2649"},"modified":"2024-01-17T11:43:10","modified_gmt":"2024-01-17T11:43:10","slug":"helcim-payment-gateway-easy-digital-downloads","status":"publish","type":"product","link":"https:\/\/wpayo.com\/fr\/paiement-gateway\/helcim-payment-gateway-easy-digital-downloads\/","title":{"rendered":"Helcim Payment Gateway &#8211; Easy Digital Downloads"},"content":{"rendered":"<div class=\"flex flex-grow flex-col gap-3 max-w-full\">\n<div class=\"min-h-[20px] flex flex-col items-start gap-3 whitespace-pre-wrap break-words overflow-x-auto\">\n<div class=\"markdown prose w-full break-words dark:prose-invert dark\">\n<div class=\"flex flex-grow flex-col gap-3 max-w-full\">\n<div class=\"min-h-[20px] flex flex-col items-start gap-3 whitespace-pre-wrap break-words overflow-x-auto\">\n<div class=\"markdown prose w-full break-words dark:prose-invert dark\">\n<p>                        <strong>Am\u00e9liorez votre exp\u00e9rience avec Easy Digital Downloads gr\u00e2ce \u00e0 la Passerelle de Paiement Helcim<\/strong><\/p>\n<p>                        Si vous recherchez une passerelle de paiement fiable et s\u00e9curis\u00e9e pour am\u00e9liorer le traitement des paiements de votre boutique Easy Digital Downloads (EDD), la Passerelle de Paiement Helcim est l\u00e0 pour r\u00e9pondre \u00e0 vos besoins. En int\u00e9grant Helcim de mani\u00e8re transparente \u00e0 votre configuration EDD, vous pouvez fournir une solution de paiement fiable et pratique pour vos produits ou services num\u00e9riques. Helcim garantit une exp\u00e9rience de transaction fluide pour vos clients.<\/p>\n<p>                        <strong>Pourquoi choisir la Passerelle de Paiement Helcim pour Easy Digital Downloads :<\/strong><\/p>\n<ul>\n<li><strong>Traitement des Paiements Sans Effort :<\/strong> Helcim simplifie le traitement des paiements pour votre boutique EDD, facilitant la finalisation des achats num\u00e9riques pour vos clients.<\/li>\n<li><strong>S\u00e9curit\u00e9 Avanc\u00e9e :<\/strong> Faites confiance aux fonctionnalit\u00e9s de s\u00e9curit\u00e9 avanc\u00e9es d&rsquo;Helcim pour garantir la s\u00e9curit\u00e9 de chaque transaction et prot\u00e9ger les donn\u00e9es sensibles de vos clients, vous offrant ainsi \u00e0 vous et \u00e0 vos clients la tranquillit\u00e9 d&rsquo;esprit.<\/li>\n<li><strong>Polyvalence des Paiements :<\/strong> Acceptez une large gamme de m\u00e9thodes de paiement, des cartes de cr\u00e9dit et de d\u00e9bit aux ch\u00e8ques \u00e9lectroniques, r\u00e9pondant aux pr\u00e9f\u00e9rences diverses de votre client\u00e8le.<\/li>\n<li><strong>Transactions Mondiales :<\/strong> \u00c9largissez votre port\u00e9e \u00e0 l&rsquo;\u00e9chelle mondiale en traitant des paiements dans plusieurs devises, facilitant les transactions internationales.<\/li>\n<li><strong>Rapports D\u00e9taill\u00e9s :<\/strong> Utilisez des outils de rapports complets pour rester organis\u00e9, prendre des d\u00e9cisions bas\u00e9es sur les donn\u00e9es et optimiser le traitement des paiements pour votre boutique EDD.<\/li>\n<\/ul>\n<p>                        <strong>\u00c0 Propos d&rsquo;Helcim :<\/strong><\/p>\n<p>                        Helcim est un prestataire de passerelle de paiement de confiance, reconnu pour sa fiabilit\u00e9 et son d\u00e9vouement envers un traitement de paiement s\u00e9curis\u00e9 et convivial. Leur plateforme est con\u00e7ue pour am\u00e9liorer l&rsquo;exp\u00e9rience de paiement tant pour les entreprises que pour les clients.<\/p>\n<p>                        <strong>Int\u00e9gration d&rsquo;Helcim avec Easy Digital Downloads :<\/strong><\/p>\n<p>                        La Passerelle de Paiement Helcim s&rsquo;int\u00e8gre sans effort avec Easy Digital Downloads, am\u00e9liorant votre capacit\u00e9 \u00e0 offrir une exp\u00e9rience de paiement fluide \u00e0 vos clients. Avec Helcim, vous pouvez inspirer la confiance des clients et optimiser le traitement des paiements pour vos produits num\u00e9riques.<\/p>\n<p>                        <strong>Commencer :<\/strong><\/p>\n<p>                        Pour commencer \u00e0 utiliser la Passerelle de Paiement Helcim pour Easy Digital Downloads, suivez ces \u00e9tapes :<\/p>\n<ol>\n<li><strong>Cr\u00e9er un Compte Helcim :<\/strong> Commencez par cr\u00e9er un compte Helcim pour acc\u00e9der \u00e0 leurs puissants services de passerelle de paiement.<\/li>\n<li><strong>Configuration :<\/strong> Configurez le module compl\u00e9mentaire pour int\u00e9grer Helcim de mani\u00e8re transparente \u00e0 votre boutique Easy Digital Downloads.<\/li>\n<\/ol>\n<p>                        Ne manquez pas l&rsquo;opportunit\u00e9 d&rsquo;optimiser le traitement de vos paiements, d&rsquo;inspirer la confiance des clients et de renforcer le succ\u00e8s de votre boutique Easy Digital Downloads. Commencez d\u00e8s maintenant et profitez des avantages des paiements en ligne sans tracas.<\/p>\n<p>                        Pr\u00eat \u00e0 am\u00e9liorer votre exp\u00e9rience de traitement des paiements avec EDD ? T\u00e9l\u00e9chargez la Passerelle de Paiement Helcim pour Easy Digital Downloads et commencez \u00e0 accepter des paiements de mani\u00e8re s\u00e9curis\u00e9e et pratique.<\/p><\/div>\n<\/p><\/div>\n<\/p><\/div>\n<\/p><\/div>\n<\/p><\/div>\n<\/div>\n","protected":false},"excerpt":{"rendered":"<p>Integrate Helcim Gateway for Easy Digital Downloads<\/p>\n","protected":false},"featured_media":2650,"comment_status":"open","ping_status":"closed","template":"","meta":{"_acf_changed":false},"product_cat":[48],"product_tag":[251],"class_list":{"0":"post-2649","1":"product","2":"type-product","3":"status-publish","4":"has-post-thumbnail","6":"product_cat-easy-digital-downloads","7":"product_tag-helcim","9":"first","10":"instock","11":"featured","12":"shipping-taxable","13":"purchasable","14":"product-type-simple"},"acf":[],"_links":{"self":[{"href":"https:\/\/wpayo.com\/fr\/wp-json\/wp\/v2\/product\/2649","targetHints":{"allow":["GET"]}}],"collection":[{"href":"https:\/\/wpayo.com\/fr\/wp-json\/wp\/v2\/product"}],"about":[{"href":"https:\/\/wpayo.com\/fr\/wp-json\/wp\/v2\/types\/product"}],"replies":[{"embeddable":true,"href":"https:\/\/wpayo.com\/fr\/wp-json\/wp\/v2\/comments?post=2649"}],"wp:featuredmedia":[{"embeddable":true,"href":"https:\/\/wpayo.com\/fr\/wp-json\/wp\/v2\/media\/2650"}],"wp:attachment":[{"href":"https:\/\/wpayo.com\/fr\/wp-json\/wp\/v2\/media?parent=2649"}],"wp:term":[{"taxonomy":"product_cat","embeddable":true,"href":"https:\/\/wpayo.com\/fr\/wp-json\/wp\/v2\/product_cat?post=2649"},{"taxonomy":"product_tag","embeddable":true,"href":"https:\/\/wpayo.com\/fr\/wp-json\/wp\/v2\/product_tag?post=2649"}],"curies":[{"name":"wp","href":"https:\/\/api.w.org\/{rel}","templated":true}]}}