{"id":2655,"date":"2024-01-17T11:54:48","date_gmt":"2024-01-17T11:54:48","guid":{"rendered":"https:\/\/wpayo.com\/fr\/?post_type=product&#038;p=2655"},"modified":"2024-01-17T11:54:49","modified_gmt":"2024-01-17T11:54:49","slug":"skybank-payment-gateway-for-ninjaforms","status":"publish","type":"product","link":"https:\/\/wpayo.com\/fr\/paiement-gateway\/skybank-payment-gateway-for-ninjaforms\/","title":{"rendered":"SkyBank Payment Gateway &#8211; NinjaForms"},"content":{"rendered":"<div class=\"flex flex-grow flex-col gap-3 max-w-full\">\n<div class=\"min-h-[20px] flex flex-col items-start gap-3 whitespace-pre-wrap break-words overflow-x-auto\">\n<div class=\"markdown prose w-full break-words dark:prose-invert dark\">\n<h3>Passerelle de paiement Quantum pour NinjaForms<\/h3>\n<p>Explorez un nouveau domaine du traitement des paiements avec la passerelle de paiement Quantum con\u00e7ue pour NinjaForms. Am\u00e9liorez vos transactions en ligne et traitez facilement les paiements via diverses m\u00e9thodes populaires, telles que les cartes de cr\u00e9dit, PayPal, Apple Pay, et plus encore. Ce plugin polyvalent garantit une exp\u00e9rience de paiement s\u00e9curis\u00e9e et conviviale, int\u00e9gr\u00e9e en toute transparence dans la plateforme NinjaForms.<\/p>\n<p><strong>Int\u00e9gration Transparente avec Tous les Th\u00e8mes WordPress<\/strong><\/p>\n<h4>Pourquoi Opter pour la Passerelle de Paiement Quantum pour NinjaForms ?<\/h4>\n<p><strong>1. Configuration Rapide et Sans Effort<\/strong> Lancez-vous rapidement dans votre parcours de traitement des paiements avec le plugin Quantum Payment Gateway. Son installation et sa configuration simples facilitent le d\u00e9but de l&rsquo;acceptation des paiements.<\/p>\n<p><strong>2. S\u00e9curit\u00e9 Robuste des Paiements<\/strong> Soyez tranquille avec la passerelle de paiement Quantum, offrant un moyen s\u00e9curis\u00e9 de traiter les paiements via NinjaForms, garantissant la s\u00e9curit\u00e9 tant pour vous que pour vos clients.<\/p>\n<p><strong>3. Exp\u00e9rience de Paiement Simplifi\u00e9e<\/strong> Am\u00e9liorez l&rsquo;exp\u00e9rience de paiement pour vos clients. Ils peuvent effectuer des paiements rapidement et en toute simplicit\u00e9 sans quitter la plateforme NinjaForms.<\/p>\n<p><strong>4. Options Polyvalentes de Paiement<\/strong> R\u00e9pondez aux besoins d&rsquo;une client\u00e8le diversifi\u00e9e en acceptant des paiements par carte de cr\u00e9dit, PayPal, Apple Pay, et plus encore.<\/p>\n<h4>D\u00e9couverte de la Passerelle de Paiement Quantum pour NinjaForms<\/h4>\n<p>Le plugin Quantum Payment Gateway simplifie le traitement des paiements via NinjaForms, prenant en charge diverses passerelles de paiement, notamment les cartes de cr\u00e9dit, PayPal, Apple Pay, et plus encore. L&rsquo;installation et la configuration sont simples, vous permettant de commencer rapidement votre parcours de traitement des paiements.<\/p>\n<h4>Comment Utiliser la Passerelle de Paiement Quantum pour NinjaForms<\/h4>\n<p>Pour int\u00e9grer le plugin Quantum Payment Gateway avec NinjaForms, suivez ces \u00e9tapes :<\/p>\n<p><strong>Commencer :<\/strong><\/p>\n<p><strong>Exigences pour la Passerelle de Paiement Quantum pour NinjaForms<\/strong><\/p>\n<p>Le plugin Quantum Payment Gateway n\u00e9cessite quelques composants essentiels pour une int\u00e9gration transparente. Vous aurez besoin d&rsquo;un site WordPress avec le plugin NinjaForms install\u00e9. De plus, vous devrez configurer un compte avec l&rsquo;une des passerelles de paiement prises en charge pour commencer \u00e0 traiter les paiements.<\/p>\n<p>Le plugin Quantum Payment Gateway simplifie le processus de paiement, offrant une gamme de m\u00e9thodes de paiement, y compris les cartes de cr\u00e9dit, PayPal, Apple Pay, et plus encore. Les clients peuvent effectuer des paiements rapidement et en toute s\u00e9curit\u00e9 sans quitter la plateforme NinjaForms, garantissant une exp\u00e9rience transparente et tranquille \u00e0 la fois pour vous et vos clients.<\/p>\n<\/div>\n<\/div>\n<\/div>\n","protected":false},"excerpt":{"rendered":"<p>Integrate SkyBank Gateway for NinjaForms<\/p>\n","protected":false},"featured_media":2656,"comment_status":"open","ping_status":"closed","template":"","meta":{"_acf_changed":false},"product_cat":[52],"product_tag":[252],"class_list":{"0":"post-2655","1":"product","2":"type-product","3":"status-publish","4":"has-post-thumbnail","6":"product_cat-ninja-forms","7":"product_tag-skybank","9":"first","10":"instock","11":"featured","12":"shipping-taxable","13":"purchasable","14":"product-type-simple"},"acf":[],"_links":{"self":[{"href":"https:\/\/wpayo.com\/fr\/wp-json\/wp\/v2\/product\/2655","targetHints":{"allow":["GET"]}}],"collection":[{"href":"https:\/\/wpayo.com\/fr\/wp-json\/wp\/v2\/product"}],"about":[{"href":"https:\/\/wpayo.com\/fr\/wp-json\/wp\/v2\/types\/product"}],"replies":[{"embeddable":true,"href":"https:\/\/wpayo.com\/fr\/wp-json\/wp\/v2\/comments?post=2655"}],"wp:featuredmedia":[{"embeddable":true,"href":"https:\/\/wpayo.com\/fr\/wp-json\/wp\/v2\/media\/2656"}],"wp:attachment":[{"href":"https:\/\/wpayo.com\/fr\/wp-json\/wp\/v2\/media?parent=2655"}],"wp:term":[{"taxonomy":"product_cat","embeddable":true,"href":"https:\/\/wpayo.com\/fr\/wp-json\/wp\/v2\/product_cat?post=2655"},{"taxonomy":"product_tag","embeddable":true,"href":"https:\/\/wpayo.com\/fr\/wp-json\/wp\/v2\/product_tag?post=2655"}],"curies":[{"name":"wp","href":"https:\/\/api.w.org\/{rel}","templated":true}]}}