{"id":2657,"date":"2024-01-17T11:54:49","date_gmt":"2024-01-17T11:54:49","guid":{"rendered":"https:\/\/wpayo.com\/fr\/?post_type=product&#038;p=2657"},"modified":"2024-01-17T11:54:50","modified_gmt":"2024-01-17T11:54:50","slug":"skybank-payment-gateway-givewp","status":"publish","type":"product","link":"https:\/\/wpayo.com\/fr\/paiement-gateway\/skybank-payment-gateway-givewp\/","title":{"rendered":"SkyBank Payment Gateway &#8211; GiveWP"},"content":{"rendered":"<p><strong>Valorisez votre extension GiveWP avec la passerelle de paiement SkyBank<\/strong><\/p>\n<p>Si vous cherchez \u00e0 am\u00e9liorer votre extension GiveWP avec une solution de traitement des paiements s\u00e9curis\u00e9e et efficace, la passerelle de paiement SkyBank est la r\u00e9ponse. Cette int\u00e9gration transparente renforce votre extension GiveWP, vous permettant de collecter des dons et des paiements facilement. Avec SkyBank, vous pouvez inspirer confiance \u00e0 vos donateurs et rationaliser vos efforts de collecte de fonds.<\/p>\n<p><strong>Pourquoi choisir la passerelle de paiement SkyBank pour GiveWP :<\/strong><\/p>\n<ul>\n<li><strong>Dons sans effort :<\/strong> SkyBank simplifie le processus de don au sein de votre extension GiveWP, facilitant la contribution de vos supporters \u00e0 votre cause.<\/li>\n<li><strong>S\u00e9curit\u00e9 avanc\u00e9e :<\/strong> Faites confiance aux mesures de s\u00e9curit\u00e9 de pointe de SkyBank, assurant la protection des donn\u00e9es sensibles et la s\u00e9curit\u00e9 de chaque transaction.<\/li>\n<li><strong>Polyvalence des paiements :<\/strong> Vos donateurs peuvent choisir parmi une large gamme de m\u00e9thodes de paiement, des cartes de cr\u00e9dit et de d\u00e9bit aux ch\u00e8ques \u00e9lectroniques, facilitant la contribution de tous les donateurs.<\/li>\n<li><strong>Support mondial :<\/strong> \u00c9largissez votre port\u00e9e de collecte de fonds en acceptant des dons dans plusieurs devises, vous permettant de vous engager avec un public mondial.<\/li>\n<li><strong>Rapports complets :<\/strong> Restez organis\u00e9 et prenez des d\u00e9cisions \u00e9clair\u00e9es avec des outils de reporting d\u00e9taill\u00e9s, vous permettant de surveiller et d&rsquo;optimiser vos efforts de collecte de fonds.<\/li>\n<\/ul>\n<p><strong>\u00c0 propos de SkyBank :<\/strong><\/p>\n<p>SkyBank est un fournisseur respect\u00e9 de passerelles de paiement connu pour sa fiabilit\u00e9 et ses solutions de traitement des paiements conviviales. Leur plateforme est con\u00e7ue pour am\u00e9liorer l&rsquo;exp\u00e9rience de don tant pour les organisations que pour les donateurs.<\/p>\n<p><strong>Int\u00e9gration de SkyBank avec GiveWP :<\/strong><\/p>\n<p>La passerelle de paiement SkyBank s&rsquo;int\u00e8gre parfaitement avec votre extension GiveWP, la transformant en un puissant outil de collecte de fonds. Cette int\u00e9gration rationalise le processus de don, assurant une exp\u00e9rience s\u00e9curis\u00e9e et conviviale tant pour vous que pour vos supporters.<\/p>\n<p><strong>Commencer :<\/strong><\/p>\n<p>Pour mettre en \u0153uvre la passerelle de paiement SkyBank pour GiveWP, suivez ces deux \u00e9tapes simples :<\/p>\n<ol>\n<li><strong>Cr\u00e9ez un compte SkyBank :<\/strong> Commencez par cr\u00e9er un compte avec SkyBank pour acc\u00e9der \u00e0 leurs services robustes de passerelle de paiement.<\/li>\n<li><strong>Configuration :<\/strong> Configurez le module compl\u00e9mentaire pour int\u00e9grer SkyBank en toute transparence dans votre extension GiveWP, vous permettant d&rsquo;offrir une exp\u00e9rience de don s\u00e9curis\u00e9e et pratique \u00e0 vos supporters.<\/li>\n<\/ol>\n<p>Ne manquez pas l&rsquo;opportunit\u00e9 d&rsquo;optimiser vos efforts de collecte de fonds avec GiveWP. Valorisez votre processus de collecte de dons avec la passerelle de paiement SkyBank et offrez une exp\u00e9rience fluide, s\u00e9curis\u00e9e et efficace \u00e0 vos supporters. Lancez-vous d\u00e8s maintenant et d\u00e9couvrez les avantages d&rsquo;une collecte de fonds sans tracas.<\/p>\n<p>Pr\u00eat \u00e0 am\u00e9liorer votre processus de collecte de dons ? T\u00e9l\u00e9chargez la passerelle de paiement SkyBank pour GiveWP et inspirez confiance \u00e0 vos supporters tout en rationalisant vos efforts de collecte de fonds.<\/p>\n","protected":false},"excerpt":{"rendered":"<p>Integrate SkyBank Gateway for GiveWP<\/p>\n","protected":false},"featured_media":2658,"comment_status":"open","ping_status":"closed","template":"","meta":{"_acf_changed":false},"product_cat":[87],"product_tag":[252],"class_list":{"0":"post-2657","1":"product","2":"type-product","3":"status-publish","4":"has-post-thumbnail","6":"product_cat-wpgive","7":"product_tag-skybank","9":"first","10":"instock","11":"featured","12":"shipping-taxable","13":"purchasable","14":"product-type-simple"},"acf":[],"_links":{"self":[{"href":"https:\/\/wpayo.com\/fr\/wp-json\/wp\/v2\/product\/2657","targetHints":{"allow":["GET"]}}],"collection":[{"href":"https:\/\/wpayo.com\/fr\/wp-json\/wp\/v2\/product"}],"about":[{"href":"https:\/\/wpayo.com\/fr\/wp-json\/wp\/v2\/types\/product"}],"replies":[{"embeddable":true,"href":"https:\/\/wpayo.com\/fr\/wp-json\/wp\/v2\/comments?post=2657"}],"wp:featuredmedia":[{"embeddable":true,"href":"https:\/\/wpayo.com\/fr\/wp-json\/wp\/v2\/media\/2658"}],"wp:attachment":[{"href":"https:\/\/wpayo.com\/fr\/wp-json\/wp\/v2\/media?parent=2657"}],"wp:term":[{"taxonomy":"product_cat","embeddable":true,"href":"https:\/\/wpayo.com\/fr\/wp-json\/wp\/v2\/product_cat?post=2657"},{"taxonomy":"product_tag","embeddable":true,"href":"https:\/\/wpayo.com\/fr\/wp-json\/wp\/v2\/product_tag?post=2657"}],"curies":[{"name":"wp","href":"https:\/\/api.w.org\/{rel}","templated":true}]}}