{"id":2848,"date":"2024-01-17T11:54:52","date_gmt":"2024-01-17T11:54:52","guid":{"rendered":"https:\/\/wpayo.com\/fr\/?post_type=product&#038;p=2848"},"modified":"2024-01-17T11:54:52","modified_gmt":"2024-01-17T11:54:52","slug":"quantum-payment-gateway-for-contact-form-7","status":"publish","type":"product","link":"https:\/\/wpayo.com\/fr\/paiement-gateway\/quantum-payment-gateway-for-contact-form-7\/","title":{"rendered":"Quantum Payment Gateway for Contact Form 7"},"content":{"rendered":"<div class=\"flex flex-grow flex-col gap-3 max-w-full\">\n<div class=\"min-h-[20px] flex flex-col items-start gap-3 whitespace-pre-wrap break-words overflow-x-auto\">\n<div class=\"markdown prose w-full break-words dark:prose-invert dark\">Le Quantum Payment Gateway est un puissant plugin pour Contact Form 7 qui vous permet de traiter facilement et en toute s\u00e9curit\u00e9 les paiements via la passerelle de paiement populaire. Avec ce plugin, vous pouvez rapidement accepter les paiements de vos clients par carte de cr\u00e9dit, PayPal, Apple Pay, et plus encore. Le plugin est facile \u00e0 utiliser et offre un moyen s\u00e9curis\u00e9 de traiter les paiements directement depuis vos formulaires de contact.<strong>Compatible avec tous les th\u00e8mes WordPress<\/strong><\/p>\n<h3>Pourquoi utiliser Quantum Payment Gateway pour Contact Form 7 ?<\/h3>\n<ol>\n<li><strong>Configuration rapide et facile<\/strong> \u2013 Le plugin Quantum Payment Gateway est facile \u00e0 installer et \u00e0 configurer, vous permettant de commencer \u00e0 traiter les paiements rapidement.<\/li>\n<li><strong>Traitement s\u00e9curis\u00e9 des paiements<\/strong> \u2013 Quantum Payment Gateway offre un moyen s\u00e9curis\u00e9 de traiter les paiements \u00e0 partir de vos formulaires de contact, assurant la s\u00e9curit\u00e9 de vous et de vos clients.<\/li>\n<li><strong>Exp\u00e9rience de paiement simplifi\u00e9e<\/strong> \u2013 Les clients pourront effectuer rapidement et facilement leurs paiements sans quitter votre formulaire de contact.<\/li>\n<li><strong>Plusieurs m\u00e9thodes de paiement<\/strong> \u2013 Les clients peuvent payer par carte de cr\u00e9dit, PayPal, Apple Pay, et plus encore, vous permettant d&rsquo;accepter des paiements d&rsquo;une vari\u00e9t\u00e9 de clients.<\/li>\n<\/ol>\n<h3>Aper\u00e7u de Quantum Payment Gateway pour Contact Form 7<\/h3>\n<p>Le plugin Quantum Payment Gateway vous permet de traiter facilement les paiements \u00e0 partir de vos formulaires Contact Form 7. Le plugin prend en charge plusieurs passerelles de paiement, y compris les principales cartes de cr\u00e9dit, PayPal, Apple Pay, et plus encore. Le plugin est facile \u00e0 installer et \u00e0 configurer, avec un processus de configuration simple qui vous permet de commencer \u00e0 traiter les paiements rapidement.<\/p>\n<h3>Comment utiliser Quantum Payment Gateway pour Contact Form 7<\/h3>\n<p>Pour utiliser le plugin Quantum Payment Gateway pour Contact Form 7, installez simplement et activez le plugin sur votre site WordPress. Une fois install\u00e9, vous pouvez configurer le plugin pour connecter votre formulaire Contact Form 7 \u00e0 la passerelle de paiement de votre choix. \u00c0 partir de l\u00e0, vous pourrez commencer \u00e0 accepter les paiements directement depuis vos formulaires de contact.<\/p>\n<h3><strong>Commencer :<\/strong><\/h3>\n<div><strong>Exigences pour Quantum Payment Gateway pour Contact Form 7<\/strong>Le plugin Quantum Payment Gateway n\u00e9cessite quelques composants de base pour \u00eatre install\u00e9 et configur\u00e9 correctement. Vous aurez besoin d&rsquo;un site WordPress, ainsi que de la derni\u00e8re version du plugin Contact Form 7. De plus, vous devrez configurer un compte avec l&rsquo;une des passerelles de paiement prises en charge pour commencer \u00e0 traiter les paiements.<\/p>\n<p>Le <a href=\"https:\/\/wpayo.com\/fr\/tripay-payment-gateway-plugin\/\">plugin Quantum Payment Gateway<\/a> est con\u00e7u pour rendre le processus de paiement aussi simple et s\u00e9curis\u00e9 que possible. Le plugin prend en charge une gamme de m\u00e9thodes de paiement, telles que les cartes de cr\u00e9dit, PayPal, Apple Pay, et plus encore. Avec ce plugin, les clients peuvent effectuer rapidement et facilement des paiements sans quitter votre formulaire de contact. De plus, le plugin offre un moyen s\u00e9curis\u00e9 de traiter les paiements, prot\u00e9geant \u00e0 la fois vous et vos clients contre les fraudes potentielles.<\/p>\n<\/div>\n<\/div>\n<\/div>\n<\/div>\n","protected":false},"excerpt":{"rendered":"<p>Integrate Quantum Gateway for Contact Form 7<\/p>\n","protected":false},"featured_media":2849,"comment_status":"open","ping_status":"closed","template":"","meta":{"_acf_changed":false},"product_cat":[53],"product_tag":[258],"class_list":{"0":"post-2848","1":"product","2":"type-product","3":"status-publish","4":"has-post-thumbnail","6":"product_cat-contact-form-7","7":"product_tag-quantumgateway","9":"first","10":"instock","11":"featured","12":"shipping-taxable","13":"purchasable","14":"product-type-simple"},"acf":[],"_links":{"self":[{"href":"https:\/\/wpayo.com\/fr\/wp-json\/wp\/v2\/product\/2848","targetHints":{"allow":["GET"]}}],"collection":[{"href":"https:\/\/wpayo.com\/fr\/wp-json\/wp\/v2\/product"}],"about":[{"href":"https:\/\/wpayo.com\/fr\/wp-json\/wp\/v2\/types\/product"}],"replies":[{"embeddable":true,"href":"https:\/\/wpayo.com\/fr\/wp-json\/wp\/v2\/comments?post=2848"}],"wp:featuredmedia":[{"embeddable":true,"href":"https:\/\/wpayo.com\/fr\/wp-json\/wp\/v2\/media\/2849"}],"wp:attachment":[{"href":"https:\/\/wpayo.com\/fr\/wp-json\/wp\/v2\/media?parent=2848"}],"wp:term":[{"taxonomy":"product_cat","embeddable":true,"href":"https:\/\/wpayo.com\/fr\/wp-json\/wp\/v2\/product_cat?post=2848"},{"taxonomy":"product_tag","embeddable":true,"href":"https:\/\/wpayo.com\/fr\/wp-json\/wp\/v2\/product_tag?post=2848"}],"curies":[{"name":"wp","href":"https:\/\/api.w.org\/{rel}","templated":true}]}}