{"id":2851,"date":"2024-01-17T11:54:52","date_gmt":"2024-01-17T11:54:52","guid":{"rendered":"https:\/\/wpayo.com\/fr\/?post_type=product&#038;p=2851"},"modified":"2024-01-17T11:54:53","modified_gmt":"2024-01-17T11:54:53","slug":"quantum-payment-gateway-for-gravity-forms","status":"publish","type":"product","link":"https:\/\/wpayo.com\/fr\/paiement-gateway\/quantum-payment-gateway-for-gravity-forms\/","title":{"rendered":"Quantum Payment Gateway for Gravity Forms"},"content":{"rendered":"<div class=\"flex flex-grow flex-col gap-3 max-w-full\">\n<div class=\"min-h-[20px] flex flex-col items-start gap-3 whitespace-pre-wrap break-words overflow-x-auto\">\n<div class=\"markdown prose w-full break-words dark:prose-invert dark\">\n<p><strong>Pr\u00e9sentation de la passerelle de paiement Quantum pour Gravity Forms<\/strong><\/p>\n<p>La passerelle de paiement Quantum \u00e9tend son int\u00e9gration transparente avec Gravity Forms, en faisant le choix ultime pour un traitement des paiements sans effort. Acceptez facilement et en toute s\u00e9curit\u00e9 les paiements via des passerelles de paiement populaires telles que les cartes de cr\u00e9dit, PayPal, Apple Pay, et plus encore. Ce plugin polyvalent garantit une exp\u00e9rience de transaction conviviale et s\u00e9curis\u00e9e directement depuis vos Gravity Forms.<\/p>\n<p><em>Parfaitement compatible avec tous les th\u00e8mes WordPress<\/em><\/p>\n<p><strong>Pourquoi choisir la passerelle de paiement Quantum pour Gravity Forms ?<\/strong><\/p>\n<p><strong>1. Configuration simple et rapide<\/strong> Commencez en un rien de temps avec le plugin Quantum Payment Gateway. Son installation et sa configuration faciles vous permettent de d\u00e9marrer rapidement votre traitement de paiement.<\/p>\n<p><strong>2. S\u00e9curit\u00e9 robuste des paiements<\/strong> Avec la passerelle de paiement Quantum, vos paiements sont entre de bonnes mains. Il fournit une m\u00e9thode s\u00e9curis\u00e9e pour le traitement des paiements via vos Gravity Forms, prot\u00e9geant \u00e0 la fois vous et vos clients.<\/p>\n<p><strong>3. Exp\u00e9rience de paiement rationalis\u00e9e<\/strong> Am\u00e9liorez l&rsquo;exp\u00e9rience de vos clients avec un processus de paiement fluide. Ils peuvent effectuer leurs paiements rapidement et sans effort, sans quitter vos Gravity Forms.<\/p>\n<p><strong>4. Options de paiement vari\u00e9es<\/strong> R\u00e9pondez aux besoins d&rsquo;une client\u00e8le diversifi\u00e9e en acceptant des paiements par carte de cr\u00e9dit, PayPal, Apple Pay, et plus encore.<\/p>\n<p><strong>D\u00e9couverte de la passerelle de paiement Quantum pour Gravity Forms<\/strong><\/p>\n<p>Le plugin Quantum Payment Gateway simplifie le traitement des paiements via vos Gravity Forms. Il prend en charge diverses passerelles de paiement, y compris les principales cartes de cr\u00e9dit, PayPal, Apple Pay, et plus encore. L&rsquo;installation et la configuration du plugin sont un jeu d&rsquo;enfant, vous permettant de commencer rapidement \u00e0 traiter les paiements.<\/p>\n<p><strong>Comment utiliser la passerelle de paiement Quantum pour Gravity Forms<\/strong><\/p>\n<p>Utiliser la passerelle de paiement Quantum pour Gravity Forms est un processus simple. Voici un guide \u00e9tape par \u00e9tape pour vous aider \u00e0 d\u00e9marrer :<\/p>\n<p><strong>\u00c9tape 1 : Cr\u00e9er un compte sur le site web de Quantum Gateway<\/strong><\/p>\n<p>Pour commencer, vous devrez cr\u00e9er un compte sur le site web de Quantum Gateway. Visitez leur <a href=\"https:\/\/www.quantumgateway.com\" target=\"_new\" rel=\"noopener\">site web<\/a> et suivez ces \u00e9tapes :<\/p>\n<ol>\n<li>Acc\u00e9dez \u00e0 la page d&rsquo;inscription ou d&rsquo;inscription.<\/li>\n<li>Remplissez vos coordonn\u00e9es, y compris les informations sur votre entreprise, les coordonn\u00e9es et les pr\u00e9f\u00e9rences de paiement.<\/li>\n<li>Terminez le processus d&rsquo;inscription et vous recevrez un e-mail de confirmation avec les d\u00e9tails de votre compte.<\/li>\n<\/ol>\n<p><strong>\u00c9tape 2 : Configurer la passerelle de paiement Quantum dans le tableau de bord WordPress<\/strong><\/p>\n<p>Une fois que vous avez votre compte Quantum Gateway, il est temps de configurer le plugin dans votre tableau de bord WordPress. Suivez ces \u00e9tapes :<\/p>\n<ol>\n<li>Connectez-vous \u00e0 votre tableau de bord d&rsquo;administration WordPress.<\/li>\n<li>Acc\u00e9dez \u00e0 la section \u00ab\u00a0Extensions\u00a0\u00bb et cliquez sur \u00ab\u00a0Ajouter une nouvelle\u00a0\u00bb.<\/li>\n<li>Recherchez le plugin &lsquo;Quantum Payment Gateway&rsquo; et installez-le.<\/li>\n<li>Apr\u00e8s l&rsquo;installation, cliquez sur \u00ab\u00a0Activer\u00a0\u00bb pour activer le plugin.<\/li>\n<li>Dans votre tableau de bord WordPress, localisez les param\u00e8tres de &lsquo;Quantum Payment Gateway&rsquo;. Il se trouve g\u00e9n\u00e9ralement sous &lsquo;R\u00e9glages&rsquo; ou &lsquo;Paiements&rsquo;.<\/li>\n<li>Vous devrez entrer vos identifiants API. Ces informations se trouvent dans votre compte Quantum Gateway. Connectez-vous \u00e0 votre compte Quantum Gateway sur leur site web.<\/li>\n<li>Dans votre compte Quantum Gateway, recherchez les param\u00e8tres API ou les outils de d\u00e9veloppement.<\/li>\n<li>G\u00e9n\u00e9rez vos cl\u00e9s API. Ces cl\u00e9s sont g\u00e9n\u00e9ralement \u00e9tiquet\u00e9es comme &lsquo;Cl\u00e9 publique&rsquo; et &lsquo;Cl\u00e9 secr\u00e8te&rsquo;. Copiez et collez-les dans les champs correspondants de votre tableau de bord WordPress.<\/li>\n<li>Enregistrez les modifications pour appliquer la configuration.<\/li>\n<\/ol>\n<p><strong>\u00c9tape 3 : Configurer Gravity Forms pour les paiements Quantum<\/strong><\/p>\n<p>Maintenant que vous avez configur\u00e9 le plugin Quantum Payment Gateway dans votre tableau de bord WordPress, il est temps de configurer vos Gravity Forms :<\/p>\n<ol>\n<li>Acc\u00e9dez aux param\u00e8tres de Gravity Forms dans votre tableau de bord d&rsquo;administration WordPress.<\/li>\n<li>Cr\u00e9ez un nouveau formulaire ou modifiez un formulaire existant que vous souhaitez utiliser pour les paiements.<\/li>\n<li>Ajoutez un nouveau champ de paiement \u00e0 votre formulaire et configurez-le pour utiliser Quantum Payment Gateway comme processeur de paiement.<\/li>\n<li>Personnalisez le champ de paiement avec vos options de paiement, \u00e9tiquettes et tarifs souhait\u00e9s.<\/li>\n<li>Enregistrez les param\u00e8tres de votre formulaire.<\/li>\n<\/ol>\n<p><strong>\u00c9tape 4 : Placer le formulaire sur votre site web<\/strong><\/p>\n<p>Une fois votre formulaire configur\u00e9, int\u00e9grez-le sur la page ou l&rsquo;article pertinent de votre site web.<\/p>\n<p><strong>\u00c9tape 5 : Tester le traitement des paiements<\/strong><\/p>\n<p>Avant de passer en direct, il est essentiel de tester le traitement des paiements pour vous assurer que tout fonctionne correctement. Effectuez un paiement de test \u00e0 l&rsquo;aide du formulaire pour v\u00e9rifier que l&rsquo;int\u00e9gration de Quantum Payment Gateway fonctionne comme pr\u00e9vu.<\/p>\n<p><strong>Pr\u00e9requis pour la passerelle de paiement Quantum pour Gravity Forms<\/strong><\/p>\n<p>Avant de plonger dans la passerelle de paiement Quantum, assurez-vous d&rsquo;avoir un site WordPress et la derni\u00e8re version de Gravity Forms. De plus, configurez un compte avec l&rsquo;une des passerelles de paiement prises en charge pour initier votre traitement de paiement.<\/p>\n<p>Le plugin Quantum Payment Gateway privil\u00e9gie la simplicit\u00e9 et la s\u00e9curit\u00e9. Il prend en charge diverses m\u00e9thodes de paiement telles que les cartes de cr\u00e9dit, PayPal, Apple Pay, et plus encore. Vos clients appr\u00e9cieront le processus de paiement fluide qui les maintient au sein de vos Gravity Forms. Pendant ce temps, le plugin renforce vos paiements, offrant la tranquillit\u00e9 d&rsquo;esprit tant pour vous que pour vos clients en les prot\u00e9geant contre d&rsquo;\u00e9ventuelles fraudes.<\/p>\n<\/div>\n<\/div>\n<\/div>\n","protected":false},"excerpt":{"rendered":"<p>Integrate Quantum Gateway for Gravity Forms<\/p>\n","protected":false},"featured_media":2849,"comment_status":"open","ping_status":"closed","template":"","meta":{"_acf_changed":false},"product_cat":[50],"product_tag":[259,258],"class_list":{"0":"post-2851","1":"product","2":"type-product","3":"status-publish","4":"has-post-thumbnail","6":"product_cat-gravity-forms","7":"product_tag-quan","8":"product_tag-quantumgateway","10":"first","11":"instock","12":"featured","13":"shipping-taxable","14":"purchasable","15":"product-type-simple"},"acf":[],"_links":{"self":[{"href":"https:\/\/wpayo.com\/fr\/wp-json\/wp\/v2\/product\/2851","targetHints":{"allow":["GET"]}}],"collection":[{"href":"https:\/\/wpayo.com\/fr\/wp-json\/wp\/v2\/product"}],"about":[{"href":"https:\/\/wpayo.com\/fr\/wp-json\/wp\/v2\/types\/product"}],"replies":[{"embeddable":true,"href":"https:\/\/wpayo.com\/fr\/wp-json\/wp\/v2\/comments?post=2851"}],"wp:featuredmedia":[{"embeddable":true,"href":"https:\/\/wpayo.com\/fr\/wp-json\/wp\/v2\/media\/2849"}],"wp:attachment":[{"href":"https:\/\/wpayo.com\/fr\/wp-json\/wp\/v2\/media?parent=2851"}],"wp:term":[{"taxonomy":"product_cat","embeddable":true,"href":"https:\/\/wpayo.com\/fr\/wp-json\/wp\/v2\/product_cat?post=2851"},{"taxonomy":"product_tag","embeddable":true,"href":"https:\/\/wpayo.com\/fr\/wp-json\/wp\/v2\/product_tag?post=2851"}],"curies":[{"name":"wp","href":"https:\/\/api.w.org\/{rel}","templated":true}]}}