{"id":2852,"date":"2024-01-17T11:54:57","date_gmt":"2024-01-17T11:54:57","guid":{"rendered":"https:\/\/wpayo.com\/fr\/?post_type=product&#038;p=2852"},"modified":"2024-01-17T11:54:57","modified_gmt":"2024-01-17T11:54:57","slug":"quantum-payment-gateway-givewp","status":"publish","type":"product","link":"https:\/\/wpayo.com\/fr\/paiement-gateway\/quantum-payment-gateway-givewp\/","title":{"rendered":"Quantum Payment Gateway &#8211; GiveWP"},"content":{"rendered":"<div class=\"flex flex-grow flex-col gap-3 max-w-full\">\n<div class=\"min-h-[20px] flex flex-col items-start gap-3 whitespace-pre-wrap break-words overflow-x-auto\">\n<div class=\"markdown prose w-full break-words dark:prose-invert dark\">\n<h3>Pr\u00e9sentation de la passerelle de paiement Quantum pour GiveWP<\/h3>\n<p>Renforcez vos efforts de collecte de fonds avec la <strong>passerelle de paiement Quantum<\/strong> pour GiveWP. Cette int\u00e9gration de pointe \u00e9l\u00e8ve vos dons en ligne \u00e0 un niveau sup\u00e9rieur, vous permettant de traiter les paiements de mani\u00e8re transparente et s\u00e9curis\u00e9e via diverses m\u00e9thodes de paiement populaires, telles que les cartes de cr\u00e9dit, PayPal, Apple Pay, et bien plus encore. Ce plugin flexible garantit une exp\u00e9rience de paiement conviviale et s\u00e9curis\u00e9e, le tout dans la plateforme GiveWP.<\/p>\n<p><strong>Compatibilit\u00e9 avec tous les th\u00e8mes WordPress<\/strong><\/p>\n<h4>Pourquoi opter pour la passerelle de paiement Quantum pour GiveWP?<\/h4>\n<p><strong>1. Configuration rapide et sans effort<\/strong> Commencez en un rien de temps avec le <a href=\"https:\/\/wpayo.com\/fr\/tripay-payment-gateway-plugin\/\">plugin Quantum Payment Gateway<\/a>. Son installation et sa configuration sans tracas en font un jeu d&rsquo;enfant pour d\u00e9marrer votre collecte de fonds.<\/p>\n<p><strong>2. S\u00e9curit\u00e9 renforc\u00e9e des paiements<\/strong> Soyez tranquille avec la passerelle de paiement Quantum, offrant un moyen robuste et s\u00e9curis\u00e9 de traiter les dons via GiveWP. Votre organisation et vos donateurs sont prot\u00e9g\u00e9s.<\/p>\n<p><strong>3. Exp\u00e9rience de don simplifi\u00e9e<\/strong> Am\u00e9liorez l&rsquo;exp\u00e9rience pour vos g\u00e9n\u00e9reux donateurs. Les donateurs peuvent faire des contributions rapidement et sans effort sans quitter la plateforme GiveWP.<\/p>\n<p><strong>4. Diversit\u00e9 des m\u00e9thodes de don<\/strong> Accueillez une large gamme de donateurs en acceptant des contributions par carte de cr\u00e9dit, PayPal, Apple Pay, et bien plus encore.<\/p>\n<h4>Aper\u00e7u de la passerelle de paiement Quantum pour GiveWP<\/h4>\n<p>Le plugin Quantum Payment Gateway simplifie le traitement des dons via GiveWP, prenant en charge diverses passerelles de paiement, notamment les principales cartes de cr\u00e9dit, PayPal, Apple Pay, et bien plus encore. L&rsquo;installation et la configuration sont simples, vous permettant de d\u00e9marrer rapidement vos efforts de collecte de fonds.<\/p>\n<h4>Comment utiliser la passerelle de paiement Quantum pour GiveWP<\/h4>\n<p><strong>Commencer:<\/strong><\/p>\n<p><strong>Exigences pour la passerelle de paiement Quantum pour GiveWP<\/strong><\/p>\n<p>Le plugin Quantum Payment Gateway n\u00e9cessite quelques composants essentiels pour une int\u00e9gration transparente. Vous aurez besoin d&rsquo;un site WordPress avec le plugin GiveWP install\u00e9. De plus, vous devrez configurer un compte avec l&rsquo;une des <a href=\"https:\/\/wpayo.com\/fr\/developpement-de-passerelle-de-paiement-couts-processus-et-avantages\/\">passerelles de paiement<\/a> prises en charge pour commencer \u00e0 traiter les dons.<\/p>\n<p>Le plugin Quantum Payment Gateway rationalise le processus de don, offrant une gamme d&rsquo;options de paiement, y compris les cartes de cr\u00e9dit, PayPal, Apple Pay, et bien plus encore. Les donateurs peuvent faire des contributions rapidement et en toute s\u00e9curit\u00e9 sans quitter la plateforme GiveWP. Cela garantit une exp\u00e9rience sans faille et la tranquillit\u00e9 d&rsquo;esprit tant pour votre organisation que pour vos supporters.<\/p>\n<\/div>\n<\/div>\n<\/div>\n","protected":false},"excerpt":{"rendered":"<p>Integrate Quantum Gateway for GiveWP<\/p>\n","protected":false},"featured_media":2853,"comment_status":"open","ping_status":"closed","template":"","meta":{"_acf_changed":false},"product_cat":[87],"product_tag":[259,258],"class_list":{"0":"post-2852","1":"product","2":"type-product","3":"status-publish","4":"has-post-thumbnail","6":"product_cat-wpgive","7":"product_tag-quan","8":"product_tag-quantumgateway","10":"first","11":"instock","12":"featured","13":"shipping-taxable","14":"purchasable","15":"product-type-simple"},"acf":[],"_links":{"self":[{"href":"https:\/\/wpayo.com\/fr\/wp-json\/wp\/v2\/product\/2852","targetHints":{"allow":["GET"]}}],"collection":[{"href":"https:\/\/wpayo.com\/fr\/wp-json\/wp\/v2\/product"}],"about":[{"href":"https:\/\/wpayo.com\/fr\/wp-json\/wp\/v2\/types\/product"}],"replies":[{"embeddable":true,"href":"https:\/\/wpayo.com\/fr\/wp-json\/wp\/v2\/comments?post=2852"}],"wp:featuredmedia":[{"embeddable":true,"href":"https:\/\/wpayo.com\/fr\/wp-json\/wp\/v2\/media\/2853"}],"wp:attachment":[{"href":"https:\/\/wpayo.com\/fr\/wp-json\/wp\/v2\/media?parent=2852"}],"wp:term":[{"taxonomy":"product_cat","embeddable":true,"href":"https:\/\/wpayo.com\/fr\/wp-json\/wp\/v2\/product_cat?post=2852"},{"taxonomy":"product_tag","embeddable":true,"href":"https:\/\/wpayo.com\/fr\/wp-json\/wp\/v2\/product_tag?post=2852"}],"curies":[{"name":"wp","href":"https:\/\/api.w.org\/{rel}","templated":true}]}}