{"id":2854,"date":"2024-01-17T11:54:56","date_gmt":"2024-01-17T11:54:56","guid":{"rendered":"https:\/\/wpayo.com\/fr\/?post_type=product&#038;p=2854"},"modified":"2024-01-17T11:54:57","modified_gmt":"2024-01-17T11:54:57","slug":"quantum-payment-gateway-ninjaforms","status":"publish","type":"product","link":"https:\/\/wpayo.com\/fr\/paiement-gateway\/quantum-payment-gateway-ninjaforms\/","title":{"rendered":"Quantum Payment Gateway &#8211; NinjaForms"},"content":{"rendered":"<div class=\"flex flex-grow flex-col gap-3 max-w-full\">\n<div class=\"min-h-[20px] flex flex-col items-start gap-3 whitespace-pre-wrap break-words overflow-x-auto\">\n<div class=\"markdown prose w-full break-words dark:prose-invert dark\">\n<h3>Pr\u00e9sentation de la passerelle de paiement Quantum pour NinjaForms<\/h3>\n<p>Explorez un nouveau domaine de traitement des paiements avec la passerelle de paiement Quantum con\u00e7ue pour NinjaForms. \u00c9levez vos transactions en ligne et traitez facilement les paiements via une vari\u00e9t\u00e9 de m\u00e9thodes populaires, y compris les cartes de cr\u00e9dit, PayPal, Apple Pay, et bien plus encore. Ce plugin polyvalent garantit une exp\u00e9rience de paiement s\u00e9curis\u00e9e et conviviale, int\u00e9gr\u00e9e de mani\u00e8re transparente \u00e0 la plateforme NinjaForms.<\/p>\n<p><strong>Int\u00e9gration transparente avec tous les th\u00e8mes WordPress<\/strong><\/p>\n<h4>Pourquoi opter pour la passerelle de paiement Quantum pour NinjaForms?<\/h4>\n<p><strong>1. Configuration rapide et sans effort<\/strong> Lancez-vous rapidement dans le traitement des paiements avec le plugin Quantum Payment Gateway. Son installation et sa configuration simples en font un jeu d&rsquo;enfant pour commencer \u00e0 accepter les paiements.<\/p>\n<p><strong>2. S\u00e9curit\u00e9 renforc\u00e9e des paiements<\/strong> Soyez assur\u00e9 avec la passerelle de paiement Quantum, offrant un moyen s\u00e9curis\u00e9 de traiter les paiements via NinjaForms, assurant la s\u00e9curit\u00e9 tant pour vous que pour vos clients.<\/p>\n<p><strong>3. Exp\u00e9rience de paiement simplifi\u00e9e<\/strong> Am\u00e9liorez l&rsquo;exp\u00e9rience de paiement pour vos clients. Ils peuvent effectuer des paiements rapidement et sans effort sans quitter la plateforme NinjaForms.<\/p>\n<p><strong>4. Options de paiement polyvalentes<\/strong> Accueillez une client\u00e8le diversifi\u00e9e en acceptant des paiements par cartes de cr\u00e9dit, PayPal, Apple Pay, et bien plus encore.<\/p>\n<h4>Exploration de la passerelle de paiement Quantum pour NinjaForms<\/h4>\n<p>Le plugin Quantum Payment Gateway simplifie le traitement des paiements via NinjaForms, prenant en charge diverses passerelles de paiement, notamment les principales cartes de cr\u00e9dit, PayPal, Apple Pay, et bien plus encore. L&rsquo;installation et la configuration sont simples, vous permettant de d\u00e9marrer rapidement votre processus de traitement des paiements.<\/p>\n<h4>Comment utiliser la passerelle de paiement Quantum pour NinjaForms<\/h4>\n<p><strong>Commencer:<\/strong><\/p>\n<p><strong>Exigences pour la passerelle de paiement Quantum pour NinjaForms<\/strong><\/p>\n<p>Le plugin Quantum Payment Gateway n\u00e9cessite quelques composants essentiels pour une int\u00e9gration transparente. Vous aurez besoin d&rsquo;un site WordPress avec le plugin NinjaForms install\u00e9. De plus, vous devrez configurer un compte avec l&rsquo;une des passerelles de paiement prises en charge pour commencer \u00e0 traiter les paiements.<\/p>\n<p>Le plugin Quantum Payment Gateway rationalise le processus de paiement, offrant une gamme de m\u00e9thodes de paiement, y compris les cartes de cr\u00e9dit, PayPal, Apple Pay, et bien plus encore. Les clients peuvent effectuer des paiements rapidement et en toute s\u00e9curit\u00e9 sans quitter la plateforme NinjaForms, garantissant une exp\u00e9rience sans faille et la tranquillit\u00e9 d&rsquo;esprit tant pour vous que pour vos clients.<\/p>\n<\/div>\n<\/div>\n<\/div>\n","protected":false},"excerpt":{"rendered":"<p>Integrate Quantum Gateway for NinjaForms<\/p>\n","protected":false},"featured_media":2855,"comment_status":"open","ping_status":"closed","template":"","meta":{"_acf_changed":false},"product_cat":[52],"product_tag":[259,258],"class_list":{"0":"post-2854","1":"product","2":"type-product","3":"status-publish","4":"has-post-thumbnail","6":"product_cat-ninja-forms","7":"product_tag-quan","8":"product_tag-quantumgateway","10":"first","11":"instock","12":"featured","13":"shipping-taxable","14":"purchasable","15":"product-type-simple"},"acf":[],"_links":{"self":[{"href":"https:\/\/wpayo.com\/fr\/wp-json\/wp\/v2\/product\/2854","targetHints":{"allow":["GET"]}}],"collection":[{"href":"https:\/\/wpayo.com\/fr\/wp-json\/wp\/v2\/product"}],"about":[{"href":"https:\/\/wpayo.com\/fr\/wp-json\/wp\/v2\/types\/product"}],"replies":[{"embeddable":true,"href":"https:\/\/wpayo.com\/fr\/wp-json\/wp\/v2\/comments?post=2854"}],"wp:featuredmedia":[{"embeddable":true,"href":"https:\/\/wpayo.com\/fr\/wp-json\/wp\/v2\/media\/2855"}],"wp:attachment":[{"href":"https:\/\/wpayo.com\/fr\/wp-json\/wp\/v2\/media?parent=2854"}],"wp:term":[{"taxonomy":"product_cat","embeddable":true,"href":"https:\/\/wpayo.com\/fr\/wp-json\/wp\/v2\/product_cat?post=2854"},{"taxonomy":"product_tag","embeddable":true,"href":"https:\/\/wpayo.com\/fr\/wp-json\/wp\/v2\/product_tag?post=2854"}],"curies":[{"name":"wp","href":"https:\/\/api.w.org\/{rel}","templated":true}]}}