{"id":2856,"date":"2024-01-17T11:54:55","date_gmt":"2024-01-17T11:54:55","guid":{"rendered":"https:\/\/wpayo.com\/fr\/?post_type=product&#038;p=2856"},"modified":"2024-01-17T11:54:56","modified_gmt":"2024-01-17T11:54:56","slug":"quantum-payment-gateway-woocommerce","status":"publish","type":"product","link":"https:\/\/wpayo.com\/fr\/paiement-gateway\/quantum-payment-gateway-woocommerce\/","title":{"rendered":"Quantum Payment Gateway &#8211; WooCommerce"},"content":{"rendered":"<div class=\"flex flex-grow flex-col gap-3 max-w-full\">\n<div class=\"min-h-[20px] flex flex-col items-start gap-3 whitespace-pre-wrap break-words overflow-x-auto\">\n<div class=\"markdown prose w-full break-words dark:prose-invert dark\">\n<h3>Passerelle de paiement Quantum pour WooCommerce<\/h3>\n<p>Rehaussez votre exp\u00e9rience de commerce \u00e9lectronique avec la passerelle de paiement Quantum, con\u00e7ue sp\u00e9cifiquement pour WooCommerce. D\u00e9bloquez un monde de traitement des paiements fluide et s\u00e9curis\u00e9, vous permettant d&rsquo;accepter les paiements facilement via des m\u00e9thodes populaires telles que les cartes de cr\u00e9dit, PayPal, Apple Pay, et bien plus encore. Ce plugin polyvalent garantit une exp\u00e9rience de paiement conviviale et s\u00e9curis\u00e9e, int\u00e9gr\u00e9e de mani\u00e8re transparente \u00e0 votre boutique WooCommerce.<\/p>\n<p><strong>Compatibilit\u00e9 avec tous les th\u00e8mes WooCommerce<\/strong><\/p>\n<h4>Pourquoi choisir la passerelle de paiement Quantum pour WooCommerce?<\/h4>\n<p><strong>1. Configuration rapide et sans effort<\/strong> D\u00e9marrez rapidement votre parcours de commerce \u00e9lectronique avec le plugin Quantum Payment Gateway. Son installation et sa configuration simples facilitent le d\u00e9but de l&rsquo;acceptation des paiements.<\/p>\n<p><strong>2. S\u00e9curit\u00e9 de paiement robuste<\/strong> Soyez tranquille avec Quantum Payment Gateway, offrant une m\u00e9thode s\u00e9curis\u00e9e pour traiter les paiements via votre boutique WooCommerce, garantissant la s\u00e9curit\u00e9 aussi bien pour vous que pour vos clients.<\/p>\n<p><strong>3. Exp\u00e9rience d&rsquo;achat simplifi\u00e9e<\/strong> Am\u00e9liorez l&rsquo;exp\u00e9rience d&rsquo;achat pour vos clients. Ils peuvent effectuer des achats rapidement et facilement sans quitter votre boutique WooCommerce.<\/p>\n<p><strong>4. Options de paiement polyvalentes<\/strong> R\u00e9pondez \u00e0 une client\u00e8le diversifi\u00e9e en acceptant des paiements par carte de cr\u00e9dit, PayPal, Apple Pay, et bien plus encore.<\/p>\n<h4>Exploration de Quantum Payment Gateway pour WooCommerce<\/h4>\n<p>Le plugin Quantum Payment Gateway simplifie le traitement des paiements dans votre boutique WooCommerce, prenant en charge diverses passerelles de paiement, notamment les principales cartes de cr\u00e9dit, PayPal, Apple Pay, et bien plus encore. L&rsquo;installation et la configuration sont simples, garantissant que vous pouvez commencer votre parcours de commerce \u00e9lectronique sans d\u00e9lai.<\/p>\n<h4>Comment utiliser Quantum Payment Gateway pour WooCommerce<\/h4>\n<p><strong>Premiers pas:<\/strong><\/p>\n<p><strong>Exigences pour Quantum Payment Gateway pour WooCommerce<\/strong><\/p>\n<p>Le plugin Quantum Payment Gateway n\u00e9cessite quelques composants essentiels pour une int\u00e9gration transparente. Vous aurez besoin d&rsquo;un site WordPress avec le plugin WooCommerce install\u00e9. De plus, vous devrez configurer un compte avec l&rsquo;une des passerelles de paiement prises en charge pour commencer \u00e0 traiter les paiements.<\/p>\n<p>Le plugin Quantum Payment Gateway rationalise le processus de paiement, offrant une gamme de m\u00e9thodes de paiement, y compris les cartes de cr\u00e9dit, PayPal, Apple Pay, et bien plus encore. Les clients peuvent effectuer des paiements rapidement et en toute s\u00e9curit\u00e9 dans votre boutique WooCommerce, garantissant une exp\u00e9rience d&rsquo;achat fluide et la tranquillit\u00e9 d&rsquo;esprit tant pour vous que pour vos clients.<\/p>\n<\/div>\n<\/div>\n<\/div>\n","protected":false},"excerpt":{"rendered":"<p>Integrate Quantum Gateway for WooCommerce<\/p>\n","protected":false},"featured_media":2857,"comment_status":"open","ping_status":"closed","template":"","meta":{"_acf_changed":false},"product_cat":[47],"product_tag":[259,258],"class_list":{"0":"post-2856","1":"product","2":"type-product","3":"status-publish","4":"has-post-thumbnail","6":"product_cat-woocommerce","7":"product_tag-quan","8":"product_tag-quantumgateway","10":"first","11":"instock","12":"featured","13":"shipping-taxable","14":"purchasable","15":"product-type-simple"},"acf":[],"_links":{"self":[{"href":"https:\/\/wpayo.com\/fr\/wp-json\/wp\/v2\/product\/2856","targetHints":{"allow":["GET"]}}],"collection":[{"href":"https:\/\/wpayo.com\/fr\/wp-json\/wp\/v2\/product"}],"about":[{"href":"https:\/\/wpayo.com\/fr\/wp-json\/wp\/v2\/types\/product"}],"replies":[{"embeddable":true,"href":"https:\/\/wpayo.com\/fr\/wp-json\/wp\/v2\/comments?post=2856"}],"wp:featuredmedia":[{"embeddable":true,"href":"https:\/\/wpayo.com\/fr\/wp-json\/wp\/v2\/media\/2857"}],"wp:attachment":[{"href":"https:\/\/wpayo.com\/fr\/wp-json\/wp\/v2\/media?parent=2856"}],"wp:term":[{"taxonomy":"product_cat","embeddable":true,"href":"https:\/\/wpayo.com\/fr\/wp-json\/wp\/v2\/product_cat?post=2856"},{"taxonomy":"product_tag","embeddable":true,"href":"https:\/\/wpayo.com\/fr\/wp-json\/wp\/v2\/product_tag?post=2856"}],"curies":[{"name":"wp","href":"https:\/\/api.w.org\/{rel}","templated":true}]}}