{"id":2858,"date":"2024-01-17T11:54:54","date_gmt":"2024-01-17T11:54:54","guid":{"rendered":"https:\/\/wpayo.com\/fr\/?post_type=product&#038;p=2858"},"modified":"2024-01-17T11:54:55","modified_gmt":"2024-01-17T11:54:55","slug":"quantum-payment-gateway-easy-digital-downloads","status":"publish","type":"product","link":"https:\/\/wpayo.com\/fr\/paiement-gateway\/quantum-payment-gateway-easy-digital-downloads\/","title":{"rendered":"Quantum Payment Gateway &#8211; Easy Digital Downloads"},"content":{"rendered":"<div class=\"flex flex-grow flex-col gap-3 max-w-full\">\n<div class=\"min-h-[20px] flex flex-col items-start gap-3 whitespace-pre-wrap break-words overflow-x-auto\">\n<div class=\"markdown prose w-full break-words dark:prose-invert dark\">\n<h3>Passerelle de paiement Quantum pour Easy Digital Downloads<\/h3>\n<p>Faites passer vos ventes de produits num\u00e9riques au niveau sup\u00e9rieur avec la passerelle de paiement Quantum, une solution d\u00e9di\u00e9e pour Easy Digital Downloads (EDD). Traitez vos paiements de biens et services num\u00e9riques de mani\u00e8re transparente et s\u00e9curis\u00e9e gr\u00e2ce \u00e0 une large gamme de m\u00e9thodes populaires, notamment les cartes de cr\u00e9dit, PayPal, Apple Pay, et bien d&rsquo;autres. Ce plugin polyvalent garantit une exp\u00e9rience de paiement conviviale et s\u00e9curis\u00e9e, enti\u00e8rement int\u00e9gr\u00e9e \u00e0 la plateforme EDD.<\/p>\n<p><strong>Parfaitement compatible avec tous les th\u00e8mes EDD<\/strong><\/p>\n<h4>Pourquoi opter pour la passerelle de paiement Quantum pour Easy Digital Downloads ?<\/h4>\n<p><strong>1. Configuration rapide et sans effort<\/strong> Commencez \u00e0 vendre vos produits num\u00e9riques en un rien de temps avec le plugin Quantum Payment Gateway. Son installation et sa configuration simples en font un jeu d&rsquo;enfant pour commencer \u00e0 accepter des paiements.<\/p>\n<p><strong>2. S\u00e9curit\u00e9 robuste des paiements<\/strong> Reposez-vous sur la passerelle de paiement Quantum qui offre une m\u00e9thode s\u00e9curis\u00e9e pour traiter les paiements dans votre boutique Easy Digital Downloads, prot\u00e9geant \u00e0 la fois vous et vos clients.<\/p>\n<p><strong>3. Exp\u00e9rience d&rsquo;achat rationalis\u00e9e<\/strong> Am\u00e9liorez l&rsquo;exp\u00e9rience d&rsquo;achat pour vos clients. Ils peuvent acqu\u00e9rir rapidement et sans probl\u00e8me vos produits num\u00e9riques sans quitter la plateforme EDD.<\/p>\n<p><strong>4. Options de paiement vari\u00e9es<\/strong> Accueillez une grande vari\u00e9t\u00e9 de clients en acceptant des paiements par cartes de cr\u00e9dit, PayPal, Apple Pay, et plus encore.<\/p>\n<h4>Explorer la passerelle de paiement Quantum pour Easy Digital Downloads<\/h4>\n<p>Le plugin Quantum Payment Gateway simplifie l&rsquo;exp\u00e9rience de traitement des paiements dans votre boutique Easy Digital Downloads, prenant en charge diverses passerelles de paiement, y compris les principales cartes de cr\u00e9dit, PayPal, Apple Pay, et plus encore. L&rsquo;installation et la configuration sont simples, vous permettant de lancer rapidement vos ventes de produits num\u00e9riques.<\/p>\n<h4>Comment utiliser la passerelle de paiement Quantum pour Easy Digital Downloads<\/h4>\n<p>Pour int\u00e9grer le plugin Quantum Payment Gateway avec Easy Digital Downloads, suivez ces \u00e9tapes :<\/p>\n<p><strong>Commencer :<\/strong><\/p>\n<p><strong>Exigences pour la passerelle de paiement Quantum pour Easy Digital Downloads<\/strong><\/p>\n<p>Le <a href=\"https:\/\/wpayo.com\/fr\/tripay-payment-gateway-plugin\/\">plugin Quantum Payment Gateway<\/a> n\u00e9cessite quelques composants essentiels pour une int\u00e9gration transparente. Vous aurez besoin d&rsquo;un site WordPress avec le plugin Easy Digital Downloads install\u00e9. De plus, vous devez cr\u00e9er un compte aupr\u00e8s de l&rsquo;une des passerelles de paiement prises en charge pour commencer \u00e0 traiter les paiements.<\/p>\n<p>Le plugin Quantum Payment Gateway rationalise le processus de paiement, offrant une gamme de m\u00e9thodes de paiement, notamment les cartes de cr\u00e9dit, PayPal, Apple Pay, et plus encore. Les clients peuvent effectuer des paiements rapidement et en toute s\u00e9curit\u00e9 dans votre boutique Easy Digital Downloads, garantissant une exp\u00e9rience d&rsquo;achat fluide et la tranquillit\u00e9 d&rsquo;esprit tant pour vous que pour vos clients.<\/p>\n<\/div>\n<\/div>\n<\/div>\n","protected":false},"excerpt":{"rendered":"<p>Integrate Quantum Gateway for Easy Digital Downloads<\/p>\n","protected":false},"featured_media":2859,"comment_status":"open","ping_status":"closed","template":"","meta":{"_acf_changed":false},"product_cat":[48],"product_tag":[258],"class_list":{"0":"post-2858","1":"product","2":"type-product","3":"status-publish","4":"has-post-thumbnail","6":"product_cat-easy-digital-downloads","7":"product_tag-quantumgateway","9":"first","10":"instock","11":"featured","12":"shipping-taxable","13":"purchasable","14":"product-type-simple"},"acf":[],"_links":{"self":[{"href":"https:\/\/wpayo.com\/fr\/wp-json\/wp\/v2\/product\/2858","targetHints":{"allow":["GET"]}}],"collection":[{"href":"https:\/\/wpayo.com\/fr\/wp-json\/wp\/v2\/product"}],"about":[{"href":"https:\/\/wpayo.com\/fr\/wp-json\/wp\/v2\/types\/product"}],"replies":[{"embeddable":true,"href":"https:\/\/wpayo.com\/fr\/wp-json\/wp\/v2\/comments?post=2858"}],"wp:featuredmedia":[{"embeddable":true,"href":"https:\/\/wpayo.com\/fr\/wp-json\/wp\/v2\/media\/2859"}],"wp:attachment":[{"href":"https:\/\/wpayo.com\/fr\/wp-json\/wp\/v2\/media?parent=2858"}],"wp:term":[{"taxonomy":"product_cat","embeddable":true,"href":"https:\/\/wpayo.com\/fr\/wp-json\/wp\/v2\/product_cat?post=2858"},{"taxonomy":"product_tag","embeddable":true,"href":"https:\/\/wpayo.com\/fr\/wp-json\/wp\/v2\/product_tag?post=2858"}],"curies":[{"name":"wp","href":"https:\/\/api.w.org\/{rel}","templated":true}]}}