{"id":2860,"date":"2024-01-17T11:54:54","date_gmt":"2024-01-17T11:54:54","guid":{"rendered":"https:\/\/wpayo.com\/fr\/?post_type=product&#038;p=2860"},"modified":"2024-01-17T11:54:54","modified_gmt":"2024-01-17T11:54:54","slug":"internetsecure-payment-gateway-easy-digital-downloads","status":"publish","type":"product","link":"https:\/\/wpayo.com\/fr\/paiement-gateway\/internetsecure-payment-gateway-easy-digital-downloads\/","title":{"rendered":"InternetSecure Payment Gateway &#8211; Easy Digital Downloads"},"content":{"rendered":"<div class=\"flex flex-grow flex-col gap-3 max-w-full\">\n<div class=\"min-h-[20px] flex flex-col items-start gap-3 whitespace-pre-wrap break-words overflow-x-auto\">\n<div class=\"markdown prose w-full break-words dark:prose-invert dark\">\n<div class=\"flex flex-grow flex-col max-w-full gap-3 gizmo:gap-0\">\n<div class=\"min-h-[20px] flex flex-col items-start gap-3 whitespace-pre-wrap break-words overflow-x-auto\" data-message-author-role=\"assistant\" data-message-id=\"eee7da6e-0b54-4cc2-a9df-a61870f6dfab\">\n<div class=\"markdown prose w-full break-words dark:prose-invert dark\">\n<h3>Pr\u00e9sentation de la passerelle de paiement InternetSecure pour Easy Digital Downloads<\/h3>\n<p>            Am\u00e9liorez votre entreprise en ligne avec la passerelle de paiement InternetSecure, une solution d\u00e9di\u00e9e pour Easy Digital Downloads (EDD). Traitez les paiements de mani\u00e8re transparente et s\u00e9curis\u00e9e pour vos produits et services num\u00e9riques via une vari\u00e9t\u00e9 de m\u00e9thodes populaires, y compris les cartes de cr\u00e9dit, PayPal, Apple Pay, et bien plus encore. Ce plugin polyvalent garantit une exp\u00e9rience de paiement conviviale et s\u00e9curis\u00e9e, enti\u00e8rement int\u00e9gr\u00e9e dans la plateforme EDD.<\/p>\n<p>            <strong>Compatibilit\u00e9 parfaite avec tous les th\u00e8mes WordPress<\/strong><\/p>\n<h4>Pourquoi choisir la passerelle de paiement InternetSecure pour Easy Digital Downloads ?<\/h4>\n<p>            <strong>1. Configuration rapide et sans effort<\/strong> Commencez \u00e0 vendre vos produits num\u00e9riques sans effort avec le plugin InternetSecure Payment Gateway. Son installation et sa configuration simples en font un jeu d&rsquo;enfant pour commencer \u00e0 accepter les paiements.<\/p>\n<p>            <strong>2. S\u00e9curit\u00e9 renforc\u00e9e des paiements<\/strong> Soyez tranquille avec la passerelle de paiement InternetSecure, offrant un moyen s\u00e9curis\u00e9 de traiter les paiements via votre boutique Easy Digital Downloads, prot\u00e9geant \u00e0 la fois vous et vos clients.<\/p>\n<p>            <strong>3. Exp\u00e9rience de shopping simplifi\u00e9e<\/strong> Am\u00e9liorez l&rsquo;exp\u00e9rience d&rsquo;achat pour vos clients. Ils peuvent acheter rapidement et sans effort vos produits num\u00e9riques sans quitter la plateforme EDD.<\/p>\n<p>            <strong>4. Options de paiement vari\u00e9es<\/strong> Accueillez une grande vari\u00e9t\u00e9 de clients en acceptant des paiements par cartes de cr\u00e9dit, PayPal, Apple Pay, et bien plus encore.<\/p>\n<h4>Exploration de la passerelle de paiement InternetSecure pour Easy Digital Downloads<\/h4>\n<p>            Le plugin InternetSecure Payment Gateway simplifie l&rsquo;exp\u00e9rience de traitement des paiements au sein de votre boutique Easy Digital Downloads, prenant en charge diverses passerelles de paiement, notamment les principales cartes de cr\u00e9dit, PayPal, Apple Pay, et bien plus encore. L&rsquo;installation et la configuration sont simples, vous permettant de d\u00e9marrer rapidement la vente de vos produits num\u00e9riques.<\/p>\n<h4>Comment utiliser la passerelle de paiement InternetSecure pour Easy Digital Downloads<\/h4>\n<p>            <strong>Commencer:<\/strong><\/p>\n<p>            <strong>Exigences pour la passerelle de paiement InternetSecure pour Easy Digital Downloads<\/strong><\/p>\n<p>            Le plugin InternetSecure Payment Gateway n\u00e9cessite quelques composants essentiels pour une int\u00e9gration transparente. Vous aurez besoin d&rsquo;un site WordPress avec le plugin Easy Digital Downloads install\u00e9. De plus, vous devrez configurer un compte avec l&rsquo;une des passerelles de paiement prises en charge pour commencer \u00e0 traiter les paiements.<\/p>\n<p>            Le plugin InternetSecure Payment Gateway rationalise le processus de paiement, offrant une gamme de m\u00e9thodes de paiement, y compris les cartes de cr\u00e9dit, PayPal, Apple Pay, et bien plus encore. Les clients peuvent effectuer des paiements rapidement et en toute s\u00e9curit\u00e9 au sein de votre boutique Easy Digital Downloads, garantissant une exp\u00e9rience d&rsquo;achat sans faille et la tranquillit\u00e9 d&rsquo;esprit tant pour vous que pour vos clients.\n          <\/p><\/div>\n<\/p><\/div>\n<\/p><\/div>\n<\/p><\/div>\n<\/p><\/div>\n<\/div>\n","protected":false},"excerpt":{"rendered":"<p>Integrate InternetSecure Gateway for Easy Digital Downloads<\/p>\n","protected":false},"featured_media":2861,"comment_status":"open","ping_status":"closed","template":"","meta":{"_acf_changed":false},"product_cat":[48],"product_tag":[260],"class_list":{"0":"post-2860","1":"product","2":"type-product","3":"status-publish","4":"has-post-thumbnail","6":"product_cat-easy-digital-downloads","7":"product_tag-internetsecure","9":"first","10":"instock","11":"featured","12":"shipping-taxable","13":"purchasable","14":"product-type-simple"},"acf":[],"_links":{"self":[{"href":"https:\/\/wpayo.com\/fr\/wp-json\/wp\/v2\/product\/2860","targetHints":{"allow":["GET"]}}],"collection":[{"href":"https:\/\/wpayo.com\/fr\/wp-json\/wp\/v2\/product"}],"about":[{"href":"https:\/\/wpayo.com\/fr\/wp-json\/wp\/v2\/types\/product"}],"replies":[{"embeddable":true,"href":"https:\/\/wpayo.com\/fr\/wp-json\/wp\/v2\/comments?post=2860"}],"wp:featuredmedia":[{"embeddable":true,"href":"https:\/\/wpayo.com\/fr\/wp-json\/wp\/v2\/media\/2861"}],"wp:attachment":[{"href":"https:\/\/wpayo.com\/fr\/wp-json\/wp\/v2\/media?parent=2860"}],"wp:term":[{"taxonomy":"product_cat","embeddable":true,"href":"https:\/\/wpayo.com\/fr\/wp-json\/wp\/v2\/product_cat?post=2860"},{"taxonomy":"product_tag","embeddable":true,"href":"https:\/\/wpayo.com\/fr\/wp-json\/wp\/v2\/product_tag?post=2860"}],"curies":[{"name":"wp","href":"https:\/\/api.w.org\/{rel}","templated":true}]}}