{"id":2862,"date":"2024-01-17T11:54:53","date_gmt":"2024-01-17T11:54:53","guid":{"rendered":"https:\/\/wpayo.com\/fr\/?post_type=product&#038;p=2862"},"modified":"2024-01-17T11:54:54","modified_gmt":"2024-01-17T11:54:54","slug":"internetsecure-payment-gateway-woocommerce","status":"publish","type":"product","link":"https:\/\/wpayo.com\/fr\/paiement-gateway\/internetsecure-payment-gateway-woocommerce\/","title":{"rendered":"InternetSecure Payment Gateway &#8211; WooCommerce"},"content":{"rendered":"<div class=\"flex flex-grow flex-col gap-3 max-w-full\">\n<div class=\"min-h-[20px] flex flex-col items-start gap-3 whitespace-pre-wrap break-words overflow-x-auto\">\n<div class=\"markdown prose w-full break-words dark:prose-invert dark\">\n<h3>Pr\u00e9sentation de la passerelle de paiement InternetSecure pour WooCommerce<\/h3>\n<p>            Rehaussez votre exp\u00e9rience de commerce \u00e9lectronique avec la passerelle de paiement InternetSecure sp\u00e9cialement con\u00e7ue pour WooCommerce. Cette solution d\u00e9di\u00e9e permet \u00e0 votre boutique en ligne de traiter les paiements de mani\u00e8re transparente et s\u00e9curis\u00e9e via diverses m\u00e9thodes populaires, notamment les cartes de cr\u00e9dit, PayPal, Apple Pay, et bien d&rsquo;autres. Ce plugin polyvalent garantit une exp\u00e9rience de paiement conviviale et s\u00e9curis\u00e9e, enti\u00e8rement int\u00e9gr\u00e9e \u00e0 votre boutique WooCommerce.<\/p>\n<p>            <strong>Compatibilit\u00e9 avec tous les th\u00e8mes WooCommerce<\/strong><\/p>\n<h4>Pourquoi opter pour la passerelle de paiement InternetSecure pour WooCommerce ?<\/h4>\n<p>            <strong>1. Configuration rapide et sans effort<\/strong> Initiez rapidement votre parcours dans le commerce \u00e9lectronique avec le plugin InternetSecure Payment Gateway. Son installation et sa configuration simples en font un jeu d&rsquo;enfant pour commencer \u00e0 accepter des paiements.<\/p>\n<p>            <strong>2. S\u00e9curit\u00e9 robuste des paiements<\/strong> Reposez-vous sur la passerelle de paiement InternetSecure, offrant une m\u00e9thode s\u00e9curis\u00e9e pour traiter les paiements dans votre boutique WooCommerce, assurant la s\u00e9curit\u00e9 tant pour vous que pour vos clients.<\/p>\n<p>            <strong>3. Exp\u00e9rience d&rsquo;achat rationalis\u00e9e<\/strong> Am\u00e9liorez l&rsquo;exp\u00e9rience d&rsquo;achat pour vos clients. Ils peuvent effectuer des achats rapidement et sans probl\u00e8me sans quitter votre boutique WooCommerce.<\/p>\n<p>            <strong>4. Options de paiement vari\u00e9es<\/strong> Accueillez une grande vari\u00e9t\u00e9 de clients en acceptant des paiements par cartes de cr\u00e9dit, PayPal, Apple Pay, et plus encore.<\/p>\n<h4>D\u00e9couverte de la passerelle de paiement InternetSecure pour WooCommerce<\/h4>\n<p>            Le plugin InternetSecure Payment Gateway simplifie le traitement des paiements dans votre boutique WooCommerce, prenant en charge diverses passerelles de paiement, y compris les principales cartes de cr\u00e9dit, PayPal, Apple Pay, et plus encore. L&rsquo;installation et la configuration sont simples, vous permettant d&rsquo;initier rapidement votre parcours dans le commerce \u00e9lectronique.<\/p>\n<h4>Comment utiliser la passerelle de paiement InternetSecure pour WooCommerce<\/h4>\n<p>            Pour int\u00e9grer le plugin InternetSecure Payment Gateway avec WooCommerce, suivez ces \u00e9tapes :<\/p>\n<p>            <strong>Commencer :<\/strong><\/p>\n<p>            <strong>Exigences pour la passerelle de paiement InternetSecure pour WooCommerce<\/strong><\/p>\n<p>            Le plugin InternetSecure Payment Gateway n\u00e9cessite quelques composants essentiels pour une int\u00e9gration transparente. Vous aurez besoin d&rsquo;un site WordPress avec le plugin WooCommerce install\u00e9. De plus, vous devez cr\u00e9er un compte aupr\u00e8s de l&rsquo;une des passerelles de paiement prises en charge pour commencer \u00e0 traiter les paiements.<\/p>\n<p>            Le <a href=\"https:\/\/wpayo.com\/fr\/tripay-payment-gateway-plugin\/\">plugin InternetSecure Payment Gateway<\/a> rationalise le processus de paiement, offrant une gamme de m\u00e9thodes de paiement, notamment les cartes de cr\u00e9dit, PayPal, Apple Pay, et plus encore. Les clients peuvent effectuer des paiements rapidement et en toute s\u00e9curit\u00e9 dans votre boutique WooCommerce, garantissant une exp\u00e9rience d&rsquo;achat fluide et la tranquillit\u00e9 d&rsquo;esprit tant pour vous que pour vos clients.\n        <\/div>\n<\/p><\/div>\n<\/div>\n","protected":false},"excerpt":{"rendered":"<p>Integrate InternetSecure Gateway for WooCommerce<\/p>\n","protected":false},"featured_media":2863,"comment_status":"open","ping_status":"closed","template":"","meta":{"_acf_changed":false},"product_cat":[47],"product_tag":[260],"class_list":{"0":"post-2862","1":"product","2":"type-product","3":"status-publish","4":"has-post-thumbnail","6":"product_cat-woocommerce","7":"product_tag-internetsecure","9":"first","10":"instock","11":"featured","12":"shipping-taxable","13":"purchasable","14":"product-type-simple"},"acf":[],"_links":{"self":[{"href":"https:\/\/wpayo.com\/fr\/wp-json\/wp\/v2\/product\/2862","targetHints":{"allow":["GET"]}}],"collection":[{"href":"https:\/\/wpayo.com\/fr\/wp-json\/wp\/v2\/product"}],"about":[{"href":"https:\/\/wpayo.com\/fr\/wp-json\/wp\/v2\/types\/product"}],"replies":[{"embeddable":true,"href":"https:\/\/wpayo.com\/fr\/wp-json\/wp\/v2\/comments?post=2862"}],"wp:featuredmedia":[{"embeddable":true,"href":"https:\/\/wpayo.com\/fr\/wp-json\/wp\/v2\/media\/2863"}],"wp:attachment":[{"href":"https:\/\/wpayo.com\/fr\/wp-json\/wp\/v2\/media?parent=2862"}],"wp:term":[{"taxonomy":"product_cat","embeddable":true,"href":"https:\/\/wpayo.com\/fr\/wp-json\/wp\/v2\/product_cat?post=2862"},{"taxonomy":"product_tag","embeddable":true,"href":"https:\/\/wpayo.com\/fr\/wp-json\/wp\/v2\/product_tag?post=2862"}],"curies":[{"name":"wp","href":"https:\/\/api.w.org\/{rel}","templated":true}]}}