{"id":2867,"date":"2024-01-17T11:55:00","date_gmt":"2024-01-17T11:55:00","guid":{"rendered":"https:\/\/wpayo.com\/fr\/?post_type=product&#038;p=2867"},"modified":"2024-01-17T11:55:01","modified_gmt":"2024-01-17T11:55:01","slug":"internetsecure-payment-gateway-givewp","status":"publish","type":"product","link":"https:\/\/wpayo.com\/fr\/paiement-gateway\/internetsecure-payment-gateway-givewp\/","title":{"rendered":"InternetSecure Payment Gateway &#8211; GiveWP"},"content":{"rendered":"<div class=\"flex flex-grow flex-col gap-3 max-w-full\">\n<div class=\"min-h-[20px] flex flex-col items-start gap-3 whitespace-pre-wrap break-words overflow-x-auto\">\n<div class=\"markdown prose w-full break-words dark:prose-invert dark\">\n<div class=\"flex flex-grow flex-col max-w-full gap-3 gizmo:gap-0\">\n<div class=\"min-h-[20px] flex flex-col items-start gap-3 whitespace-pre-wrap break-words overflow-x-auto\" data-message-author-role=\"assistant\" data-message-id=\"eee7da6e-0b54-4cc2-a9df-a61870f6dfab\">\n<div class=\"markdown prose w-full break-words dark:prose-invert dark\">\n<div class=\"flex flex-grow flex-col max-w-full gap-3 gizmo:gap-0\">\n<div class=\"min-h-[20px] flex flex-col items-start gap-3 whitespace-pre-wrap break-words overflow-x-auto\" data-message-author-role=\"assistant\" data-message-id=\"9ba8ff5a-c46b-41d9-ba46-584b0bb58320\">\n<div class=\"markdown prose w-full break-words dark:prose-invert dark\">\n<div class=\"flex flex-grow flex-col max-w-full gap-3 gizmo:gap-0\">\n<div class=\"min-h-[20px] flex flex-col items-start gap-3 whitespace-pre-wrap break-words overflow-x-auto\" data-message-author-role=\"assistant\" data-message-id=\"1414d968-c77f-4a6a-b6bb-aa7c504cca1b\">\n<div class=\"markdown prose w-full break-words dark:prose-invert dark\">\n<div class=\"flex flex-grow flex-col max-w-full gap-3 gizmo:gap-0\">\n<div class=\"min-h-[20px] flex flex-col items-start gap-3 whitespace-pre-wrap break-words overflow-x-auto\" data-message-author-role=\"assistant\" data-message-id=\"b2135e07-f84d-49c0-86c8-a00b377e4fc2\">\n<div class=\"markdown prose w-full break-words dark:prose-invert dark\">\n<h3>Pr\u00e9sentation de la passerelle de paiement InternetSecure pour GiveWP<\/h3>\n<p>                              Dynamisez vos efforts de collecte de fonds avec la passerelle de paiement InternetSecure sp\u00e9cialement con\u00e7ue pour GiveWP. Traitez de mani\u00e8re transparente et s\u00e9curis\u00e9e les dons via une vari\u00e9t\u00e9 de m\u00e9thodes populaires, notamment les cartes de cr\u00e9dit, PayPal, Apple Pay, et bien plus encore. Ce plugin polyvalent garantit une exp\u00e9rience de don conviviale et s\u00e9curis\u00e9e, enti\u00e8rement int\u00e9gr\u00e9e dans la plateforme GiveWP.<\/p>\n<p>                              <strong>Compatibilit\u00e9 parfaite avec tous les th\u00e8mes WordPress<\/strong><\/p>\n<h4>Pourquoi choisir la passerelle de paiement InternetSecure pour GiveWP ?<\/h4>\n<p>                              <strong>1. Configuration rapide et sans effort<\/strong> D\u00e9marrez rapidement vos campagnes de collecte de fonds avec le plugin InternetSecure Payment Gateway. Son installation et sa configuration simples en font un jeu d&rsquo;enfant pour commencer \u00e0 accepter les dons.<\/p>\n<p>                              <strong>2. S\u00e9curit\u00e9 renforc\u00e9e des dons<\/strong> Soyez tranquille avec la passerelle de paiement InternetSecure, offrant un moyen s\u00e9curis\u00e9 de traiter les dons via GiveWP, assurant la s\u00e9curit\u00e9 de votre organisation et de vos donateurs.<\/p>\n<p>                              <strong>3. Exp\u00e9rience de don rationalis\u00e9e<\/strong> Am\u00e9liorez l&rsquo;exp\u00e9rience de don pour vos g\u00e9n\u00e9reux donateurs. Ils peuvent faire des dons rapidement et sans effort sans quitter la plateforme GiveWP.<\/p>\n<p>                              <strong>4. Options de don vari\u00e9es<\/strong> Accueillez une grande vari\u00e9t\u00e9 de donateurs en acceptant des contributions par carte de cr\u00e9dit, PayPal, Apple Pay, et bien plus encore.<\/p>\n<h4>Exploration de la passerelle de paiement InternetSecure pour GiveWP<\/h4>\n<p>                              Le plugin InternetSecure Payment Gateway simplifie le processus de don au sein de votre plateforme GiveWP, prenant en charge diverses passerelles de paiement, notamment les principales cartes de cr\u00e9dit, PayPal, Apple Pay, et bien plus encore. L&rsquo;installation et la configuration sont simples, vous permettant de d\u00e9marrer rapidement vos efforts de collecte de fonds.<\/p>\n<h4>Comment utiliser la passerelle de paiement InternetSecure pour GiveWP<\/h4>\n<p>                              <strong>Commencer:<\/strong><\/p>\n<p>                              <strong>Exigences pour la passerelle de paiement InternetSecure pour GiveWP<\/strong><\/p>\n<p>                              Le plugin InternetSecure Payment Gateway n\u00e9cessite quelques composants essentiels pour une int\u00e9gration transparente. Vous aurez besoin d&rsquo;un site WordPress avec le plugin GiveWP install\u00e9. De plus, vous devrez configurer un compte avec l&rsquo;une des passerelles de paiement prises en charge pour commencer \u00e0 traiter les dons.<\/p>\n<p>                              Le plugin InternetSecure Payment Gateway rationalise le processus de don, offrant une gamme de m\u00e9thodes de paiement, y compris les cartes de cr\u00e9dit, PayPal, Apple Pay, et bien plus encore. Les donateurs peuvent effectuer des contributions rapidement et en toute s\u00e9curit\u00e9 au sein de votre plateforme GiveWP, garantissant une exp\u00e9rience de<\/p>\n","protected":false},"excerpt":{"rendered":"<p>Integrate InternetSecure Gateway for GiveWP<\/p>\n","protected":false},"featured_media":2868,"comment_status":"open","ping_status":"closed","template":"","meta":{"_acf_changed":false},"product_cat":[87],"product_tag":[260],"class_list":{"0":"post-2867","1":"product","2":"type-product","3":"status-publish","4":"has-post-thumbnail","6":"product_cat-wpgive","7":"product_tag-internetsecure","9":"first","10":"instock","11":"featured","12":"shipping-taxable","13":"purchasable","14":"product-type-simple"},"acf":[],"_links":{"self":[{"href":"https:\/\/wpayo.com\/fr\/wp-json\/wp\/v2\/product\/2867","targetHints":{"allow":["GET"]}}],"collection":[{"href":"https:\/\/wpayo.com\/fr\/wp-json\/wp\/v2\/product"}],"about":[{"href":"https:\/\/wpayo.com\/fr\/wp-json\/wp\/v2\/types\/product"}],"replies":[{"embeddable":true,"href":"https:\/\/wpayo.com\/fr\/wp-json\/wp\/v2\/comments?post=2867"}],"wp:featuredmedia":[{"embeddable":true,"href":"https:\/\/wpayo.com\/fr\/wp-json\/wp\/v2\/media\/2868"}],"wp:attachment":[{"href":"https:\/\/wpayo.com\/fr\/wp-json\/wp\/v2\/media?parent=2867"}],"wp:term":[{"taxonomy":"product_cat","embeddable":true,"href":"https:\/\/wpayo.com\/fr\/wp-json\/wp\/v2\/product_cat?post=2867"},{"taxonomy":"product_tag","embeddable":true,"href":"https:\/\/wpayo.com\/fr\/wp-json\/wp\/v2\/product_tag?post=2867"}],"curies":[{"name":"wp","href":"https:\/\/api.w.org\/{rel}","templated":true}]}}