{"id":2869,"date":"2024-01-17T11:55:00","date_gmt":"2024-01-17T11:55:00","guid":{"rendered":"https:\/\/wpayo.com\/fr\/?post_type=product&#038;p=2869"},"modified":"2024-01-17T11:55:00","modified_gmt":"2024-01-17T11:55:00","slug":"internetsecure-payment-gateway-gravityforms","status":"publish","type":"product","link":"https:\/\/wpayo.com\/fr\/paiement-gateway\/internetsecure-payment-gateway-gravityforms\/","title":{"rendered":"InternetSecure Payment Gateway &#8211; GravityForms"},"content":{"rendered":"<div class=\"flex flex-grow flex-col gap-3 max-w-full\">\n<div class=\"min-h-[20px] flex flex-col items-start gap-3 whitespace-pre-wrap break-words overflow-x-auto\">\n<div class=\"markdown prose w-full break-words dark:prose-invert dark\">\n<div class=\"flex flex-grow flex-col max-w-full gap-3 gizmo:gap-0\">\n<div class=\"min-h-[20px] flex flex-col items-start gap-3 whitespace-pre-wrap break-words overflow-x-auto\" data-message-author-role=\"assistant\" data-message-id=\"eee7da6e-0b54-4cc2-a9df-a61870f6dfab\">\n<div class=\"markdown prose w-full break-words dark:prose-invert dark\">\n<div class=\"flex flex-grow flex-col max-w-full gap-3 gizmo:gap-0\">\n<div class=\"min-h-[20px] flex flex-col items-start gap-3 whitespace-pre-wrap break-words overflow-x-auto\" data-message-author-role=\"assistant\" data-message-id=\"9ba8ff5a-c46b-41d9-ba46-584b0bb58320\">\n<div class=\"markdown prose w-full break-words dark:prose-invert dark\">\n<div class=\"flex flex-grow flex-col max-w-full gap-3 gizmo:gap-0\">\n<div class=\"min-h-[20px] flex flex-col items-start gap-3 whitespace-pre-wrap break-words overflow-x-auto\" data-message-author-role=\"assistant\" data-message-id=\"1414d968-c77f-4a6a-b6bb-aa7c504cca1b\">\n<div class=\"markdown prose w-full break-words dark:prose-invert dark\">\n<div class=\"flex flex-grow flex-col max-w-full gap-3 gizmo:gap-0\">\n<div class=\"min-h-[20px] flex flex-col items-start gap-3 whitespace-pre-wrap break-words overflow-x-auto\" data-message-author-role=\"assistant\" data-message-id=\"b2135e07-f84d-49c0-86c8-a00b377e4fc2\">\n<div class=\"markdown prose w-full break-words dark:prose-invert dark\">\n<p>La passerelle de paiement InternetSecure pour GravityForms est votre compagnon de confiance pour un traitement transparent des paiements. Cette int\u00e9gration innovante vous permet de traiter de mani\u00e8re s\u00e9curis\u00e9e les paiements via diverses m\u00e9thodes populaires, notamment les cartes de cr\u00e9dit, PayPal, Apple Pay, et bien plus encore. Ce plugin polyvalent garantit une exp\u00e9rience de transaction conviviale et s\u00e9curis\u00e9e directement dans vos GravityForms.<\/p>\n<p><strong>Int\u00e9gration transparente avec tous les th\u00e8mes WordPress<\/strong><\/p>\n<h4>Pourquoi opter pour la passerelle de paiement InternetSecure pour GravityForms ?<\/h4>\n<p><strong>1. Configuration rapide et sans effort<\/strong> Commencez en un rien de temps avec le plugin InternetSecure Payment Gateway. Son installation et sa configuration faciles vous permettent de d\u00e9marrer rapidement votre processus de traitement des paiements.<\/p>\n<p><strong>2. S\u00e9curit\u00e9 robuste des paiements<\/strong> Soyez tranquille avec la passerelle de paiement InternetSecure, votre partenaire fiable pour le traitement s\u00e9curis\u00e9 des paiements via GravityForms, assurant la s\u00e9curit\u00e9 tant pour vous que pour vos clients.<\/p>\n<p><strong>3. Exp\u00e9rience de paiement rationalis\u00e9e<\/strong> Am\u00e9liorez l&rsquo;exp\u00e9rience de paiement pour vos clients. Ils peuvent effectuer leurs paiements rapidement et sans effort sans quitter vos GravityForms.<\/p>\n<p><strong>4. Options de paiement polyvalentes<\/strong> Accueillez une client\u00e8le diversifi\u00e9e en acceptant des paiements par carte de cr\u00e9dit, PayPal, Apple Pay, et bien plus encore.<\/p>\n<h4>Exploration de la passerelle de paiement InternetSecure pour GravityForms<\/h4>\n<p>Le plugin InternetSecure Payment Gateway simplifie le traitement des paiements via GravityForms, prenant en charge diverses passerelles de paiement, notamment les principales cartes de cr\u00e9dit, PayPal, Apple Pay, et bien plus encore. L&rsquo;installation et la configuration sont simples, vous permettant de d\u00e9marrer rapidement votre processus de traitement des paiements.<\/p>\n<h4>Comment utiliser la passerelle de paiement InternetSecure pour GravityForms<\/h4>\n<p><strong>Commencer :<\/strong><\/p>\n<p><strong>Exigences pour la passerelle de paiement InternetSecure pour GravityForms<\/strong><\/p>\n<p>Le plugin InternetSecure Payment Gateway n\u00e9cessite quelques composants essentiels pour une int\u00e9gration transparente. Vous aurez besoin d&rsquo;un site WordPress avec le plugin GravityForms install\u00e9. De plus, vous devrez configurer un compte avec l&rsquo;une des passerelles de paiement prises en charge pour commencer \u00e0 traiter les paiements.<\/p>\n<p>La passerelle de paiement InternetSecure rationalise le processus de paiement, offrant une gamme de m\u00e9thodes de paiement, y compris les cartes de cr\u00e9dit, PayPal, Apple Pay, et bien plus encore. Les clients peuvent effectuer des paiements rapidement et en toute s\u00e9curit\u00e9 sans quitter vos GravityForms, garantissant une exp\u00e9rience de transaction fluide et la tranquillit\u00e9 d&rsquo;esprit tant pour vous que pour vos clients.<\/p>\n<\/div>\n<\/div>\n<\/div>\n<\/div>\n<\/div>\n<\/div>\n<\/div>\n<\/div>\n<\/div>\n<\/div>\n<\/div>\n<\/div>\n<\/div>\n<\/div>\n<\/div>\n","protected":false},"excerpt":{"rendered":"<p>Integrate InternetSecure Gateway for GravityForms<\/p>\n","protected":false},"featured_media":2870,"comment_status":"open","ping_status":"closed","template":"","meta":{"_acf_changed":false},"product_cat":[50],"product_tag":[260],"class_list":{"0":"post-2869","1":"product","2":"type-product","3":"status-publish","4":"has-post-thumbnail","6":"product_cat-gravity-forms","7":"product_tag-internetsecure","9":"first","10":"instock","11":"featured","12":"shipping-taxable","13":"purchasable","14":"product-type-simple"},"acf":[],"_links":{"self":[{"href":"https:\/\/wpayo.com\/fr\/wp-json\/wp\/v2\/product\/2869","targetHints":{"allow":["GET"]}}],"collection":[{"href":"https:\/\/wpayo.com\/fr\/wp-json\/wp\/v2\/product"}],"about":[{"href":"https:\/\/wpayo.com\/fr\/wp-json\/wp\/v2\/types\/product"}],"replies":[{"embeddable":true,"href":"https:\/\/wpayo.com\/fr\/wp-json\/wp\/v2\/comments?post=2869"}],"wp:featuredmedia":[{"embeddable":true,"href":"https:\/\/wpayo.com\/fr\/wp-json\/wp\/v2\/media\/2870"}],"wp:attachment":[{"href":"https:\/\/wpayo.com\/fr\/wp-json\/wp\/v2\/media?parent=2869"}],"wp:term":[{"taxonomy":"product_cat","embeddable":true,"href":"https:\/\/wpayo.com\/fr\/wp-json\/wp\/v2\/product_cat?post=2869"},{"taxonomy":"product_tag","embeddable":true,"href":"https:\/\/wpayo.com\/fr\/wp-json\/wp\/v2\/product_tag?post=2869"}],"curies":[{"name":"wp","href":"https:\/\/api.w.org\/{rel}","templated":true}]}}