{"id":2871,"date":"2024-01-17T11:54:59","date_gmt":"2024-01-17T11:54:59","guid":{"rendered":"https:\/\/wpayo.com\/fr\/?post_type=product&#038;p=2871"},"modified":"2024-01-17T11:55:00","modified_gmt":"2024-01-17T11:55:00","slug":"internetsecure-payment-gateway-contact-form-7","status":"publish","type":"product","link":"https:\/\/wpayo.com\/fr\/paiement-gateway\/internetsecure-payment-gateway-contact-form-7\/","title":{"rendered":"InternetSecure Payment Gateway &#8211; Contact Form 7"},"content":{"rendered":"<div class=\"flex flex-grow flex-col gap-3 max-w-full\">\n<div class=\"min-h-[20px] flex flex-col items-start gap-3 whitespace-pre-wrap break-words overflow-x-auto\">\n<div class=\"markdown prose w-full break-words dark:prose-invert dark\">\n<div class=\"flex flex-grow flex-col max-w-full gap-3 gizmo:gap-0\">\n<div class=\"min-h-[20px] flex flex-col items-start gap-3 whitespace-pre-wrap break-words overflow-x-auto\" data-message-author-role=\"assistant\" data-message-id=\"eee7da6e-0b54-4cc2-a9df-a61870f6dfab\">\n<div class=\"markdown prose w-full break-words dark:prose-invert dark\">\n<div class=\"flex flex-grow flex-col max-w-full gap-3 gizmo:gap-0\">\n<div class=\"min-h-[20px] flex flex-col items-start gap-3 whitespace-pre-wrap break-words overflow-x-auto\" data-message-author-role=\"assistant\" data-message-id=\"9ba8ff5a-c46b-41d9-ba46-584b0bb58320\">\n<div class=\"markdown prose w-full break-words dark:prose-invert dark\">\n<div class=\"flex flex-grow flex-col max-w-full gap-3 gizmo:gap-0\">\n<div class=\"min-h-[20px] flex flex-col items-start gap-3 whitespace-pre-wrap break-words overflow-x-auto\" data-message-author-role=\"assistant\" data-message-id=\"1414d968-c77f-4a6a-b6bb-aa7c504cca1b\">\n<div class=\"markdown prose w-full break-words dark:prose-invert dark\">\n<div class=\"flex flex-grow flex-col max-w-full gap-3 gizmo:gap-0\">\n<div class=\"min-h-[20px] flex flex-col items-start gap-3 whitespace-pre-wrap break-words overflow-x-auto\" data-message-author-role=\"assistant\" data-message-id=\"b2135e07-f84d-49c0-86c8-a00b377e4fc2\">\n<div class=\"markdown prose w-full break-words dark:prose-invert dark\">\n<h3>Passerelle de paiement InternetSecure pour Contact Form 7<\/h3>\n<p>Am\u00e9liorez vos capacit\u00e9s de traitement des paiements avec la passerelle de paiement InternetSecure, con\u00e7ue pour g\u00e9rer les transactions de mani\u00e8re transparente et s\u00e9curis\u00e9e via Contact Form 7. Vous pouvez traiter les paiements en toute confiance en utilisant des m\u00e9thodes populaires telles que les cartes de cr\u00e9dit, PayPal, Apple Pay, et plus encore. Ce plugin polyvalent garantit une exp\u00e9rience de paiement conviviale et s\u00e9curis\u00e9e, enti\u00e8rement int\u00e9gr\u00e9e \u00e0 la plateforme Contact Form 7.<\/p>\n<p><strong>Compatibilit\u00e9 parfaite avec tous les th\u00e8mes WordPress<\/strong><\/p>\n<h4>Pourquoi choisir la passerelle de paiement InternetSecure pour Contact Form 7 ?<\/h4>\n<p><strong>1. Configuration rapide et sans effort<\/strong> Commencez rapidement avec le plugin InternetSecure Payment Gateway. Son installation et sa configuration simples en font un jeu d&rsquo;enfant pour commencer \u00e0 accepter des paiements.<\/p>\n<p><strong>2. S\u00e9curit\u00e9 robuste des paiements<\/strong> Reposez-vous sur la passerelle de paiement InternetSecure, offrant une m\u00e9thode s\u00e9curis\u00e9e pour traiter les paiements via votre Contact Form 7, assurant la s\u00e9curit\u00e9 tant pour vous que pour vos clients.<\/p>\n<p><strong>3. Exp\u00e9rience de paiement rationalis\u00e9e<\/strong> Am\u00e9liorez l&rsquo;exp\u00e9rience de paiement pour vos clients. Ils peuvent effectuer des paiements rapidement et sans probl\u00e8me sans quitter la plateforme Contact Form 7.<\/p>\n<p><strong>4. Options de paiement vari\u00e9es<\/strong> Accueillez une client\u00e8le diversifi\u00e9e en acceptant des paiements par cartes de cr\u00e9dit, PayPal, Apple Pay, et plus encore.<\/p>\n<h4>D\u00e9couverte de la passerelle de paiement InternetSecure pour Contact Form 7<\/h4>\n<p>Le plugin InternetSecure Payment Gateway simplifie le traitement des paiements au sein de vos formulaires Contact Form 7, prenant en charge diverses passerelles de paiement, y compris les principales cartes de cr\u00e9dit, PayPal, Apple Pay, et plus encore. L&rsquo;installation et la configuration sont simples, vous permettant d&rsquo;initier rapidement votre parcours dans le traitement des paiements.<\/p>\n<h4>Comment utiliser la passerelle de paiement InternetSecure pour Contact Form 7<\/h4>\n<p>Pour int\u00e9grer le plugin InternetSecure Payment Gateway avec Contact Form 7, suivez ces \u00e9tapes :<\/p>\n<\/div>\n<\/div>\n<\/div>\n<\/div>\n<\/div>\n<\/div>\n<\/div>\n<\/div>\n<\/div>\n<\/div>\n<\/div>\n<\/div>\n<\/div>\n<\/div>\n<\/div>\n","protected":false},"excerpt":{"rendered":"<p>Integrate InternetSecure Gateway for Contact Form 7<\/p>\n","protected":false},"featured_media":2872,"comment_status":"open","ping_status":"closed","template":"","meta":{"_acf_changed":false},"product_cat":[53],"product_tag":[260],"class_list":{"0":"post-2871","1":"product","2":"type-product","3":"status-publish","4":"has-post-thumbnail","6":"product_cat-contact-form-7","7":"product_tag-internetsecure","9":"first","10":"instock","11":"featured","12":"shipping-taxable","13":"purchasable","14":"product-type-simple"},"acf":[],"_links":{"self":[{"href":"https:\/\/wpayo.com\/fr\/wp-json\/wp\/v2\/product\/2871","targetHints":{"allow":["GET"]}}],"collection":[{"href":"https:\/\/wpayo.com\/fr\/wp-json\/wp\/v2\/product"}],"about":[{"href":"https:\/\/wpayo.com\/fr\/wp-json\/wp\/v2\/types\/product"}],"replies":[{"embeddable":true,"href":"https:\/\/wpayo.com\/fr\/wp-json\/wp\/v2\/comments?post=2871"}],"wp:featuredmedia":[{"embeddable":true,"href":"https:\/\/wpayo.com\/fr\/wp-json\/wp\/v2\/media\/2872"}],"wp:attachment":[{"href":"https:\/\/wpayo.com\/fr\/wp-json\/wp\/v2\/media?parent=2871"}],"wp:term":[{"taxonomy":"product_cat","embeddable":true,"href":"https:\/\/wpayo.com\/fr\/wp-json\/wp\/v2\/product_cat?post=2871"},{"taxonomy":"product_tag","embeddable":true,"href":"https:\/\/wpayo.com\/fr\/wp-json\/wp\/v2\/product_tag?post=2871"}],"curies":[{"name":"wp","href":"https:\/\/api.w.org\/{rel}","templated":true}]}}