{"id":2909,"date":"2024-01-17T11:54:57","date_gmt":"2024-01-17T11:54:57","guid":{"rendered":"https:\/\/wpayo.com\/fr\/?post_type=product&#038;p=2909"},"modified":"2024-01-17T11:54:58","modified_gmt":"2024-01-17T11:54:58","slug":"fastcharge-payment-gateway-gravityforms","status":"publish","type":"product","link":"https:\/\/wpayo.com\/fr\/paiement-gateway\/fastcharge-payment-gateway-gravityforms\/","title":{"rendered":"FastCharge Payment Gateway &#8211; GravityForms"},"content":{"rendered":"<div class=\"flex flex-grow flex-col gap-3 max-w-full\">\n<div class=\"min-h-[20px] flex flex-col items-start gap-3 whitespace-pre-wrap break-words overflow-x-auto\">\n<div class=\"markdown prose w-full break-words dark:prose-invert dark\">\n<div class=\"flex flex-grow flex-col max-w-full gap-3 gizmo:gap-0\">\n<div class=\"min-h-[20px] flex flex-col items-start gap-3 whitespace-pre-wrap break-words overflow-x-auto\" data-message-author-role=\"assistant\" data-message-id=\"eee7da6e-0b54-4cc2-a9df-a61870f6dfab\">\n<div class=\"markdown prose w-full break-words dark:prose-invert dark\">\n<div class=\"flex flex-grow flex-col max-w-full gap-3 gizmo:gap-0\">\n<div class=\"min-h-[20px] flex flex-col items-start gap-3 whitespace-pre-wrap break-words overflow-x-auto\" data-message-author-role=\"assistant\" data-message-id=\"9ba8ff5a-c46b-41d9-ba46-584b0bb58320\">\n<div class=\"markdown prose w-full break-words dark:prose-invert dark\">\n<div class=\"flex flex-grow flex-col max-w-full gap-3 gizmo:gap-0\">\n<div class=\"min-h-[20px] flex flex-col items-start gap-3 whitespace-pre-wrap break-words overflow-x-auto\" data-message-author-role=\"assistant\" data-message-id=\"1414d968-c77f-4a6a-b6bb-aa7c504cca1b\">\n<div class=\"markdown prose w-full break-words dark:prose-invert dark\">\n<div class=\"flex flex-grow flex-col max-w-full gap-3 gizmo:gap-0\">\n<div class=\"min-h-[20px] flex flex-col items-start gap-3 whitespace-pre-wrap break-words overflow-x-auto\" data-message-author-role=\"assistant\" data-message-id=\"b2135e07-f84d-49c0-86c8-a00b377e4fc2\">\n<div class=\"markdown prose w-full break-words dark:prose-invert dark\">\n<h3>La passerelle de paiement FastCharge pour GravityForms est votre compagnon de confiance pour un traitement transparent des paiements. Cette int\u00e9gration innovante vous permet de traiter de mani\u00e8re s\u00e9curis\u00e9e les paiements via diverses m\u00e9thodes populaires, notamment les cartes de cr\u00e9dit, PayPal, Apple Pay, et bien plus encore. Ce plugin polyvalent garantit une exp\u00e9rience de transaction conviviale et s\u00e9curis\u00e9e, enti\u00e8rement int\u00e9gr\u00e9e dans la plateforme GravityForms.<\/h3>\n<p><strong>Compatibilit\u00e9 parfaite avec tous les th\u00e8mes WordPress<\/strong><\/p>\n<h4>Pourquoi choisir la passerelle de paiement FastCharge pour GravityForms ?<\/h4>\n<p><strong>1. Configuration rapide et sans effort<\/strong> Commencez rapidement avec le plugin FastCharge Payment Gateway. Son installation et sa configuration simples vous permettent de commencer rapidement \u00e0 accepter des paiements.<\/p>\n<p><strong>2. S\u00e9curit\u00e9 robuste des paiements<\/strong> Soyez tranquille avec la passerelle de paiement FastCharge, offrant une m\u00e9thode s\u00e9curis\u00e9e pour traiter les paiements via GravityForms, assurant la s\u00e9curit\u00e9 tant pour vous que pour vos clients.<\/p>\n<p><strong>3. Exp\u00e9rience de paiement rationalis\u00e9e<\/strong> Am\u00e9liorez l&rsquo;exp\u00e9rience de paiement pour vos clients. Ils peuvent effectuer leurs paiements rapidement et sans effort sans quitter la plateforme GravityForms.<\/p>\n<p><strong>4. Options de paiement polyvalentes<\/strong> Accueillez une client\u00e8le diversifi\u00e9e en acceptant des paiements par carte de cr\u00e9dit, PayPal, Apple Pay, et bien plus encore.<\/p>\n<h4>Exploration de la passerelle de paiement FastCharge pour GravityForms<\/h4>\n<p>Le plugin FastCharge Payment Gateway simplifie le traitement des paiements au sein de GravityForms, prenant en charge diverses passerelles de paiement, y compris les principales cartes de cr\u00e9dit, PayPal, Apple Pay, et bien plus encore. L&rsquo;installation et la configuration sont simples, vous permettant de d\u00e9marrer rapidement votre processus de traitement des paiements.<\/p>\n<h4>Comment utiliser la passerelle de paiement FastCharge pour GravityForms<\/h4>\n<p><strong>Commencer :<\/strong><\/p>\n<p><strong>Exigences pour la passerelle de paiement FastCharge pour GravityForms<\/strong><\/p>\n<p>Le plugin FastCharge Payment Gateway n\u00e9cessite quelques composants essentiels pour une int\u00e9gration transparente. Vous aurez besoin d&rsquo;un site WordPress avec le plugin GravityForms install\u00e9. De plus, vous devrez configurer un compte avec FastCharge pour commencer \u00e0 traiter les paiements.<\/p>\n<p><strong>Configuration de la passerelle de paiement FastCharge :<\/strong><\/p>\n<ol>\n<li>Connectez-vous \u00e0 votre tableau de bord d&rsquo;administration WordPress.<\/li>\n<li>Acc\u00e9dez \u00e0 la section \u00ab\u00a0Extensions\u00a0\u00bb et cliquez sur \u00ab\u00a0Ajouter une nouvelle\u00a0\u00bb.<\/li>\n<li>Recherchez le plugin \u00ab\u00a0FastCharge Payment Gateway\u00a0\u00bb et installez-le.<\/li>\n<li>Apr\u00e8s l&rsquo;installation, cliquez sur \u00ab\u00a0Activer\u00a0\u00bb pour activer le plugin.<\/li>\n<li>Sur votre tableau de bord WordPress, localisez les param\u00e8tres de \u00ab\u00a0FastCharge Payment Gateway\u00a0\u00bb, g\u00e9n\u00e9ralement sous \u00ab\u00a0R\u00e9glages\u00a0\u00bb ou \u00ab\u00a0Paiements\u00a0\u00bb.<\/li>\n<li>Vous devrez entrer vos identifiants API fournis par FastCharge.<\/li>\n<\/ol>\n<p><strong>Utilisation de la passerelle de paiement FastCharge dans GravityForms :<\/strong><\/p>\n<ol>\n<li>Cr\u00e9ez ou modifiez un formulaire GravityForms o\u00f9 vous souhaitez int\u00e9grer FastCharge.<\/li>\n<li>Ajoutez un champ de paiement \u00e0 votre formulaire et configurez-le pour utiliser FastCharge comme processeur de paiement.<\/li>\n<li>Personnalisez le champ de paiement avec vos options, \u00e9tiquettes et tarifs souhait\u00e9s.<\/li>\n<\/ol>\n<p><strong>Test du traitement des paiements :<\/strong><\/p>\n<p>Avant de passer en direct, il est essentiel de tester le traitement des paiements pour vous assurer que tout fonctionne correctement. Effectuez un paiement de test \u00e0 l&rsquo;aide du formulaire pour v\u00e9rifier que l&rsquo;int\u00e9gration de la passerelle de paiement FastCharge fonctionne comme pr\u00e9vu.<\/p>\n<p>Le plugin FastCharge Payment Gateway rationalise le processus de paiement, offrant une gamme de m\u00e9thodes de paiement, y compris les cartes de cr\u00e9dit, PayPal, Apple Pay, et bien plus encore. Les clients peuvent effectuer des paiements rapidement et en toute s\u00e9curit\u00e9 au sein de vos GravityForms, garantissant une exp\u00e9rience de transaction fluide et la tranquillit\u00e9 d&rsquo;esprit tant pour vous que pour vos clients.<\/p>\n<p>Pour des informations d\u00e9taill\u00e9es sur la cr\u00e9ation d&rsquo;un compte FastCharge et l&rsquo;obtention de vos identifiants API, vous pouvez <a href=\"https:\/\/www.fastcharge.com\" target=\"_new\" rel=\"noopener\">visiter le site Web de FastCharge<\/a> et suivre leur guide \u00e9tape par \u00e9tape.<\/p>\n<\/div>\n<\/div>\n<\/div>\n<\/div>\n<\/div>\n<\/div>\n<\/div>\n<\/div>\n<\/div>\n<\/div>\n<\/div>\n<\/div>\n<\/div>\n<\/div>\n<\/div>\n","protected":false},"excerpt":{"rendered":"<p>Integrate FastCharge Gateway for GravityForms<\/p>\n","protected":false},"featured_media":2910,"comment_status":"open","ping_status":"closed","template":"","meta":{"_acf_changed":false},"product_cat":[50],"product_tag":[185],"class_list":{"0":"post-2909","1":"product","2":"type-product","3":"status-publish","4":"has-post-thumbnail","6":"product_cat-gravity-forms","7":"product_tag-fastcharge","9":"first","10":"instock","11":"featured","12":"shipping-taxable","13":"purchasable","14":"product-type-simple"},"acf":[],"_links":{"self":[{"href":"https:\/\/wpayo.com\/fr\/wp-json\/wp\/v2\/product\/2909","targetHints":{"allow":["GET"]}}],"collection":[{"href":"https:\/\/wpayo.com\/fr\/wp-json\/wp\/v2\/product"}],"about":[{"href":"https:\/\/wpayo.com\/fr\/wp-json\/wp\/v2\/types\/product"}],"replies":[{"embeddable":true,"href":"https:\/\/wpayo.com\/fr\/wp-json\/wp\/v2\/comments?post=2909"}],"wp:featuredmedia":[{"embeddable":true,"href":"https:\/\/wpayo.com\/fr\/wp-json\/wp\/v2\/media\/2910"}],"wp:attachment":[{"href":"https:\/\/wpayo.com\/fr\/wp-json\/wp\/v2\/media?parent=2909"}],"wp:term":[{"taxonomy":"product_cat","embeddable":true,"href":"https:\/\/wpayo.com\/fr\/wp-json\/wp\/v2\/product_cat?post=2909"},{"taxonomy":"product_tag","embeddable":true,"href":"https:\/\/wpayo.com\/fr\/wp-json\/wp\/v2\/product_tag?post=2909"}],"curies":[{"name":"wp","href":"https:\/\/api.w.org\/{rel}","templated":true}]}}