{"id":2911,"date":"2024-01-17T11:55:02","date_gmt":"2024-01-17T11:55:02","guid":{"rendered":"https:\/\/wpayo.com\/fr\/?post_type=product&#038;p=2911"},"modified":"2024-01-17T11:55:03","modified_gmt":"2024-01-17T11:55:03","slug":"fastcharge-payment-gateway-givewp","status":"publish","type":"product","link":"https:\/\/wpayo.com\/fr\/paiement-gateway\/fastcharge-payment-gateway-givewp\/","title":{"rendered":"FastCharge Payment Gateway &#8211; GiveWP"},"content":{"rendered":"<div class=\"flex flex-grow flex-col gap-3 max-w-full\">\n<div class=\"min-h-[20px] flex flex-col items-start gap-3 whitespace-pre-wrap break-words overflow-x-auto\">\n<div class=\"markdown prose w-full break-words dark:prose-invert dark\">\n<div class=\"flex flex-grow flex-col max-w-full gap-3 gizmo:gap-0\">\n<div class=\"min-h-[20px] flex flex-col items-start gap-3 whitespace-pre-wrap break-words overflow-x-auto\" data-message-author-role=\"assistant\" data-message-id=\"eee7da6e-0b54-4cc2-a9df-a61870f6dfab\">\n<div class=\"markdown prose w-full break-words dark:prose-invert dark\">\n<div class=\"flex flex-grow flex-col max-w-full gap-3 gizmo:gap-0\">\n<div class=\"min-h-[20px] flex flex-col items-start gap-3 whitespace-pre-wrap break-words overflow-x-auto\" data-message-author-role=\"assistant\" data-message-id=\"9ba8ff5a-c46b-41d9-ba46-584b0bb58320\">\n<div class=\"markdown prose w-full break-words dark:prose-invert dark\">\n<div class=\"flex flex-grow flex-col max-w-full gap-3 gizmo:gap-0\">\n<div class=\"min-h-[20px] flex flex-col items-start gap-3 whitespace-pre-wrap break-words overflow-x-auto\" data-message-author-role=\"assistant\" data-message-id=\"1414d968-c77f-4a6a-b6bb-aa7c504cca1b\">\n<div class=\"markdown prose w-full break-words dark:prose-invert dark\">\n<div class=\"flex flex-grow flex-col max-w-full gap-3 gizmo:gap-0\">\n<div class=\"min-h-[20px] flex flex-col items-start gap-3 whitespace-pre-wrap break-words overflow-x-auto\" data-message-author-role=\"assistant\" data-message-id=\"b2135e07-f84d-49c0-86c8-a00b377e4fc2\">\n<div class=\"markdown prose w-full break-words dark:prose-invert dark\">\n<h3>Passerelle de paiement FastCharge pour GiveWP<\/h3>\n<p>Renforcez vos efforts de collecte de fonds avec la passerelle de paiement FastCharge, une solution d\u00e9di\u00e9e pour GiveWP. Traitez les dons de mani\u00e8re transparente et s\u00e9curis\u00e9e via diverses m\u00e9thodes populaires, telles que les cartes de cr\u00e9dit, PayPal, Apple Pay, et plus encore. Ce plugin polyvalent garantit une exp\u00e9rience de don conviviale et s\u00e9curis\u00e9e, enti\u00e8rement int\u00e9gr\u00e9e \u00e0 la plateforme GiveWP.<\/p>\n<p><strong>Compatibilit\u00e9 parfaite avec tous les th\u00e8mes WordPress<\/strong><\/p>\n<h4>Pourquoi choisir la passerelle de paiement FastCharge pour GiveWP ?<\/h4>\n<p><strong>1. Configuration rapide et sans effort<\/strong> Commencez en un rien de temps avec le plugin FastCharge Payment Gateway. Son installation et sa configuration simples en font un jeu d&rsquo;enfant pour commencer \u00e0 accepter des dons.<\/p>\n<p><strong>2. S\u00e9curit\u00e9 robuste des dons<\/strong> Reposez-vous sur la passerelle de paiement FastCharge, offrant une m\u00e9thode s\u00e9curis\u00e9e pour traiter les dons via GiveWP, prot\u00e9geant \u00e0 la fois votre organisation et vos donateurs.<\/p>\n<p><strong>3. Exp\u00e9rience de don rationalis\u00e9e<\/strong> Am\u00e9liorez l&rsquo;exp\u00e9rience pour vos g\u00e9n\u00e9reux donateurs. Les donateurs peuvent effectuer des contributions rapidement et sans probl\u00e8me sans quitter la plateforme GiveWP.<\/p>\n<p><strong>4. Options de don diverses<\/strong> Accueillez une grande vari\u00e9t\u00e9 de donateurs en acceptant des contributions par cartes de cr\u00e9dit, PayPal, Apple Pay, et plus encore.<\/p>\n<h4>D\u00e9couverte de la passerelle de paiement FastCharge pour GiveWP<\/h4>\n<p>Le plugin FastCharge Payment Gateway simplifie le traitement des dons au sein de votre plateforme GiveWP, prenant en charge diverses passerelles de paiement, y compris les principales cartes de cr\u00e9dit, PayPal, Apple Pay, et plus encore. L&rsquo;installation et la configuration sont simples, vous permettant d&rsquo;initier vos efforts de collecte de fonds sans d\u00e9lai.<\/p>\n<h4>Comment utiliser la passerelle de paiement FastCharge pour GiveWP<\/h4>\n<p>Pour int\u00e9grer le plugin FastCharge Payment Gateway avec GiveWP et utiliser ses API dans votre tableau de bord WordPress, suivez ces \u00e9tapes :<\/p>\n<p><strong>Commencer :<\/strong><\/p>\n<p><strong>Exigences pour la passerelle de paiement FastCharge pour GiveWP :<\/strong><\/p>\n<p>Le plugin FastCharge Payment Gateway n\u00e9cessite quelques composants essentiels pour une int\u00e9gration transparente. Vous aurez besoin d&rsquo;un site WordPress avec le plugin GiveWP install\u00e9. De plus, vous devez cr\u00e9er un compte FastCharge pour commencer \u00e0 traiter les dons.<\/p>\n<p><strong>Configuration de la passerelle de paiement FastCharge :<\/strong><\/p>\n<ol>\n<li>Connectez-vous \u00e0 votre tableau de bord d&rsquo;administration WordPress.<\/li>\n<li>Acc\u00e9dez \u00e0 la section &lsquo;Extensions&rsquo; et cliquez sur &lsquo;Ajouter une nouvelle&rsquo;.<\/li>\n<li>Recherchez le plugin &lsquo;FastCharge Payment Gateway&rsquo; et installez-le.<\/li>\n<li>Apr\u00e8s l&rsquo;installation, cliquez sur &lsquo;Activer&rsquo; pour activer le plugin.<\/li>\n<li>Dans votre tableau de bord WordPress, localisez les param\u00e8tres de &lsquo;FastCharge Payment Gateway&rsquo;, g\u00e9n\u00e9ralement sous &lsquo;R\u00e9glages&rsquo; ou &lsquo;Paiements&rsquo;.<\/li>\n<li>Vous devrez entrer vos identifiants API fournis par FastCharge.<\/li>\n<\/ol>\n<p><strong>Utilisation de la passerelle de paiement FastCharge dans GiveWP :<\/strong><\/p>\n<ol>\n<li>Cr\u00e9ez ou modifiez une campagne GiveWP o\u00f9 vous souhaitez int\u00e9grer FastCharge.<\/li>\n<li>Ajoutez un formulaire de don \u00e0 votre campagne et configurez-le pour utiliser FastCharge comme processeur de paiement.<\/li>\n<li>Personnalisez le formulaire de don avec vos options, libell\u00e9s et tarifs souhait\u00e9s.<\/li>\n<\/ol>\n<p><strong>Test du traitement des dons :<\/strong><\/p>\n<p>Avant de passer en direct, il est essentiel de tester le traitement des dons pour s&rsquo;assurer que tout fonctionne correctement. Effectuez un don de test en utilisant le formulaire pour v\u00e9rifier que l&rsquo;int\u00e9gration de la passerelle de paiement FastCharge fonctionne comme pr\u00e9vu.<\/p>\n<p>Le plugin FastCharge Payment Gateway rationalise le processus de don, offrant une gamme de m\u00e9thodes de paiement<\/p>\n<\/div>\n<\/div>\n<\/div>\n<\/div>\n<\/div>\n<\/div>\n<\/div>\n<\/div>\n<\/div>\n<\/div>\n<\/div>\n<\/div>\n<\/div>\n<\/div>\n<\/div>\n","protected":false},"excerpt":{"rendered":"<p>Integrate FastCharge Gateway for GiveWP<\/p>\n","protected":false},"featured_media":2912,"comment_status":"open","ping_status":"closed","template":"","meta":{"_acf_changed":false},"product_cat":[87],"product_tag":[185],"class_list":{"0":"post-2911","1":"product","2":"type-product","3":"status-publish","4":"has-post-thumbnail","6":"product_cat-wpgive","7":"product_tag-fastcharge","9":"first","10":"instock","11":"featured","12":"shipping-taxable","13":"purchasable","14":"product-type-simple"},"acf":[],"_links":{"self":[{"href":"https:\/\/wpayo.com\/fr\/wp-json\/wp\/v2\/product\/2911","targetHints":{"allow":["GET"]}}],"collection":[{"href":"https:\/\/wpayo.com\/fr\/wp-json\/wp\/v2\/product"}],"about":[{"href":"https:\/\/wpayo.com\/fr\/wp-json\/wp\/v2\/types\/product"}],"replies":[{"embeddable":true,"href":"https:\/\/wpayo.com\/fr\/wp-json\/wp\/v2\/comments?post=2911"}],"wp:featuredmedia":[{"embeddable":true,"href":"https:\/\/wpayo.com\/fr\/wp-json\/wp\/v2\/media\/2912"}],"wp:attachment":[{"href":"https:\/\/wpayo.com\/fr\/wp-json\/wp\/v2\/media?parent=2911"}],"wp:term":[{"taxonomy":"product_cat","embeddable":true,"href":"https:\/\/wpayo.com\/fr\/wp-json\/wp\/v2\/product_cat?post=2911"},{"taxonomy":"product_tag","embeddable":true,"href":"https:\/\/wpayo.com\/fr\/wp-json\/wp\/v2\/product_tag?post=2911"}],"curies":[{"name":"wp","href":"https:\/\/api.w.org\/{rel}","templated":true}]}}