{"id":2922,"date":"2024-01-17T11:55:05","date_gmt":"2024-01-17T11:55:05","guid":{"rendered":"https:\/\/wpayo.com\/fr\/?post_type=product&#038;p=2922"},"modified":"2024-01-17T11:55:06","modified_gmt":"2024-01-17T11:55:06","slug":"durango-payment-gateway-woocommerce","status":"publish","type":"product","link":"https:\/\/wpayo.com\/fr\/paiement-gateway\/durango-payment-gateway-woocommerce\/","title":{"rendered":"Durango Payment Gateway -WooCommerce"},"content":{"rendered":"<div class=\"flex flex-grow flex-col gap-3 max-w-full\">\n<div class=\"min-h-[20px] flex flex-col items-start gap-3 whitespace-pre-wrap break-words overflow-x-auto\">\n<div class=\"markdown prose w-full break-words dark:prose-invert dark\"><strong>Passerelle de paiement Durango pour WooCommerce<\/strong>Am\u00e9liorez les capacit\u00e9s de traitement des paiements de votre boutique WooCommerce avec la passerelle de paiement Durango. Traitez les paiements de mani\u00e8re transparente et s\u00e9curis\u00e9e via diverses m\u00e9thodes populaires, notamment les cartes de cr\u00e9dit, PayPal, Apple Pay, et bien plus encore. Ce plugin polyvalent garantit une exp\u00e9rience d&rsquo;achat conviviale et s\u00e9curis\u00e9e, enti\u00e8rement int\u00e9gr\u00e9e \u00e0 la plateforme WooCommerce.<\/p>\n<p><strong>Compatibilit\u00e9 parfaite avec tous les th\u00e8mes WordPress<\/strong><\/p>\n<h4>Pourquoi choisir la passerelle de paiement Durango pour WooCommerce ?<\/h4>\n<p><strong>1. Configuration rapide et sans effort<\/strong> Mettez en place votre boutique en ligne rapidement avec le plugin de passerelle de paiement Durango. Son installation et sa configuration simples facilitent le d\u00e9marrage de l&rsquo;acceptation des paiements.<\/p>\n<p><strong>2. S\u00e9curit\u00e9 robuste des paiements<\/strong> Soyez tranquille avec la passerelle de paiement Durango, offrant une m\u00e9thode s\u00e9curis\u00e9e pour traiter les paiements via votre boutique WooCommerce, assurant la s\u00e9curit\u00e9 de vous et de vos clients.<\/p>\n<p><strong>3. Exp\u00e9rience d&rsquo;achat simplifi\u00e9e<\/strong> Am\u00e9liorez l&rsquo;exp\u00e9rience d&rsquo;achat pour vos clients. Ils peuvent effectuer des achats rapidement et sans heurts sans quitter votre boutique WooCommerce.<\/p>\n<p><strong>4. Options de paiement polyvalentes<\/strong> Accueillez une client\u00e8le diversifi\u00e9e en acceptant des paiements par cartes de cr\u00e9dit, PayPal, Apple Pay, et plus encore.<\/p>\n<h4>Explorer la passerelle de paiement Durango pour WooCommerce<\/h4>\n<p>Le plugin de passerelle de paiement Durango simplifie le traitement des paiements dans votre boutique WooCommerce, prenant en charge diverses passerelles de paiement, notamment les principales cartes de cr\u00e9dit, PayPal, Apple Pay, et bien plus encore. L&rsquo;installation et la configuration sont simples, garantissant que vous pouvez commencer votre parcours de vente en ligne sans d\u00e9lai.<\/p>\n<h4>Comment utiliser la passerelle de paiement Durango pour WooCommerce<\/h4>\n<p>Pour int\u00e9grer le plugin de passerelle de paiement Durango avec WooCommerce et utiliser ses API dans votre tableau de bord WordPress, suivez ces \u00e9tapes :<\/p>\n<p><strong>Commencer :<\/strong><\/p>\n<p><strong>Exigences pour la passerelle de paiement Durango pour WooCommerce<\/strong><\/p>\n<p>Le plugin de passerelle de paiement Durango n\u00e9cessite quelques composants essentiels pour une int\u00e9gration transparente. Vous aurez besoin d&rsquo;un site WordPress avec le plugin WooCommerce install\u00e9. De plus, vous devez configurer un compte avec Durango pour commencer le traitement des paiements.<\/p>\n<p><strong>Configuration de la passerelle de paiement Durango :<\/strong><\/p>\n<ol>\n<li>Connectez-vous \u00e0 votre tableau de bord d&rsquo;administration WordPress.<\/li>\n<li>Acc\u00e9dez \u00e0 la section &lsquo;Extensions&rsquo; et cliquez sur &lsquo;Ajouter une nouvelle&rsquo;.<\/li>\n<li>Recherchez le plugin &lsquo;Durango Payment Gateway&rsquo; et installez-le.<\/li>\n<li>Apr\u00e8s l&rsquo;installation, cliquez sur &lsquo;Activer&rsquo; pour activer le plugin.<\/li>\n<li>Dans votre tableau de bord WordPress, localisez les param\u00e8tres de &lsquo;Durango Payment Gateway&rsquo;, g\u00e9n\u00e9ralement sous &lsquo;R\u00e9glages&rsquo; ou &lsquo;Paiements&rsquo;.<\/li>\n<li>Vous devrez entrer vos informations d&rsquo;API fournies par Durango.<\/li>\n<\/ol>\n<p><strong>Utilisation de la passerelle de paiement Durango dans WooCommerce :<\/strong><\/p>\n<ol>\n<li>Acc\u00e9dez aux param\u00e8tres de WooCommerce dans votre tableau de bord WordPress.<\/li>\n<li>Localisez la section &lsquo;Paiements&rsquo; ou &lsquo;Caisse&rsquo; et activez la passerelle de paiement Durango comme l&rsquo;une des m\u00e9thodes de paiement disponibles.<\/li>\n<li>Configurez les param\u00e8tres de la passerelle de paiement Durango, y compris les options d&rsquo;\u00e9tiquettes de paiement et les d\u00e9tails suppl\u00e9mentaires.<\/li>\n<\/ol>\n<p><strong>Test du traitement des paiements :<\/strong><\/p>\n<p>Avant de passer en direct, il est essentiel de tester le traitement des paiements pour vous assurer que tout fonctionne correctement. Effectuez un achat de test pour v\u00e9rifier que l&rsquo;int\u00e9gration de la passerelle de paiement Durango fonctionne comme pr\u00e9vu.<\/p>\n<p>Le plugin de passerelle de paiement Durango rationalise le processus de paiement, offrant une gamme de m\u00e9thodes de paiement, notamment les cartes de cr\u00e9dit, PayPal, Apple Pay, et bien plus encore. Les clients peuvent effectuer des paiements rapidement et en toute s\u00e9curit\u00e9 dans votre boutique WooCommerce, assurant une exp\u00e9rience d&rsquo;achat fluide et la tranquillit\u00e9 d&rsquo;esprit tant pour vous que pour vos clients.<\/p>\n<\/div>\n<\/div>\n<\/div>\n","protected":false},"excerpt":{"rendered":"<p>Integrate Durango Gateway for WooCommerce<\/p>\n","protected":false},"featured_media":2923,"comment_status":"open","ping_status":"closed","template":"","meta":{"_acf_changed":false},"product_cat":[47],"product_tag":[261],"class_list":{"0":"post-2922","1":"product","2":"type-product","3":"status-publish","4":"has-post-thumbnail","6":"product_cat-woocommerce","7":"product_tag-durango","9":"first","10":"instock","11":"featured","12":"shipping-taxable","13":"purchasable","14":"product-type-simple"},"acf":[],"_links":{"self":[{"href":"https:\/\/wpayo.com\/fr\/wp-json\/wp\/v2\/product\/2922","targetHints":{"allow":["GET"]}}],"collection":[{"href":"https:\/\/wpayo.com\/fr\/wp-json\/wp\/v2\/product"}],"about":[{"href":"https:\/\/wpayo.com\/fr\/wp-json\/wp\/v2\/types\/product"}],"replies":[{"embeddable":true,"href":"https:\/\/wpayo.com\/fr\/wp-json\/wp\/v2\/comments?post=2922"}],"wp:featuredmedia":[{"embeddable":true,"href":"https:\/\/wpayo.com\/fr\/wp-json\/wp\/v2\/media\/2923"}],"wp:attachment":[{"href":"https:\/\/wpayo.com\/fr\/wp-json\/wp\/v2\/media?parent=2922"}],"wp:term":[{"taxonomy":"product_cat","embeddable":true,"href":"https:\/\/wpayo.com\/fr\/wp-json\/wp\/v2\/product_cat?post=2922"},{"taxonomy":"product_tag","embeddable":true,"href":"https:\/\/wpayo.com\/fr\/wp-json\/wp\/v2\/product_tag?post=2922"}],"curies":[{"name":"wp","href":"https:\/\/api.w.org\/{rel}","templated":true}]}}