{"id":2926,"date":"2024-01-17T11:55:04","date_gmt":"2024-01-17T11:55:04","guid":{"rendered":"https:\/\/wpayo.com\/fr\/?post_type=product&#038;p=2926"},"modified":"2024-01-17T11:55:05","modified_gmt":"2024-01-17T11:55:05","slug":"durango-payment-gateway-givewp","status":"publish","type":"product","link":"https:\/\/wpayo.com\/fr\/paiement-gateway\/durango-payment-gateway-givewp\/","title":{"rendered":"Durango Payment Gateway &#8211; GiveWP"},"content":{"rendered":"<div class=\"flex flex-grow flex-col gap-3 max-w-full\">\n<div class=\"min-h-[20px] flex flex-col items-start gap-3 whitespace-pre-wrap break-words overflow-x-auto\">\n<div class=\"markdown prose w-full break-words dark:prose-invert dark\">\n            <strong>Passerelle de paiement Durango pour GiveWP<\/strong><\/p>\n<p>            Dynamisez vos efforts de collecte de fonds avec la passerelle de paiement Durango pour GiveWP. Cette int\u00e9gration de pointe \u00e9l\u00e8ve vos dons en ligne \u00e0 un niveau sup\u00e9rieur, vous permettant de traiter de mani\u00e8re transparente et s\u00e9curis\u00e9e des paiements via diverses m\u00e9thodes de paiement populaires, notamment les cartes de cr\u00e9dit, PayPal, Apple Pay, et bien plus encore. Ce plugin flexible garantit une exp\u00e9rience de paiement conviviale et s\u00e9curis\u00e9e, le tout au sein de la plateforme GiveWP.<\/p>\n<p>            <strong>Harmonie avec tous les th\u00e8mes WordPress<\/strong><\/p>\n<h4>Pourquoi opter pour la passerelle de paiement Durango pour GiveWP ?<\/h4>\n<p>            <strong>1. Configuration rapide et sans effort<\/strong> Commencez en un rien de temps avec le plugin de passerelle de paiement Durango. Son installation et sa configuration sans tracas facilitent le d\u00e9marrage de votre collecte de fonds.<\/p>\n<p>            <strong>2. S\u00e9curit\u00e9 renforc\u00e9e des paiements<\/strong> Soyez tranquille avec la passerelle de paiement Durango, offrant un moyen robuste et s\u00e9curis\u00e9 de traiter les dons via GiveWP. Votre organisation et vos donateurs sont prot\u00e9g\u00e9s.<\/p>\n<p>            <strong>3. Exp\u00e9rience de don simplifi\u00e9e<\/strong> Am\u00e9liorez l&rsquo;exp\u00e9rience pour vos g\u00e9n\u00e9reux donateurs. Les donateurs peuvent faire des contributions rapidement et sans heurts sans quitter la plateforme GiveWP.<\/p>\n<p>            <strong>4. M\u00e9thodes de don diverses<\/strong> Accueillez un large \u00e9ventail de donateurs en acceptant des contributions par cartes de cr\u00e9dit, PayPal, Apple Pay, et bien plus encore.<\/p>\n<h4>Pr\u00e9sentation de la passerelle de paiement Durango pour GiveWP<\/h4>\n<p>            Le plugin de passerelle de paiement Durango simplifie le traitement des dons via GiveWP, prenant en charge diverses passerelles de paiement, notamment les principales cartes de cr\u00e9dit, PayPal, Apple Pay, et bien plus encore. L&rsquo;installation et la configuration sont simples, vous permettant de d\u00e9marrer vos efforts de collecte de fonds rapidement.<\/p>\n<h4>Comment utiliser la passerelle de paiement Durango pour GiveWP<\/h4>\n<p>            Pour int\u00e9grer le plugin de passerelle de paiement Durango avec GiveWP et utiliser ses API dans votre tableau de bord WordPress, suivez ces \u00e9tapes :<\/p>\n<p>            <strong>Commencer :<\/strong><\/p>\n<p>            <strong>Exigences pour la passerelle de paiement Durango pour GiveWP<\/strong><\/p>\n<p>            Le plugin de passerelle de paiement Durango n\u00e9cessite quelques composants essentiels pour une int\u00e9gration transparente. Vous aurez besoin d&rsquo;un site WordPress avec le plugin GiveWP install\u00e9. De plus, vous devez configurer un compte avec Durango pour commencer le traitement des dons.<\/p>\n<p>            <strong>Configuration de la passerelle de paiement Durango :<\/strong><\/p>\n<ol>\n<li>Connectez-vous \u00e0 votre tableau de bord d&rsquo;administration WordPress.<\/li>\n<li>Acc\u00e9dez \u00e0 la section &lsquo;Extensions&rsquo; et cliquez sur &lsquo;Ajouter une nouvelle&rsquo;.<\/li>\n<li>Recherchez le plugin &lsquo;Durango Payment Gateway&rsquo; et installez-le.<\/li>\n<li>Apr\u00e8s l&rsquo;installation, cliquez sur &lsquo;Activer&rsquo; pour activer le plugin.<\/li>\n<li>Dans votre tableau de bord WordPress, localisez les param\u00e8tres de &lsquo;Durango Payment Gateway&rsquo;, g\u00e9n\u00e9ralement sous &lsquo;R\u00e9glages&rsquo; ou &lsquo;Paiements&rsquo;.<\/li>\n<li>Vous devrez entrer vos informations d&rsquo;API fournies par Durango.<\/li>\n<\/ol>\n<p>            <strong>Utilisation de la passerelle de paiement Durango dans GiveWP :<\/strong><\/p>\n<ol>\n<li>Acc\u00e9dez aux param\u00e8tres de GiveWP dans votre tableau de bord WordPress.<\/li>\n<li>Localisez la section &lsquo;Passerelles de paiement&rsquo; ou &lsquo;Options de don&rsquo; et activez la passerelle de paiement Durango comme l&rsquo;une des m\u00e9thodes de paiement disponibles.<\/li>\n<li>Configurez les param\u00e8tres de la passerelle de paiement Durango, y compris les options d&rsquo;\u00e9tiquettes de paiement et les d\u00e9tails suppl\u00e9mentaires.<\/li>\n<\/ol>\n<p>            <strong>Test du traitement des paiements :<\/strong><\/p>\n<p>            Avant de passer en direct, il est essentiel de tester le traitement des paiements pour vous assurer que tout fonctionne correctement. Effectuez un don de test pour v\u00e9rifier que l&rsquo;int\u00e9gration de la passerelle de paiement Durango fonctionne comme pr\u00e9vu.<\/p>\n<p>            Le plugin de passerelle de paiement Durango rationalise le processus de don, offrant une gamme de m\u00e9thodes de paiement, notamment les cartes de cr\u00e9dit, PayPal, Apple Pay, et bien plus encore. Les donateurs peuvent faire des contributions rapidement et en toute s\u00e9curit\u00e9 sans quitter la plateforme GiveWP, assurant une exp\u00e9rience fluide et la tranquillit\u00e9 d&rsquo;esprit tant pour votre organisation que pour vos supporters.\n        <\/p><\/div>\n<\/p><\/div>\n<\/div>\n","protected":false},"excerpt":{"rendered":"<p>Integrate Durango Gateway for GiveWP<\/p>\n","protected":false},"featured_media":2929,"comment_status":"open","ping_status":"closed","template":"","meta":{"_acf_changed":false},"product_cat":[87],"product_tag":[261],"class_list":{"0":"post-2926","1":"product","2":"type-product","3":"status-publish","4":"has-post-thumbnail","6":"product_cat-wpgive","7":"product_tag-durango","9":"first","10":"instock","11":"featured","12":"shipping-taxable","13":"purchasable","14":"product-type-simple"},"acf":[],"_links":{"self":[{"href":"https:\/\/wpayo.com\/fr\/wp-json\/wp\/v2\/product\/2926","targetHints":{"allow":["GET"]}}],"collection":[{"href":"https:\/\/wpayo.com\/fr\/wp-json\/wp\/v2\/product"}],"about":[{"href":"https:\/\/wpayo.com\/fr\/wp-json\/wp\/v2\/types\/product"}],"replies":[{"embeddable":true,"href":"https:\/\/wpayo.com\/fr\/wp-json\/wp\/v2\/comments?post=2926"}],"wp:featuredmedia":[{"embeddable":true,"href":"https:\/\/wpayo.com\/fr\/wp-json\/wp\/v2\/media\/2929"}],"wp:attachment":[{"href":"https:\/\/wpayo.com\/fr\/wp-json\/wp\/v2\/media?parent=2926"}],"wp:term":[{"taxonomy":"product_cat","embeddable":true,"href":"https:\/\/wpayo.com\/fr\/wp-json\/wp\/v2\/product_cat?post=2926"},{"taxonomy":"product_tag","embeddable":true,"href":"https:\/\/wpayo.com\/fr\/wp-json\/wp\/v2\/product_tag?post=2926"}],"curies":[{"name":"wp","href":"https:\/\/api.w.org\/{rel}","templated":true}]}}