{"id":2927,"date":"2024-01-17T11:55:03","date_gmt":"2024-01-17T11:55:03","guid":{"rendered":"https:\/\/wpayo.com\/fr\/?post_type=product&#038;p=2927"},"modified":"2024-01-17T11:55:04","modified_gmt":"2024-01-17T11:55:04","slug":"durango-payment-gateway-gravityforms","status":"publish","type":"product","link":"https:\/\/wpayo.com\/fr\/paiement-gateway\/durango-payment-gateway-gravityforms\/","title":{"rendered":"Durango Payment Gateway &#8211; GravityForms"},"content":{"rendered":"<p>Passerelle de paiement Durango pour GravityForms<\/p>\n<p>La passerelle de paiement Durango pour GravityForms est votre solution pour un traitement efficace des paiements au sein de vos formulaires. Traitez les paiements de mani\u00e8re fluide et s\u00e9curis\u00e9e gr\u00e2ce \u00e0 des m\u00e9thodes populaires telles que les cartes de cr\u00e9dit, PayPal, Apple Pay, et bien plus encore. Ce plugin polyvalent garantit une exp\u00e9rience de paiement conviviale et s\u00e9curis\u00e9e, enti\u00e8rement int\u00e9gr\u00e9e \u00e0 la plateforme GravityForms.<\/p>\n<p><strong>Compatibilit\u00e9 parfaite avec tous les th\u00e8mes WordPress<\/strong><\/p>\n<h4>Pourquoi choisir la passerelle de paiement Durango pour GravityForms ?<\/h4>\n<p><strong>1. Configuration rapide et sans effort<\/strong> Commencez en un rien de temps avec le plugin de passerelle de paiement Durango. Son installation simple et sa configuration en font un jeu d&rsquo;enfant pour d\u00e9marrer votre parcours de traitement des paiements.<\/p>\n<p><strong>2. S\u00e9curit\u00e9 de paiement robuste<\/strong> Reposez-vous en toute tranquillit\u00e9 avec la passerelle de paiement Durango, qui offre une m\u00e9thode s\u00e9curis\u00e9e pour traiter les paiements via vos GravityForms, garantissant la s\u00e9curit\u00e9 aussi bien pour vous que pour vos clients.<\/p>\n<p><strong>3. Exp\u00e9rience de paiement simplifi\u00e9e<\/strong> Am\u00e9liorez l&rsquo;exp\u00e9rience de paiement de vos clients. Ils peuvent effectuer des paiements rapidement et sans probl\u00e8me sans quitter la plateforme GravityForms.<\/p>\n<p><strong>4. Options de paiement polyvalentes<\/strong> Accueillez une grande vari\u00e9t\u00e9 de clients en acceptant des paiements par carte de cr\u00e9dit, PayPal, Apple Pay, et bien plus encore.<\/p>\n<h4>Vue d&rsquo;ensemble de la passerelle de paiement Durango pour GravityForms<\/h4>\n<p>Le plugin de passerelle de paiement Durango simplifie le traitement des paiements dans vos GravityForms, prenant en charge diverses passerelles de paiement, y compris les principales cartes de cr\u00e9dit, PayPal, Apple Pay, et bien plus encore. L&rsquo;installation et la configuration sont simples, garantissant que vous pouvez d\u00e9marrer votre parcours de traitement des paiements sans d\u00e9lai.<\/p>\n<h4>Comment utiliser la passerelle de paiement Durango pour GravityForms<\/h4>\n<p>Pour int\u00e9grer le plugin de passerelle de paiement Durango avec GravityForms et utiliser ses API dans votre tableau de bord WordPress, suivez ces \u00e9tapes :<\/p>\n<p><strong>Commencer :<\/strong><\/p>\n<p><strong>Exigences pour la passerelle de paiement Durango pour GravityForms<\/strong><\/p>\n<p>Le plugin de passerelle de paiement Durango n\u00e9cessite quelques composants essentiels pour une int\u00e9gration transparente. Vous aurez besoin d&rsquo;un site WordPress avec le plugin GravityForms install\u00e9. De plus, vous devez cr\u00e9er un compte avec Durango pour commencer \u00e0 traiter les paiements.<\/p>\n<p><strong>Configuration de la passerelle de paiement Durango :<\/strong><\/p>\n<ol>\n<li>Connectez-vous \u00e0 votre tableau de bord d&rsquo;administration WordPress.<\/li>\n<li>Acc\u00e9dez \u00e0 la section &lsquo;Extensions&rsquo; et cliquez sur &lsquo;Ajouter une nouvelle&rsquo;.<\/li>\n<li>Recherchez le plugin &lsquo;Passerelle de paiement Durango&rsquo; et installez-le.<\/li>\n<li>Apr\u00e8s l&rsquo;installation, cliquez sur &lsquo;Activer&rsquo; pour activer le plugin.<\/li>\n<li>Dans votre tableau de bord WordPress, localisez les param\u00e8tres de la &lsquo;Passerelle de paiement Durango&rsquo;, g\u00e9n\u00e9ralement sous &lsquo;R\u00e9glages&rsquo; ou &lsquo;Paiements&rsquo;.<\/li>\n<li>Vous devrez entrer vos identifiants API fournis par Durango.<\/li>\n<\/ol>\n<p><strong>Utilisation de la passerelle de paiement Durango dans GravityForms :<\/strong><\/p>\n<ol>\n<li>Cr\u00e9ez ou modifiez un formulaire GravityForms o\u00f9 vous souhaitez int\u00e9grer Durango.<\/li>\n<li>Ajoutez un champ de paiement \u00e0 votre formulaire et configurez-le pour utiliser Durango comme processeur de paiement.<\/li>\n<li>Personnalisez le champ de paiement avec les options, libell\u00e9s et tarifs de votre choix.<\/li>\n<\/ol>\n<p><strong>Tester le traitement des paiements :<\/strong><\/p>\n<p>Avant de passer en direct, il est essentiel de tester le traitement des paiements pour vous assurer que tout fonctionne correctement. Effectuez un paiement de test \u00e0 l&rsquo;aide du formulaire pour v\u00e9rifier que l&rsquo;int\u00e9gration de la passerelle de paiement Durango fonctionne comme pr\u00e9vu.<\/p>\n<p>Le plugin de passerelle de paiement Durango simplifie le processus de paiement, offrant une gamme de m\u00e9thodes de paiement, y compris les cartes de cr\u00e9dit, PayPal, Apple Pay, et bien plus encore. Les clients peuvent effectuer des paiements rapidement et en toute s\u00e9curit\u00e9 dans vos GravityForms, garantissant une exp\u00e9rience de paiement fluide et la tranquillit\u00e9 d&rsquo;esprit tant pour vous que pour vos clients.<\/p>\n","protected":false},"excerpt":{"rendered":"<p>Integrate Durango Gateway for GravityForms<\/p>\n","protected":false},"featured_media":2928,"comment_status":"open","ping_status":"closed","template":"","meta":{"_acf_changed":false},"product_cat":[50],"product_tag":[261],"class_list":{"0":"post-2927","1":"product","2":"type-product","3":"status-publish","4":"has-post-thumbnail","6":"product_cat-gravity-forms","7":"product_tag-durango","9":"first","10":"instock","11":"featured","12":"shipping-taxable","13":"purchasable","14":"product-type-simple"},"acf":[],"_links":{"self":[{"href":"https:\/\/wpayo.com\/fr\/wp-json\/wp\/v2\/product\/2927","targetHints":{"allow":["GET"]}}],"collection":[{"href":"https:\/\/wpayo.com\/fr\/wp-json\/wp\/v2\/product"}],"about":[{"href":"https:\/\/wpayo.com\/fr\/wp-json\/wp\/v2\/types\/product"}],"replies":[{"embeddable":true,"href":"https:\/\/wpayo.com\/fr\/wp-json\/wp\/v2\/comments?post=2927"}],"wp:featuredmedia":[{"embeddable":true,"href":"https:\/\/wpayo.com\/fr\/wp-json\/wp\/v2\/media\/2928"}],"wp:attachment":[{"href":"https:\/\/wpayo.com\/fr\/wp-json\/wp\/v2\/media?parent=2927"}],"wp:term":[{"taxonomy":"product_cat","embeddable":true,"href":"https:\/\/wpayo.com\/fr\/wp-json\/wp\/v2\/product_cat?post=2927"},{"taxonomy":"product_tag","embeddable":true,"href":"https:\/\/wpayo.com\/fr\/wp-json\/wp\/v2\/product_tag?post=2927"}],"curies":[{"name":"wp","href":"https:\/\/api.w.org\/{rel}","templated":true}]}}